{"id":26841,"date":"2024-12-08T18:54:02","date_gmt":"2024-12-08T21:54:02","guid":{"rendered":"https:\/\/gamestore.com.uy\/store\/?post_type=product&#038;p=26841"},"modified":"2024-12-08T18:54:02","modified_gmt":"2024-12-08T21:54:02","slug":"pelota-magica-voladora-spinner-drone-juguetes-con-luces-recargable-rosada","status":"publish","type":"product","link":"https:\/\/gamestore.com.uy\/store\/producto\/pelota-magica-voladora-spinner-drone-juguetes-con-luces-recargable-rosada\/","title":{"rendered":"Pelota M\u00e1gica Voladora Spinner Drone Juguetes con Luces Recargable Rosada"},"content":{"rendered":"<p>Ideal para ni\u00f1os y jovenes para que pasen un rato agradable y como regalo perfecto para la diversi\u00f3n entre amigos y familiares<\/p>\n","protected":false},"excerpt":{"rendered":"<p>Ideal para ni\u00f1os y jovenes para que pasen un rato agradable y como regalo perfecto para la diversi\u00f3n entre amigos y familiares<\/p>\n","protected":false},"featured_media":26842,"template":"","meta":[],"pwb-brand":[],"product_brand":[],"product_cat":[132,183,131],"product_tag":[1154,1151,436,1118,1150,1153],"class_list":{"0":"post-26841","1":"product","2":"type-product","3":"status-publish","4":"has-post-thumbnail","6":"product_cat-airelibre","7":"product_cat-deportes","8":"product_cat-juguetes","9":"product_tag-bola","10":"product_tag-boomerang","11":"product_tag-luces","12":"product_tag-pelota","13":"product_tag-spinner","14":"product_tag-volador","16":"first","17":"instock","18":"shipping-taxable","19":"purchasable","20":"product-type-simple"},"brands":[],"_links":{"self":[{"href":"https:\/\/gamestore.com.uy\/store\/wp-json\/wp\/v2\/product\/26841","targetHints":{"allow":["GET"]}}],"collection":[{"href":"https:\/\/gamestore.com.uy\/store\/wp-json\/wp\/v2\/product"}],"about":[{"href":"https:\/\/gamestore.com.uy\/store\/wp-json\/wp\/v2\/types\/product"}],"version-history":[{"count":1,"href":"https:\/\/gamestore.com.uy\/store\/wp-json\/wp\/v2\/product\/26841\/revisions"}],"predecessor-version":[{"id":26848,"href":"https:\/\/gamestore.com.uy\/store\/wp-json\/wp\/v2\/product\/26841\/revisions\/26848"}],"wp:featuredmedia":[{"embeddable":true,"href":"https:\/\/gamestore.com.uy\/store\/wp-json\/wp\/v2\/media\/26842"}],"wp:attachment":[{"href":"https:\/\/gamestore.com.uy\/store\/wp-json\/wp\/v2\/media?parent=26841"}],"wp:term":[{"taxonomy":"pwb-brand","embeddable":true,"href":"https:\/\/gamestore.com.uy\/store\/wp-json\/wp\/v2\/pwb-brand?post=26841"},{"taxonomy":"product_brand","embeddable":true,"href":"https:\/\/gamestore.com.uy\/store\/wp-json\/wp\/v2\/product_brand?post=26841"},{"taxonomy":"product_cat","embeddable":true,"href":"https:\/\/gamestore.com.uy\/store\/wp-json\/wp\/v2\/product_cat?post=26841"},{"taxonomy":"product_tag","embeddable":true,"href":"https:\/\/gamestore.com.uy\/store\/wp-json\/wp\/v2\/product_tag?post=26841"}],"curies":[{"name":"wp","href":"https:\/\/api.w.org\/{rel}","templated":true}]}}