{"id":26900,"date":"2024-12-11T21:21:08","date_gmt":"2024-12-12T00:21:08","guid":{"rendered":"https:\/\/gamestore.com.uy\/store\/?post_type=product&#038;p=26900"},"modified":"2025-04-11T13:30:07","modified_gmt":"2025-04-11T16:30:07","slug":"set-de-princesa-corona-y-conjunto-de-joyas","status":"publish","type":"product","link":"https:\/\/gamestore.com.uy\/store\/producto\/set-de-princesa-corona-y-conjunto-de-joyas\/","title":{"rendered":"Set de Princesa Corona y Conjunto de Joyas"},"content":{"rendered":"<p>Regale a su peque\u00f1a princesa un juguete m\u00e1gico especial que seguramente captar\u00e1 su atenci\u00f3n y ella pasar\u00e1 su tiempo jugando con \u00e9l.<\/p>\n","protected":false},"excerpt":{"rendered":"<p>Regale a su peque\u00f1a princesa un juguete m\u00e1gico especial que seguramente captar\u00e1 su atenci\u00f3n y ella pasar\u00e1 su tiempo jugando con \u00e9l.<\/p>\n","protected":false},"featured_media":26901,"template":"","meta":[],"pwb-brand":[],"product_brand":[],"product_cat":[131,359],"product_tag":[775,754,1164,1163,563,559,547,1110,368,763],"class_list":{"0":"post-26900","1":"product","2":"type-product","3":"status-publish","4":"has-post-thumbnail","6":"product_cat-juguetes","7":"product_cat-oficios","8":"product_tag-accesorios","9":"product_tag-belleza","10":"product_tag-caravanas","11":"product_tag-coronas","12":"product_tag-disfraces","13":"product_tag-disfraz","14":"product_tag-maquillaje","15":"product_tag-nenas","16":"product_tag-ninas","17":"product_tag-princesas","19":"first","20":"instock","21":"shipping-taxable","22":"purchasable","23":"product-type-simple"},"brands":[],"_links":{"self":[{"href":"https:\/\/gamestore.com.uy\/store\/wp-json\/wp\/v2\/product\/26900","targetHints":{"allow":["GET"]}}],"collection":[{"href":"https:\/\/gamestore.com.uy\/store\/wp-json\/wp\/v2\/product"}],"about":[{"href":"https:\/\/gamestore.com.uy\/store\/wp-json\/wp\/v2\/types\/product"}],"version-history":[{"count":1,"href":"https:\/\/gamestore.com.uy\/store\/wp-json\/wp\/v2\/product\/26900\/revisions"}],"predecessor-version":[{"id":26902,"href":"https:\/\/gamestore.com.uy\/store\/wp-json\/wp\/v2\/product\/26900\/revisions\/26902"}],"wp:featuredmedia":[{"embeddable":true,"href":"https:\/\/gamestore.com.uy\/store\/wp-json\/wp\/v2\/media\/26901"}],"wp:attachment":[{"href":"https:\/\/gamestore.com.uy\/store\/wp-json\/wp\/v2\/media?parent=26900"}],"wp:term":[{"taxonomy":"pwb-brand","embeddable":true,"href":"https:\/\/gamestore.com.uy\/store\/wp-json\/wp\/v2\/pwb-brand?post=26900"},{"taxonomy":"product_brand","embeddable":true,"href":"https:\/\/gamestore.com.uy\/store\/wp-json\/wp\/v2\/product_brand?post=26900"},{"taxonomy":"product_cat","embeddable":true,"href":"https:\/\/gamestore.com.uy\/store\/wp-json\/wp\/v2\/product_cat?post=26900"},{"taxonomy":"product_tag","embeddable":true,"href":"https:\/\/gamestore.com.uy\/store\/wp-json\/wp\/v2\/product_tag?post=26900"}],"curies":[{"name":"wp","href":"https:\/\/api.w.org\/{rel}","templated":true}]}}