{"id":26994,"date":"2024-12-12T22:25:01","date_gmt":"2024-12-13T01:25:01","guid":{"rendered":"https:\/\/gamestore.com.uy\/store\/?post_type=product&#038;p=26994"},"modified":"2024-12-12T22:25:02","modified_gmt":"2024-12-13T01:25:02","slug":"set-de-masas-con-moldes-pelos-locos-plastilina","status":"publish","type":"product","link":"https:\/\/gamestore.com.uy\/store\/producto\/set-de-masas-con-moldes-pelos-locos-plastilina\/","title":{"rendered":"Set de Masas con Moldes Pelos Locos Plastilina"},"content":{"rendered":"<p>El conjunto contiene:<br \/>\n2 figuras de guardi\u00e1n<br \/>\nMasa pl\u00e1stica en 6 colores (25 g cada uno)<br \/>\n6 moldes cerrados: vaca, mono, panda, tigre, elefante, le\u00f3n<br \/>\nRodillo<br \/>\nUn cuchillo seguro<\/p>\n","protected":false},"excerpt":{"rendered":"<p>El conjunto contiene: 2 figuras de guardi\u00e1n Masa pl\u00e1stica en 6 colores (25 g cada uno) 6 moldes cerrados: vaca, mono, panda, tigre, elefante, le\u00f3n Rodillo Un cuchillo seguro<\/p>\n","protected":false},"featured_media":26995,"template":"","meta":[],"pwb-brand":[],"product_brand":[],"product_cat":[174,133,131],"product_tag":[584,1196,604,1011,1009,602,601],"class_list":{"0":"post-26994","1":"product","2":"type-product","3":"status-publish","4":"has-post-thumbnail","6":"product_cat-didacticos","7":"product_cat-juegos-mesa","8":"product_cat-juguetes","9":"product_tag-crea","10":"product_tag-creativo","11":"product_tag-masas","12":"product_tag-moldea","13":"product_tag-moldes","14":"product_tag-plasticina","15":"product_tag-plastilina","17":"first","18":"instock","19":"shipping-taxable","20":"purchasable","21":"product-type-simple"},"brands":[],"_links":{"self":[{"href":"https:\/\/gamestore.com.uy\/store\/wp-json\/wp\/v2\/product\/26994","targetHints":{"allow":["GET"]}}],"collection":[{"href":"https:\/\/gamestore.com.uy\/store\/wp-json\/wp\/v2\/product"}],"about":[{"href":"https:\/\/gamestore.com.uy\/store\/wp-json\/wp\/v2\/types\/product"}],"version-history":[{"count":1,"href":"https:\/\/gamestore.com.uy\/store\/wp-json\/wp\/v2\/product\/26994\/revisions"}],"predecessor-version":[{"id":27003,"href":"https:\/\/gamestore.com.uy\/store\/wp-json\/wp\/v2\/product\/26994\/revisions\/27003"}],"wp:featuredmedia":[{"embeddable":true,"href":"https:\/\/gamestore.com.uy\/store\/wp-json\/wp\/v2\/media\/26995"}],"wp:attachment":[{"href":"https:\/\/gamestore.com.uy\/store\/wp-json\/wp\/v2\/media?parent=26994"}],"wp:term":[{"taxonomy":"pwb-brand","embeddable":true,"href":"https:\/\/gamestore.com.uy\/store\/wp-json\/wp\/v2\/pwb-brand?post=26994"},{"taxonomy":"product_brand","embeddable":true,"href":"https:\/\/gamestore.com.uy\/store\/wp-json\/wp\/v2\/product_brand?post=26994"},{"taxonomy":"product_cat","embeddable":true,"href":"https:\/\/gamestore.com.uy\/store\/wp-json\/wp\/v2\/product_cat?post=26994"},{"taxonomy":"product_tag","embeddable":true,"href":"https:\/\/gamestore.com.uy\/store\/wp-json\/wp\/v2\/product_tag?post=26994"}],"curies":[{"name":"wp","href":"https:\/\/api.w.org\/{rel}","templated":true}]}}