{"id":27158,"date":"2024-12-30T21:53:45","date_gmt":"2024-12-31T00:53:45","guid":{"rendered":"https:\/\/gamestore.com.uy\/store\/?post_type=product&#038;p=27158"},"modified":"2025-09-02T17:03:06","modified_gmt":"2025-09-02T20:03:06","slug":"botella-de-agua-metalica-para-personalizar-stickrs-gemas-unicornios-manualidades","status":"publish","type":"product","link":"https:\/\/gamestore.com.uy\/store\/producto\/botella-de-agua-metalica-para-personalizar-stickrs-gemas-unicornios-manualidades\/","title":{"rendered":"Botella de Agua Met\u00e1lica para Personalizar Stickrs Gemas Unicornios Manualidades"},"content":{"rendered":"<p>botella de agua rosa, regalos de Navidad para ni\u00f1os, kits de manualidades para hacer t\u00fa mismo, a prueba de fugas, sin BPA, con pegatinas de gemas brillantes de diamantes de imitaci\u00f3n (rosa)<\/p>\n","protected":false},"excerpt":{"rendered":"<p>botella de agua rosa, regalos de Navidad para ni\u00f1os, kits de manualidades para hacer t\u00fa mismo, a prueba de fugas, sin BPA, con pegatinas de gemas brillantes de diamantes de imitaci\u00f3n (rosa)<\/p>\n","protected":false},"featured_media":27159,"template":"","meta":[],"pwb-brand":[],"product_brand":[],"product_cat":[131,359],"product_tag":[],"class_list":{"0":"post-27158","1":"product","2":"type-product","3":"status-publish","4":"has-post-thumbnail","6":"product_cat-juguetes","7":"product_cat-oficios","9":"first","10":"instock","11":"shipping-taxable","12":"purchasable","13":"product-type-simple"},"brands":[],"_links":{"self":[{"href":"https:\/\/gamestore.com.uy\/store\/wp-json\/wp\/v2\/product\/27158","targetHints":{"allow":["GET"]}}],"collection":[{"href":"https:\/\/gamestore.com.uy\/store\/wp-json\/wp\/v2\/product"}],"about":[{"href":"https:\/\/gamestore.com.uy\/store\/wp-json\/wp\/v2\/types\/product"}],"version-history":[{"count":1,"href":"https:\/\/gamestore.com.uy\/store\/wp-json\/wp\/v2\/product\/27158\/revisions"}],"predecessor-version":[{"id":27163,"href":"https:\/\/gamestore.com.uy\/store\/wp-json\/wp\/v2\/product\/27158\/revisions\/27163"}],"wp:featuredmedia":[{"embeddable":true,"href":"https:\/\/gamestore.com.uy\/store\/wp-json\/wp\/v2\/media\/27159"}],"wp:attachment":[{"href":"https:\/\/gamestore.com.uy\/store\/wp-json\/wp\/v2\/media?parent=27158"}],"wp:term":[{"taxonomy":"pwb-brand","embeddable":true,"href":"https:\/\/gamestore.com.uy\/store\/wp-json\/wp\/v2\/pwb-brand?post=27158"},{"taxonomy":"product_brand","embeddable":true,"href":"https:\/\/gamestore.com.uy\/store\/wp-json\/wp\/v2\/product_brand?post=27158"},{"taxonomy":"product_cat","embeddable":true,"href":"https:\/\/gamestore.com.uy\/store\/wp-json\/wp\/v2\/product_cat?post=27158"},{"taxonomy":"product_tag","embeddable":true,"href":"https:\/\/gamestore.com.uy\/store\/wp-json\/wp\/v2\/product_tag?post=27158"}],"curies":[{"name":"wp","href":"https:\/\/api.w.org\/{rel}","templated":true}]}}