{"id":27224,"date":"2024-12-30T23:16:53","date_gmt":"2024-12-31T02:16:53","guid":{"rendered":"https:\/\/gamestore.com.uy\/store\/?post_type=product&#038;p=27224"},"modified":"2024-12-30T23:16:53","modified_gmt":"2024-12-31T02:16:53","slug":"el-tren-de-los-numeros-didacta","status":"publish","type":"product","link":"https:\/\/gamestore.com.uy\/store\/producto\/el-tren-de-los-numeros-didacta\/","title":{"rendered":"El Tren de los N\u00fameros Didacta"},"content":{"rendered":"<p>Este juego, aporta beneficios desde razonamiento y aprendizaje, resoluci\u00f3n de problemas, desarrollo motriz y acercamiento a conceptos matem\u00e1ticos b\u00e1sicos.<br \/>\nAprender jugando es una hermosa forma de aprender!<\/p>\n","protected":false},"excerpt":{"rendered":"<p>Este juego, aporta beneficios desde razonamiento y aprendizaje, resoluci\u00f3n de problemas, desarrollo motriz y acercamiento a conceptos matem\u00e1ticos b\u00e1sicos. Aprender jugando es una hermosa forma de aprender!<\/p>\n","protected":false},"featured_media":27225,"template":"","meta":[],"pwb-brand":[],"product_brand":[],"product_cat":[133,131],"product_tag":[569,610],"class_list":{"0":"post-27224","1":"product","2":"type-product","3":"status-publish","4":"has-post-thumbnail","6":"product_cat-juegos-mesa","7":"product_cat-juguetes","8":"product_tag-aprendizaje","9":"product_tag-puzzle","11":"first","12":"instock","13":"shipping-taxable","14":"purchasable","15":"product-type-simple"},"brands":[],"_links":{"self":[{"href":"https:\/\/gamestore.com.uy\/store\/wp-json\/wp\/v2\/product\/27224","targetHints":{"allow":["GET"]}}],"collection":[{"href":"https:\/\/gamestore.com.uy\/store\/wp-json\/wp\/v2\/product"}],"about":[{"href":"https:\/\/gamestore.com.uy\/store\/wp-json\/wp\/v2\/types\/product"}],"version-history":[{"count":1,"href":"https:\/\/gamestore.com.uy\/store\/wp-json\/wp\/v2\/product\/27224\/revisions"}],"predecessor-version":[{"id":27226,"href":"https:\/\/gamestore.com.uy\/store\/wp-json\/wp\/v2\/product\/27224\/revisions\/27226"}],"wp:featuredmedia":[{"embeddable":true,"href":"https:\/\/gamestore.com.uy\/store\/wp-json\/wp\/v2\/media\/27225"}],"wp:attachment":[{"href":"https:\/\/gamestore.com.uy\/store\/wp-json\/wp\/v2\/media?parent=27224"}],"wp:term":[{"taxonomy":"pwb-brand","embeddable":true,"href":"https:\/\/gamestore.com.uy\/store\/wp-json\/wp\/v2\/pwb-brand?post=27224"},{"taxonomy":"product_brand","embeddable":true,"href":"https:\/\/gamestore.com.uy\/store\/wp-json\/wp\/v2\/product_brand?post=27224"},{"taxonomy":"product_cat","embeddable":true,"href":"https:\/\/gamestore.com.uy\/store\/wp-json\/wp\/v2\/product_cat?post=27224"},{"taxonomy":"product_tag","embeddable":true,"href":"https:\/\/gamestore.com.uy\/store\/wp-json\/wp\/v2\/product_tag?post=27224"}],"curies":[{"name":"wp","href":"https:\/\/api.w.org\/{rel}","templated":true}]}}