{"id":27419,"date":"2025-03-07T11:46:44","date_gmt":"2025-03-07T14:46:44","guid":{"rendered":"https:\/\/gamestore.com.uy\/store\/?post_type=product&#038;p=27419"},"modified":"2025-03-07T11:46:45","modified_gmt":"2025-03-07T14:46:45","slug":"camara-web-philips-p106","status":"publish","type":"product","link":"https:\/\/gamestore.com.uy\/store\/producto\/camara-web-philips-p106\/","title":{"rendered":"Camara Web Philips P106"},"content":{"rendered":"<p>C\u00e1mara web profesional.<br \/>\nLa nueva c\u00e1mara web de Philips con salida de v\u00eddeo HD de 720p a 30 fps le ofrece una claridad sorprendente e im\u00e1genes m\u00e1s n\u00edtidas.<\/p>\n<p>Captura de voz sin ruido.<br \/>\nViene con captaci\u00f3n de voz sin ruido, ahora su sonido se puede capturar de manera m\u00e1s efectiva y genera un sonido natural para sus espectadores.<\/p>\n<p>Iluminaci\u00f3n autom\u00e1tica, campo de visi\u00f3n m\u00e1s amplio.<br \/>\nCon funci\u00f3n avanzada de iluminaci\u00f3n autom\u00e1tica, enfoque fijo y campo de visi\u00f3n m\u00e1s amplio, brinda captura de video m\u00e1s brillante y eficiente incluso en condiciones de poca iluminaci\u00f3n.<\/p>\n<p>F\u00e1cil instalaci\u00f3n.<br \/>\nEl perfil plug and play le permite instalar la c\u00e1mara web sin problemas, no se necesita instalaci\u00f3n de controlador\/software, compatible con Windows, MacOS y Linux.<\/p>\n","protected":false},"excerpt":{"rendered":"<p>C\u00e1mara web profesional. La nueva c\u00e1mara web de Philips con salida de v\u00eddeo HD de 720p a 30 fps le ofrece una claridad sorprendente e im\u00e1genes m\u00e1s n\u00edtidas. Captura de voz sin ruido. Viene con captaci\u00f3n de voz sin ruido, ahora su sonido se puede capturar de manera m\u00e1s efectiva y genera un sonido natural [&hellip;]<\/p>\n","protected":false},"featured_media":27420,"template":"","meta":[],"pwb-brand":[],"product_brand":[],"product_cat":[245,130,291],"product_tag":[1098,446,1218,1216,1217],"class_list":{"0":"post-27419","1":"product","2":"type-product","3":"status-publish","4":"has-post-thumbnail","6":"product_cat-audio-video","7":"product_cat-informatica","8":"product_cat-notebook-accesorios","9":"product_tag-camaras","10":"product_tag-microfono","11":"product_tag-teletrabajo","12":"product_tag-webcam","13":"product_tag-zoom","15":"first","16":"instock","17":"shipping-taxable","18":"purchasable","19":"product-type-simple"},"brands":[],"_links":{"self":[{"href":"https:\/\/gamestore.com.uy\/store\/wp-json\/wp\/v2\/product\/27419","targetHints":{"allow":["GET"]}}],"collection":[{"href":"https:\/\/gamestore.com.uy\/store\/wp-json\/wp\/v2\/product"}],"about":[{"href":"https:\/\/gamestore.com.uy\/store\/wp-json\/wp\/v2\/types\/product"}],"version-history":[{"count":1,"href":"https:\/\/gamestore.com.uy\/store\/wp-json\/wp\/v2\/product\/27419\/revisions"}],"predecessor-version":[{"id":27423,"href":"https:\/\/gamestore.com.uy\/store\/wp-json\/wp\/v2\/product\/27419\/revisions\/27423"}],"wp:featuredmedia":[{"embeddable":true,"href":"https:\/\/gamestore.com.uy\/store\/wp-json\/wp\/v2\/media\/27420"}],"wp:attachment":[{"href":"https:\/\/gamestore.com.uy\/store\/wp-json\/wp\/v2\/media?parent=27419"}],"wp:term":[{"taxonomy":"pwb-brand","embeddable":true,"href":"https:\/\/gamestore.com.uy\/store\/wp-json\/wp\/v2\/pwb-brand?post=27419"},{"taxonomy":"product_brand","embeddable":true,"href":"https:\/\/gamestore.com.uy\/store\/wp-json\/wp\/v2\/product_brand?post=27419"},{"taxonomy":"product_cat","embeddable":true,"href":"https:\/\/gamestore.com.uy\/store\/wp-json\/wp\/v2\/product_cat?post=27419"},{"taxonomy":"product_tag","embeddable":true,"href":"https:\/\/gamestore.com.uy\/store\/wp-json\/wp\/v2\/product_tag?post=27419"}],"curies":[{"name":"wp","href":"https:\/\/api.w.org\/{rel}","templated":true}]}}