{"id":27461,"date":"2025-03-07T14:39:45","date_gmt":"2025-03-07T17:39:45","guid":{"rendered":"https:\/\/gamestore.com.uy\/store\/?post_type=product&#038;p=27461"},"modified":"2025-03-07T14:57:51","modified_gmt":"2025-03-07T17:57:51","slug":"parlante-portatil-bluetooth-rgb-xo-f57","status":"publish","type":"product","link":"https:\/\/gamestore.com.uy\/store\/producto\/parlante-portatil-bluetooth-rgb-xo-f57\/","title":{"rendered":"Parlante Portatil Bluetooth RGB XO-F57"},"content":{"rendered":"<p>Distancia de transmisi\u00f3n: 10-15m, Respuesta de frecuencia: 60Hz\uff5e18KHz, Potencia de transmisi\u00f3n: 73dB, Capacidad de la bater\u00eda: 1500mAH, 3.7V, Tiempo de m\u00fasica: Aproximadamente 2 horas, Tiempo de carga: 2 horas, Est\u00e1ndar de carga de entrada: DC 5V, Potencia nominal: 10W, Tama\u00f1o: 90x 83x 140mm, Peso: 439g, Color: Negro<\/p>\n","protected":false},"excerpt":{"rendered":"<p>Distancia de transmisi\u00f3n: 10-15m, Respuesta de frecuencia: 60Hz\uff5e18KHz, Potencia de transmisi\u00f3n: 73dB, Capacidad de la bater\u00eda: 1500mAH, 3.7V, Tiempo de m\u00fasica: Aproximadamente 2 horas, Tiempo de carga: 2 horas, Est\u00e1ndar de carga de entrada: DC 5V, Potencia nominal: 10W, Tama\u00f1o: 90x 83x 140mm, Peso: 439g, Color: Negro<\/p>\n","protected":false},"featured_media":27473,"template":"","meta":[],"pwb-brand":[689],"product_brand":[],"product_cat":[504,292,505,247,245,502,246,507],"product_tag":[1226,251,450,432,449,1225],"class_list":{"0":"post-27461","1":"product","2":"type-product","3":"status-publish","4":"has-post-thumbnail","6":"pwb-brand-xo","7":"product_cat-accesorios-celulares","8":"product_cat-audio-gaming","9":"product_cat-audio","10":"product_cat-audio-hogar","11":"product_cat-audio-video","12":"product_cat-celulares","13":"product_cat-hogar","14":"product_cat-parlantes","15":"product_tag-altavoz","16":"product_tag-bluetooth","17":"product_tag-inalambrico","18":"product_tag-musica","19":"product_tag-parlante","20":"product_tag-portatil","22":"first","23":"instock","24":"shipping-taxable","25":"purchasable","26":"product-type-simple"},"brands":[{"id":689,"name":"XO","slug":"xo"}],"_links":{"self":[{"href":"https:\/\/gamestore.com.uy\/store\/wp-json\/wp\/v2\/product\/27461","targetHints":{"allow":["GET"]}}],"collection":[{"href":"https:\/\/gamestore.com.uy\/store\/wp-json\/wp\/v2\/product"}],"about":[{"href":"https:\/\/gamestore.com.uy\/store\/wp-json\/wp\/v2\/types\/product"}],"version-history":[{"count":1,"href":"https:\/\/gamestore.com.uy\/store\/wp-json\/wp\/v2\/product\/27461\/revisions"}],"predecessor-version":[{"id":27467,"href":"https:\/\/gamestore.com.uy\/store\/wp-json\/wp\/v2\/product\/27461\/revisions\/27467"}],"wp:featuredmedia":[{"embeddable":true,"href":"https:\/\/gamestore.com.uy\/store\/wp-json\/wp\/v2\/media\/27473"}],"wp:attachment":[{"href":"https:\/\/gamestore.com.uy\/store\/wp-json\/wp\/v2\/media?parent=27461"}],"wp:term":[{"taxonomy":"pwb-brand","embeddable":true,"href":"https:\/\/gamestore.com.uy\/store\/wp-json\/wp\/v2\/pwb-brand?post=27461"},{"taxonomy":"product_brand","embeddable":true,"href":"https:\/\/gamestore.com.uy\/store\/wp-json\/wp\/v2\/product_brand?post=27461"},{"taxonomy":"product_cat","embeddable":true,"href":"https:\/\/gamestore.com.uy\/store\/wp-json\/wp\/v2\/product_cat?post=27461"},{"taxonomy":"product_tag","embeddable":true,"href":"https:\/\/gamestore.com.uy\/store\/wp-json\/wp\/v2\/product_tag?post=27461"}],"curies":[{"name":"wp","href":"https:\/\/api.w.org\/{rel}","templated":true}]}}