{"id":27692,"date":"2025-03-15T15:44:47","date_gmt":"2025-03-15T18:44:47","guid":{"rendered":"https:\/\/gamestore.com.uy\/store\/?post_type=product&#038;p=27692"},"modified":"2025-12-20T18:02:37","modified_gmt":"2025-12-20T21:02:37","slug":"dreams-2-fantasias-pesadillas-juego-de-mesa","status":"publish","type":"product","link":"https:\/\/gamestore.com.uy\/store\/producto\/dreams-2-fantasias-pesadillas-juego-de-mesa\/","title":{"rendered":"Dreams 2 Fantasias\/ Pesadillas  Juego de Mesa 8+"},"content":{"rendered":"<p>Desata tu imaginaci\u00f3n y deja que tus fantas\u00edas te lleven a otra dimensi\u00f3n y que tus pesadillas queden guardadas en un lugar adonde nunca quieras volver.<\/p>\n<p>Las tarjetas de Dreams 2 se pueden combinar con las de Dreams para expandir la posibilidad de juego.<\/p>\n<p>Contenidos:<\/p>\n<p>&#8211; 90 tarjetas con ilustraciones.<\/p>\n<p>&#8211; 1 tablero.<\/p>\n<p>&#8211; 6 peones.<\/p>\n<p>&#8211; 36 tarjetas de votaci\u00f3n.<\/p>\n<p>&#8211; Instrucciones.<\/p>\n","protected":false},"excerpt":{"rendered":"<p>Desata tu imaginaci\u00f3n y deja que tus fantas\u00edas te lleven a otra dimensi\u00f3n y que tus pesadillas queden guardadas en un lugar adonde nunca quieras volver. Las tarjetas de Dreams 2 se pueden combinar con las de Dreams para expandir la posibilidad de juego. Contenidos: &#8211; 90 tarjetas con ilustraciones. &#8211; 1 tablero. &#8211; 6 [&hellip;]<\/p>\n","protected":false},"featured_media":27694,"template":"","meta":[],"pwb-brand":[],"product_brand":[],"product_cat":[133,131],"product_tag":[783,367,1275],"class_list":{"0":"post-27692","1":"product","2":"type-product","3":"status-publish","4":"has-post-thumbnail","6":"product_cat-juegos-mesa","7":"product_cat-juguetes","8":"product_tag-juegos","9":"product_tag-ninos","10":"product_tag-roll","12":"first","13":"instock","14":"shipping-taxable","15":"purchasable","16":"product-type-simple"},"brands":[],"_links":{"self":[{"href":"https:\/\/gamestore.com.uy\/store\/wp-json\/wp\/v2\/product\/27692","targetHints":{"allow":["GET"]}}],"collection":[{"href":"https:\/\/gamestore.com.uy\/store\/wp-json\/wp\/v2\/product"}],"about":[{"href":"https:\/\/gamestore.com.uy\/store\/wp-json\/wp\/v2\/types\/product"}],"version-history":[{"count":2,"href":"https:\/\/gamestore.com.uy\/store\/wp-json\/wp\/v2\/product\/27692\/revisions"}],"predecessor-version":[{"id":27699,"href":"https:\/\/gamestore.com.uy\/store\/wp-json\/wp\/v2\/product\/27692\/revisions\/27699"}],"wp:featuredmedia":[{"embeddable":true,"href":"https:\/\/gamestore.com.uy\/store\/wp-json\/wp\/v2\/media\/27694"}],"wp:attachment":[{"href":"https:\/\/gamestore.com.uy\/store\/wp-json\/wp\/v2\/media?parent=27692"}],"wp:term":[{"taxonomy":"pwb-brand","embeddable":true,"href":"https:\/\/gamestore.com.uy\/store\/wp-json\/wp\/v2\/pwb-brand?post=27692"},{"taxonomy":"product_brand","embeddable":true,"href":"https:\/\/gamestore.com.uy\/store\/wp-json\/wp\/v2\/product_brand?post=27692"},{"taxonomy":"product_cat","embeddable":true,"href":"https:\/\/gamestore.com.uy\/store\/wp-json\/wp\/v2\/product_cat?post=27692"},{"taxonomy":"product_tag","embeddable":true,"href":"https:\/\/gamestore.com.uy\/store\/wp-json\/wp\/v2\/product_tag?post=27692"}],"curies":[{"name":"wp","href":"https:\/\/api.w.org\/{rel}","templated":true}]}}