{"id":27777,"date":"2025-04-04T15:38:00","date_gmt":"2025-04-04T18:38:00","guid":{"rendered":"https:\/\/gamestore.com.uy\/store\/?post_type=product&#038;p=27777"},"modified":"2025-04-04T15:38:06","modified_gmt":"2025-04-04T18:38:06","slug":"vasitos-apilables-topa-topa-didacta","status":"publish","type":"product","link":"https:\/\/gamestore.com.uy\/store\/producto\/vasitos-apilables-topa-topa-didacta\/","title":{"rendered":"Vasitos Apilables Topa Topa Didacta"},"content":{"rendered":"<p>Jug\u00e1 y Divertite apilando los 8 vasitos de la l\u00ednea Topa Topa; los juguetes did\u00e1cticos que introducen al ni\u00f1o en el mundo de las formas, los colores y el juego estimulando su curiosidad, habilidad manual y sus sentidos. Dise\u00f1ados con formas redondeadas y materiales de calidad y resistencia, estudiados para garantizar la seguridad del ni\u00f1o. Didacta con Topa Topa inicia a ni\u00f1os y ni\u00f1as en el mundo del juguete incentivando el desarrollo de sus capacidades.<\/p>\n","protected":false},"excerpt":{"rendered":"<p>Jug\u00e1 y Divertite apilando los 8 vasitos de la l\u00ednea Topa Topa; los juguetes did\u00e1cticos que introducen al ni\u00f1o en el mundo de las formas, los colores y el juego estimulando su curiosidad, habilidad manual y sus sentidos. Dise\u00f1ados con formas redondeadas y materiales de calidad y resistencia, estudiados para garantizar la seguridad del ni\u00f1o. [&hellip;]<\/p>\n","protected":false},"featured_media":27778,"template":"","meta":[],"pwb-brand":[],"product_brand":[],"product_cat":[174,131,134],"product_tag":[1292,435,395,806,567,597,1291],"class_list":{"0":"post-27777","1":"product","2":"type-product","3":"status-publish","4":"has-post-thumbnail","6":"product_cat-didacticos","7":"product_cat-juguetes","8":"product_cat-juguetesbb","9":"product_tag-1292","10":"product_tag-bebe","11":"product_tag-colores","12":"product_tag-formas","13":"product_tag-numeros","14":"product_tag-primera-infancia","15":"product_tag-torre","17":"first","18":"instock","19":"shipping-taxable","20":"purchasable","21":"product-type-simple"},"brands":[],"_links":{"self":[{"href":"https:\/\/gamestore.com.uy\/store\/wp-json\/wp\/v2\/product\/27777","targetHints":{"allow":["GET"]}}],"collection":[{"href":"https:\/\/gamestore.com.uy\/store\/wp-json\/wp\/v2\/product"}],"about":[{"href":"https:\/\/gamestore.com.uy\/store\/wp-json\/wp\/v2\/types\/product"}],"version-history":[{"count":1,"href":"https:\/\/gamestore.com.uy\/store\/wp-json\/wp\/v2\/product\/27777\/revisions"}],"predecessor-version":[{"id":27779,"href":"https:\/\/gamestore.com.uy\/store\/wp-json\/wp\/v2\/product\/27777\/revisions\/27779"}],"wp:featuredmedia":[{"embeddable":true,"href":"https:\/\/gamestore.com.uy\/store\/wp-json\/wp\/v2\/media\/27778"}],"wp:attachment":[{"href":"https:\/\/gamestore.com.uy\/store\/wp-json\/wp\/v2\/media?parent=27777"}],"wp:term":[{"taxonomy":"pwb-brand","embeddable":true,"href":"https:\/\/gamestore.com.uy\/store\/wp-json\/wp\/v2\/pwb-brand?post=27777"},{"taxonomy":"product_brand","embeddable":true,"href":"https:\/\/gamestore.com.uy\/store\/wp-json\/wp\/v2\/product_brand?post=27777"},{"taxonomy":"product_cat","embeddable":true,"href":"https:\/\/gamestore.com.uy\/store\/wp-json\/wp\/v2\/product_cat?post=27777"},{"taxonomy":"product_tag","embeddable":true,"href":"https:\/\/gamestore.com.uy\/store\/wp-json\/wp\/v2\/product_tag?post=27777"}],"curies":[{"name":"wp","href":"https:\/\/api.w.org\/{rel}","templated":true}]}}