{"id":27780,"date":"2025-04-04T16:34:55","date_gmt":"2025-04-04T19:34:55","guid":{"rendered":"https:\/\/gamestore.com.uy\/store\/?post_type=product&#038;p=27780"},"modified":"2025-04-04T16:34:56","modified_gmt":"2025-04-04T19:34:56","slug":"pelota-soft-topa-topa-didacta-22cms-suave","status":"publish","type":"product","link":"https:\/\/gamestore.com.uy\/store\/producto\/pelota-soft-topa-topa-didacta-22cms-suave\/","title":{"rendered":"Pelota Soft Topa Topa Didacta 22cms Suave"},"content":{"rendered":"<p>\u00a1Con la l\u00ednea TopaTopa Baby estimul\u00e1 y entreten\u00e9 a los m\u00e1s peque\u00f1os de la casa! Esta pelota anat\u00f3mica, suave y atractiva con costuras resistentes es ideal para los primeros juegos en el piso de los beb\u00e9s estimulando as\u00ed todos sus sentidos.<\/p>\n","protected":false},"excerpt":{"rendered":"<p>\u00a1Con la l\u00ednea TopaTopa Baby estimul\u00e1 y entreten\u00e9 a los m\u00e1s peque\u00f1os de la casa! Esta pelota anat\u00f3mica, suave y atractiva con costuras resistentes es ideal para los primeros juegos en el piso de los beb\u00e9s estimulando as\u00ed todos sus sentidos.<\/p>\n","protected":false},"featured_media":27782,"template":"","meta":[],"pwb-brand":[],"product_brand":[],"product_cat":[132,183,174,131,134],"product_tag":[435,1293,1012,1167,597,622],"class_list":{"0":"post-27780","1":"product","2":"type-product","3":"status-publish","4":"has-post-thumbnail","6":"product_cat-airelibre","7":"product_cat-deportes","8":"product_cat-didacticos","9":"product_cat-juguetes","10":"product_cat-juguetesbb","11":"product_tag-bebe","12":"product_tag-blanda","13":"product_tag-futbol","14":"product_tag-pelotas","15":"product_tag-primera-infancia","16":"product_tag-suave","18":"first","19":"instock","20":"shipping-taxable","21":"purchasable","22":"product-type-simple"},"brands":[],"_links":{"self":[{"href":"https:\/\/gamestore.com.uy\/store\/wp-json\/wp\/v2\/product\/27780","targetHints":{"allow":["GET"]}}],"collection":[{"href":"https:\/\/gamestore.com.uy\/store\/wp-json\/wp\/v2\/product"}],"about":[{"href":"https:\/\/gamestore.com.uy\/store\/wp-json\/wp\/v2\/types\/product"}],"version-history":[{"count":1,"href":"https:\/\/gamestore.com.uy\/store\/wp-json\/wp\/v2\/product\/27780\/revisions"}],"predecessor-version":[{"id":27783,"href":"https:\/\/gamestore.com.uy\/store\/wp-json\/wp\/v2\/product\/27780\/revisions\/27783"}],"wp:featuredmedia":[{"embeddable":true,"href":"https:\/\/gamestore.com.uy\/store\/wp-json\/wp\/v2\/media\/27782"}],"wp:attachment":[{"href":"https:\/\/gamestore.com.uy\/store\/wp-json\/wp\/v2\/media?parent=27780"}],"wp:term":[{"taxonomy":"pwb-brand","embeddable":true,"href":"https:\/\/gamestore.com.uy\/store\/wp-json\/wp\/v2\/pwb-brand?post=27780"},{"taxonomy":"product_brand","embeddable":true,"href":"https:\/\/gamestore.com.uy\/store\/wp-json\/wp\/v2\/product_brand?post=27780"},{"taxonomy":"product_cat","embeddable":true,"href":"https:\/\/gamestore.com.uy\/store\/wp-json\/wp\/v2\/product_cat?post=27780"},{"taxonomy":"product_tag","embeddable":true,"href":"https:\/\/gamestore.com.uy\/store\/wp-json\/wp\/v2\/product_tag?post=27780"}],"curies":[{"name":"wp","href":"https:\/\/api.w.org\/{rel}","templated":true}]}}