{"id":28044,"date":"2025-06-06T13:18:40","date_gmt":"2025-06-06T16:18:40","guid":{"rendered":"https:\/\/gamestore.com.uy\/store\/?post_type=product&#038;p=28044"},"modified":"2025-06-06T13:18:42","modified_gmt":"2025-06-06T16:18:42","slug":"auriculares-bluetooth-inalambricos-xo-g33-doble-microfono-cancelacion-de-ruidos-ancenc","status":"publish","type":"product","link":"https:\/\/gamestore.com.uy\/store\/producto\/auriculares-bluetooth-inalambricos-xo-g33-doble-microfono-cancelacion-de-ruidos-ancenc\/","title":{"rendered":"Auriculares Bluetooth Inal\u00e1mbricos XO-G33 doble micr\u00f3fono Cancelaci\u00f3n de Ruidos ANC+ENC"},"content":{"rendered":"<p>Tipo de producto: Auriculares Bluetooth TWS<br \/>\n\u25a0Programa Bluetooth: JL7003D8 Jerry<br \/>\n\u25a0Versi\u00f3n Bluetooth: 5.4<br \/>\n\u25a0Sistema de sonido: est\u00e9reo<br \/>\n\u25a0Modo de control: t\u00e1ctil<br \/>\n\u25a0Bater\u00eda incorporada: bater\u00eda de litio de los auriculares 3.7V\/35mAh estuche: pol\u00edmero de 3.7V\/400mAh<br \/>\n\u25a0Est\u00e1ndar de entrada de carga: DC5V-1A<br \/>\n\u25a0Tiempo de reproducci\u00f3n de m\u00fasica: aproximadamente 6 horas (60% volumen)<br \/>\n\u25a0Tiempo de carga: tiempo de carga de los auriculares: aproximadamente 1.5 horas. Tiempo de carga: aproximadamente 2 horas.<br \/>\n\u25a0Tiempo de conversaci\u00f3n: aproximadamente 3 horas<br \/>\n\u25a0Admite cancelaci\u00f3n de ruido: ANC +ENC; \u25a0 Profundidad 18-25 dB<br \/>\n\u25a0 Distancia efectiva de Bluetooth: \u2265 10 metros<br \/>\n\u25a0 Potencia m\u00e1xima de los auriculares: 3 mW<br \/>\n\u25a0 Curva de sensibilidad del altavoz: 118 dB \u00b13 dB (a 1 kHz)<br \/>\n\u25a0 Sensibilidad del micr\u00f3fono: micr\u00f3fono de silicona -38 dB \u00b1 3 dB<br \/>\n\u25a0 Respuesta de frecuencia: 20 Hz ~ 20 kHz<br \/>\n\u25a0 Altavoz: 13 mm 32 ohmios<br \/>\n\u25a0 Potencia m\u00e1xima de transmisi\u00f3n: 1,66 dBi<br \/>\n\u25a0 Compatibilidad con el protocolo Bluetooth: A2DP, AVDTP, AVRCP, RFCOMM, HFP, HSP, SPP<br \/>\n\u25a0 Frecuencia de funcionamiento de Bluetooth: 2,402 GHz-2,480 GHz<br \/>\n\u25a0 Nivel de potencia de radiofrecuencia de los auriculares: Clase 2<br \/>\n\u25a0 Indicaciones de voz: Ingl\u00e9s predeterminado<br \/>\n\u25a0 Material del producto: ABS<br \/>\n\u25a0 Tama\u00f1o del producto: 61,9*29,3*51 mm<\/p>\n","protected":false},"excerpt":{"rendered":"<p>Tipo de producto: Auriculares Bluetooth TWS \u25a0Programa Bluetooth: JL7003D8 Jerry \u25a0Versi\u00f3n Bluetooth: 5.4 \u25a0Sistema de sonido: est\u00e9reo \u25a0Modo de control: t\u00e1ctil \u25a0Bater\u00eda incorporada: bater\u00eda de litio de los auriculares 3.7V\/35mAh estuche: pol\u00edmero de 3.7V\/400mAh \u25a0Est\u00e1ndar de entrada de carga: DC5V-1A \u25a0Tiempo de reproducci\u00f3n de m\u00fasica: aproximadamente 6 horas (60% volumen) \u25a0Tiempo de carga: tiempo de [&hellip;]<\/p>\n","protected":false},"featured_media":28045,"template":"","meta":[],"pwb-brand":[689],"product_brand":[],"product_cat":[504,512,505,245,515],"product_tag":[1219,444,465,251,1346,1348,1349,1347],"class_list":{"0":"post-28044","1":"product","2":"type-product","3":"status-publish","4":"has-post-thumbnail","6":"pwb-brand-xo","7":"product_cat-accesorios-celulares","8":"product_cat-audifonos","9":"product_cat-audio","10":"product_cat-audio-video","11":"product_cat-headphone","12":"product_tag-audifonos","13":"product_tag-auricular","14":"product_tag-auriculares","15":"product_tag-bluetooth","16":"product_tag-cancelacion","17":"product_tag-cuero","18":"product_tag-inalambricos","19":"product_tag-ruidos","21":"first","22":"instock","23":"shipping-taxable","24":"purchasable","25":"product-type-simple"},"brands":[{"id":689,"name":"XO","slug":"xo"}],"_links":{"self":[{"href":"https:\/\/gamestore.com.uy\/store\/wp-json\/wp\/v2\/product\/28044","targetHints":{"allow":["GET"]}}],"collection":[{"href":"https:\/\/gamestore.com.uy\/store\/wp-json\/wp\/v2\/product"}],"about":[{"href":"https:\/\/gamestore.com.uy\/store\/wp-json\/wp\/v2\/types\/product"}],"version-history":[{"count":1,"href":"https:\/\/gamestore.com.uy\/store\/wp-json\/wp\/v2\/product\/28044\/revisions"}],"predecessor-version":[{"id":28047,"href":"https:\/\/gamestore.com.uy\/store\/wp-json\/wp\/v2\/product\/28044\/revisions\/28047"}],"wp:featuredmedia":[{"embeddable":true,"href":"https:\/\/gamestore.com.uy\/store\/wp-json\/wp\/v2\/media\/28045"}],"wp:attachment":[{"href":"https:\/\/gamestore.com.uy\/store\/wp-json\/wp\/v2\/media?parent=28044"}],"wp:term":[{"taxonomy":"pwb-brand","embeddable":true,"href":"https:\/\/gamestore.com.uy\/store\/wp-json\/wp\/v2\/pwb-brand?post=28044"},{"taxonomy":"product_brand","embeddable":true,"href":"https:\/\/gamestore.com.uy\/store\/wp-json\/wp\/v2\/product_brand?post=28044"},{"taxonomy":"product_cat","embeddable":true,"href":"https:\/\/gamestore.com.uy\/store\/wp-json\/wp\/v2\/product_cat?post=28044"},{"taxonomy":"product_tag","embeddable":true,"href":"https:\/\/gamestore.com.uy\/store\/wp-json\/wp\/v2\/product_tag?post=28044"}],"curies":[{"name":"wp","href":"https:\/\/api.w.org\/{rel}","templated":true}]}}