{"id":28048,"date":"2025-06-06T13:39:08","date_gmt":"2025-06-06T16:39:08","guid":{"rendered":"https:\/\/gamestore.com.uy\/store\/?post_type=product&#038;p=28048"},"modified":"2025-06-06T13:39:09","modified_gmt":"2025-06-06T16:39:09","slug":"palo-selfie-magnetico-stick-bluetooth-con-tripode","status":"publish","type":"product","link":"https:\/\/gamestore.com.uy\/store\/producto\/palo-selfie-magnetico-stick-bluetooth-con-tripode\/","title":{"rendered":"Palo Selfie Magn\u00e9tico Stick Bluetooth con Tr\u00edpode"},"content":{"rendered":"<p>\u00c9ste bast\u00f3n magnetico con apertura de hasta 41cms tambien se puede convertir  en un tr\u00edpode para sacar las mejores selfies<\/p>\n","protected":false},"excerpt":{"rendered":"<p>\u00c9ste bast\u00f3n magnetico con apertura de hasta 41cms tambien se puede convertir en un tr\u00edpode para sacar las mejores selfies<\/p>\n","protected":false},"featured_media":28049,"template":"","meta":[],"pwb-brand":[689],"product_brand":[],"product_cat":[504],"product_tag":[775,1350,1208,1092,250,564,1206,1207,1351,1220],"class_list":{"0":"post-28048","1":"product","2":"type-product","3":"status-publish","4":"has-post-thumbnail","6":"pwb-brand-xo","7":"product_cat-accesorios-celulares","8":"product_tag-accesorios","9":"product_tag-baston","10":"product_tag-celulares","11":"product_tag-fotos","12":"product_tag-iphone","13":"product_tag-magnetico","14":"product_tag-palo","15":"product_tag-palo-selfie","16":"product_tag-selfie","17":"product_tag-tripode","19":"first","20":"instock","21":"shipping-taxable","22":"purchasable","23":"product-type-simple"},"brands":[{"id":689,"name":"XO","slug":"xo"}],"_links":{"self":[{"href":"https:\/\/gamestore.com.uy\/store\/wp-json\/wp\/v2\/product\/28048","targetHints":{"allow":["GET"]}}],"collection":[{"href":"https:\/\/gamestore.com.uy\/store\/wp-json\/wp\/v2\/product"}],"about":[{"href":"https:\/\/gamestore.com.uy\/store\/wp-json\/wp\/v2\/types\/product"}],"version-history":[{"count":1,"href":"https:\/\/gamestore.com.uy\/store\/wp-json\/wp\/v2\/product\/28048\/revisions"}],"predecessor-version":[{"id":28054,"href":"https:\/\/gamestore.com.uy\/store\/wp-json\/wp\/v2\/product\/28048\/revisions\/28054"}],"wp:featuredmedia":[{"embeddable":true,"href":"https:\/\/gamestore.com.uy\/store\/wp-json\/wp\/v2\/media\/28049"}],"wp:attachment":[{"href":"https:\/\/gamestore.com.uy\/store\/wp-json\/wp\/v2\/media?parent=28048"}],"wp:term":[{"taxonomy":"pwb-brand","embeddable":true,"href":"https:\/\/gamestore.com.uy\/store\/wp-json\/wp\/v2\/pwb-brand?post=28048"},{"taxonomy":"product_brand","embeddable":true,"href":"https:\/\/gamestore.com.uy\/store\/wp-json\/wp\/v2\/product_brand?post=28048"},{"taxonomy":"product_cat","embeddable":true,"href":"https:\/\/gamestore.com.uy\/store\/wp-json\/wp\/v2\/product_cat?post=28048"},{"taxonomy":"product_tag","embeddable":true,"href":"https:\/\/gamestore.com.uy\/store\/wp-json\/wp\/v2\/product_tag?post=28048"}],"curies":[{"name":"wp","href":"https:\/\/api.w.org\/{rel}","templated":true}]}}