{"id":28055,"date":"2025-06-06T13:47:59","date_gmt":"2025-06-06T16:47:59","guid":{"rendered":"https:\/\/gamestore.com.uy\/store\/?post_type=product&#038;p=28055"},"modified":"2025-06-06T13:48:00","modified_gmt":"2025-06-06T16:48:00","slug":"lampara-ambiente-con-cargador-inalambrico","status":"publish","type":"product","link":"https:\/\/gamestore.com.uy\/store\/producto\/lampara-ambiente-con-cargador-inalambrico\/","title":{"rendered":"L\u00e1mpara Ambiente con Cargador Inal\u00e1mbrico"},"content":{"rendered":"<p>tel\u00e9fonos m\u00f3viles de la serie IPHONE12 a IPHONE13 y carga inal\u00e1mbrica para otros tel\u00e9fonos m\u00f3viles y dispositivos que admitan el protocolo de carga inal\u00e1mbrica<\/p>\n","protected":false},"excerpt":{"rendered":"<p>tel\u00e9fonos m\u00f3viles de la serie IPHONE12 a IPHONE13 y carga inal\u00e1mbrica para otros tel\u00e9fonos m\u00f3viles y dispositivos que admitan el protocolo de carga inal\u00e1mbrica<\/p>\n","protected":false},"featured_media":28056,"template":"","meta":[],"pwb-brand":[689],"product_brand":[],"product_cat":[504],"product_tag":[1353,775,382,1352,1208,1215,1349,250,957,1080,731,1003],"class_list":{"0":"post-28055","1":"product","2":"type-product","3":"status-publish","4":"has-post-thumbnail","6":"pwb-brand-xo","7":"product_cat-accesorios-celulares","8":"product_tag-acceaorios","9":"product_tag-accesorios","10":"product_tag-carga","11":"product_tag-cargador","12":"product_tag-celulares","13":"product_tag-escritorio","14":"product_tag-inalambricos","15":"product_tag-iphone","16":"product_tag-lampara","17":"product_tag-led","18":"product_tag-luz","19":"product_tag-regalos","21":"first","22":"instock","23":"shipping-taxable","24":"purchasable","25":"product-type-simple"},"brands":[{"id":689,"name":"XO","slug":"xo"}],"_links":{"self":[{"href":"https:\/\/gamestore.com.uy\/store\/wp-json\/wp\/v2\/product\/28055","targetHints":{"allow":["GET"]}}],"collection":[{"href":"https:\/\/gamestore.com.uy\/store\/wp-json\/wp\/v2\/product"}],"about":[{"href":"https:\/\/gamestore.com.uy\/store\/wp-json\/wp\/v2\/types\/product"}],"version-history":[{"count":1,"href":"https:\/\/gamestore.com.uy\/store\/wp-json\/wp\/v2\/product\/28055\/revisions"}],"predecessor-version":[{"id":28061,"href":"https:\/\/gamestore.com.uy\/store\/wp-json\/wp\/v2\/product\/28055\/revisions\/28061"}],"wp:featuredmedia":[{"embeddable":true,"href":"https:\/\/gamestore.com.uy\/store\/wp-json\/wp\/v2\/media\/28056"}],"wp:attachment":[{"href":"https:\/\/gamestore.com.uy\/store\/wp-json\/wp\/v2\/media?parent=28055"}],"wp:term":[{"taxonomy":"pwb-brand","embeddable":true,"href":"https:\/\/gamestore.com.uy\/store\/wp-json\/wp\/v2\/pwb-brand?post=28055"},{"taxonomy":"product_brand","embeddable":true,"href":"https:\/\/gamestore.com.uy\/store\/wp-json\/wp\/v2\/product_brand?post=28055"},{"taxonomy":"product_cat","embeddable":true,"href":"https:\/\/gamestore.com.uy\/store\/wp-json\/wp\/v2\/product_cat?post=28055"},{"taxonomy":"product_tag","embeddable":true,"href":"https:\/\/gamestore.com.uy\/store\/wp-json\/wp\/v2\/product_tag?post=28055"}],"curies":[{"name":"wp","href":"https:\/\/api.w.org\/{rel}","templated":true}]}}