{"id":28078,"date":"2025-06-06T14:23:33","date_gmt":"2025-06-06T17:23:33","guid":{"rendered":"https:\/\/gamestore.com.uy\/store\/?post_type=product&#038;p=28078"},"modified":"2026-02-27T23:17:08","modified_gmt":"2026-02-28T02:17:08","slug":"lampara-proyector-de-luz-laser-interior-o-exterior-iluminacion-dinamica-xo-yh11","status":"publish","type":"product","link":"https:\/\/gamestore.com.uy\/store\/producto\/lampara-proyector-de-luz-laser-interior-o-exterior-iluminacion-dinamica-xo-yh11\/","title":{"rendered":"L\u00e1mpara Proyector de Luz L\u00e1ser Interior o Exterior Iluminaci\u00f3n Din\u00e1mica XO-YH11"},"content":{"rendered":"<p>El XO-YH11 es un proyector l\u00e1ser de alta calidad con fuentes de luz roja (660 nm) y verde (532 nm). Ofrece cinco modos de iluminaci\u00f3n din\u00e1micos, incluyendo efectos de alternancia y destellos .<\/p>\n","protected":false},"excerpt":{"rendered":"<p>El XO-YH11 es un proyector l\u00e1ser de alta calidad con fuentes de luz roja (660 nm) y verde (532 nm). Ofrece cinco modos de iluminaci\u00f3n din\u00e1micos, incluyendo efectos de alternancia y destellos .<\/p>\n","protected":false},"featured_media":34007,"template":"","meta":[],"pwb-brand":[689],"product_brand":[],"product_cat":[144,246],"product_tag":[1360,299,957,436,1361,1003],"class_list":{"0":"post-28078","1":"product","2":"type-product","3":"status-publish","4":"has-post-thumbnail","6":"pwb-brand-xo","7":"product_cat-gaming","8":"product_cat-hogar","9":"product_tag-dormitorio","10":"product_tag-gamer","11":"product_tag-lampara","12":"product_tag-luces","13":"product_tag-proyector","14":"product_tag-regalos","16":"first","17":"instock","18":"shipping-taxable","19":"purchasable","20":"product-type-simple"},"brands":[{"id":689,"name":"XO","slug":"xo"}],"_links":{"self":[{"href":"https:\/\/gamestore.com.uy\/store\/wp-json\/wp\/v2\/product\/28078","targetHints":{"allow":["GET"]}}],"collection":[{"href":"https:\/\/gamestore.com.uy\/store\/wp-json\/wp\/v2\/product"}],"about":[{"href":"https:\/\/gamestore.com.uy\/store\/wp-json\/wp\/v2\/types\/product"}],"version-history":[{"count":1,"href":"https:\/\/gamestore.com.uy\/store\/wp-json\/wp\/v2\/product\/28078\/revisions"}],"predecessor-version":[{"id":28081,"href":"https:\/\/gamestore.com.uy\/store\/wp-json\/wp\/v2\/product\/28078\/revisions\/28081"}],"wp:featuredmedia":[{"embeddable":true,"href":"https:\/\/gamestore.com.uy\/store\/wp-json\/wp\/v2\/media\/34007"}],"wp:attachment":[{"href":"https:\/\/gamestore.com.uy\/store\/wp-json\/wp\/v2\/media?parent=28078"}],"wp:term":[{"taxonomy":"pwb-brand","embeddable":true,"href":"https:\/\/gamestore.com.uy\/store\/wp-json\/wp\/v2\/pwb-brand?post=28078"},{"taxonomy":"product_brand","embeddable":true,"href":"https:\/\/gamestore.com.uy\/store\/wp-json\/wp\/v2\/product_brand?post=28078"},{"taxonomy":"product_cat","embeddable":true,"href":"https:\/\/gamestore.com.uy\/store\/wp-json\/wp\/v2\/product_cat?post=28078"},{"taxonomy":"product_tag","embeddable":true,"href":"https:\/\/gamestore.com.uy\/store\/wp-json\/wp\/v2\/product_tag?post=28078"}],"curies":[{"name":"wp","href":"https:\/\/api.w.org\/{rel}","templated":true}]}}