{"id":28202,"date":"2025-06-18T12:20:03","date_gmt":"2025-06-18T15:20:03","guid":{"rendered":"https:\/\/gamestore.com.uy\/store\/?post_type=product&#038;p=28202"},"modified":"2025-06-25T16:31:37","modified_gmt":"2025-06-25T19:31:37","slug":"tablet-de-aprendizaje-atlas-de-descubrimiento-pad-kids","status":"publish","type":"product","link":"https:\/\/gamestore.com.uy\/store\/producto\/tablet-de-aprendizaje-atlas-de-descubrimiento-pad-kids\/","title":{"rendered":"Tablet de Aprendizaje &#8211; Atlas de Descubrimiento Pad Kids"},"content":{"rendered":"<p>Descripci\u00f3n<br \/>\nLa forma conveniente, el dise\u00f1o \u00fanico y brillante con animales divertidos dibujados por un famoso artista, una gran cantidad de contenido educativo y juegos interesantes hacen de este Hit Pad uno de los juguetes m\u00e1s vendidos de todos los tiempos<\/p>\n<p>Mientras juegan, los ni\u00f1os aprender\u00e1n sobre el animal m\u00e1s grande de la Tierra, animales que pueden soportar el fr\u00edo severo de la Ant\u00e1rtida y muchos otros datos intrigantes que mantendr\u00e1n a los ni\u00f1os entretenidos durante horas.<\/p>\n<p>Incluye:<br \/>\n-33 sonidos de animales<br \/>\n-45 datos interesantes<br \/>\n-31 melodias y canciones<br \/>\n-Modo de juego<\/p>\n<p>Caracter\u00edsticas del producto:<br \/>\nMedidas: 23cm x 17,5cm x 2cm<br \/>\nIdioma: Espa\u00f1ol<br \/>\nEdad recomendada: 3+<br \/>\nPilas: 3 x AAA (\u00edncluidas)<\/p>\n","protected":false},"excerpt":{"rendered":"<p>Descripci\u00f3n La forma conveniente, el dise\u00f1o \u00fanico y brillante con animales divertidos dibujados por un famoso artista, una gran cantidad de contenido educativo y juegos interesantes hacen de este Hit Pad uno de los juguetes m\u00e1s vendidos de todos los tiempos Mientras juegan, los ni\u00f1os aprender\u00e1n sobre el animal m\u00e1s grande de la Tierra, animales [&hellip;]<\/p>\n","protected":false},"featured_media":28203,"template":"","meta":[],"pwb-brand":[],"product_brand":[],"product_cat":[174,158,131,134,279],"product_tag":[669,429,802,1378,1138,1139,283],"class_list":{"0":"post-28202","1":"product","2":"type-product","3":"status-publish","4":"has-post-thumbnail","6":"product_cat-didacticos","7":"product_cat-educativos","8":"product_cat-juguetes","9":"product_cat-juguetesbb","10":"product_cat-manuales","11":"product_tag-actividades","12":"product_tag-animales","13":"product_tag-aprende","14":"product_tag-aprende-jugando","15":"product_tag-mapa","16":"product_tag-mundo","17":"product_tag-sonidos","19":"first","20":"instock","21":"shipping-taxable","22":"purchasable","23":"product-type-simple"},"brands":[],"_links":{"self":[{"href":"https:\/\/gamestore.com.uy\/store\/wp-json\/wp\/v2\/product\/28202","targetHints":{"allow":["GET"]}}],"collection":[{"href":"https:\/\/gamestore.com.uy\/store\/wp-json\/wp\/v2\/product"}],"about":[{"href":"https:\/\/gamestore.com.uy\/store\/wp-json\/wp\/v2\/types\/product"}],"version-history":[{"count":2,"href":"https:\/\/gamestore.com.uy\/store\/wp-json\/wp\/v2\/product\/28202\/revisions"}],"predecessor-version":[{"id":28319,"href":"https:\/\/gamestore.com.uy\/store\/wp-json\/wp\/v2\/product\/28202\/revisions\/28319"}],"wp:featuredmedia":[{"embeddable":true,"href":"https:\/\/gamestore.com.uy\/store\/wp-json\/wp\/v2\/media\/28203"}],"wp:attachment":[{"href":"https:\/\/gamestore.com.uy\/store\/wp-json\/wp\/v2\/media?parent=28202"}],"wp:term":[{"taxonomy":"pwb-brand","embeddable":true,"href":"https:\/\/gamestore.com.uy\/store\/wp-json\/wp\/v2\/pwb-brand?post=28202"},{"taxonomy":"product_brand","embeddable":true,"href":"https:\/\/gamestore.com.uy\/store\/wp-json\/wp\/v2\/product_brand?post=28202"},{"taxonomy":"product_cat","embeddable":true,"href":"https:\/\/gamestore.com.uy\/store\/wp-json\/wp\/v2\/product_cat?post=28202"},{"taxonomy":"product_tag","embeddable":true,"href":"https:\/\/gamestore.com.uy\/store\/wp-json\/wp\/v2\/product_tag?post=28202"}],"curies":[{"name":"wp","href":"https:\/\/api.w.org\/{rel}","templated":true}]}}