{"id":28362,"date":"2025-06-27T13:44:14","date_gmt":"2025-06-27T16:44:14","guid":{"rendered":"https:\/\/gamestore.com.uy\/store\/?post_type=product&#038;p=28362"},"modified":"2025-06-27T13:44:16","modified_gmt":"2025-06-27T16:44:16","slug":"arco-plegable-multifuncion-movil-actividades-primera-infancia","status":"publish","type":"product","link":"https:\/\/gamestore.com.uy\/store\/producto\/arco-plegable-multifuncion-movil-actividades-primera-infancia\/","title":{"rendered":"Arco Plegable Multifunci\u00f3n Movil Actividades Primera Infancia"},"content":{"rendered":"<p>Clips ajustables y dise\u00f1o plegable: el juguete de arco tiene dos grandes clips ajustables resistentes que son f\u00e1ciles de fijar y ajustar. F\u00e1cilmente ajustable girando las tuercas en los clips, manteniendo los clips en su lugar de forma segura. El \u00e1ngulo colgante del juguete de mois\u00e9s se puede ajustar f\u00e1cilmente para adaptarse al juguete dentro del campo de visi\u00f3n del beb\u00e9. Se pliega f\u00e1cilmente en cualquier forma<\/p>\n","protected":false},"excerpt":{"rendered":"<p>Clips ajustables y dise\u00f1o plegable: el juguete de arco tiene dos grandes clips ajustables resistentes que son f\u00e1ciles de fijar y ajustar. F\u00e1cilmente ajustable girando las tuercas en los clips, manteniendo los clips en su lugar de forma segura. El \u00e1ngulo colgante del juguete de mois\u00e9s se puede ajustar f\u00e1cilmente para adaptarse al juguete dentro [&hellip;]<\/p>\n","protected":false},"featured_media":28363,"template":"","meta":[],"pwb-brand":[],"product_brand":[],"product_cat":[174,131,134],"product_tag":[1404,625,435,709,1403,599,886,880],"class_list":{"0":"post-28362","1":"product","2":"type-product","3":"status-publish","4":"has-post-thumbnail","6":"product_cat-didacticos","7":"product_cat-juguetes","8":"product_cat-juguetesbb","9":"product_tag-actuvidades","10":"product_tag-animalitos","11":"product_tag-bebe","12":"product_tag-bebes","13":"product_tag-cuna","14":"product_tag-estimulacion","15":"product_tag-moviles","16":"product_tag-sensorial","18":"first","19":"instock","20":"shipping-taxable","21":"purchasable","22":"product-type-simple"},"brands":[],"_links":{"self":[{"href":"https:\/\/gamestore.com.uy\/store\/wp-json\/wp\/v2\/product\/28362","targetHints":{"allow":["GET"]}}],"collection":[{"href":"https:\/\/gamestore.com.uy\/store\/wp-json\/wp\/v2\/product"}],"about":[{"href":"https:\/\/gamestore.com.uy\/store\/wp-json\/wp\/v2\/types\/product"}],"version-history":[{"count":1,"href":"https:\/\/gamestore.com.uy\/store\/wp-json\/wp\/v2\/product\/28362\/revisions"}],"predecessor-version":[{"id":28365,"href":"https:\/\/gamestore.com.uy\/store\/wp-json\/wp\/v2\/product\/28362\/revisions\/28365"}],"wp:featuredmedia":[{"embeddable":true,"href":"https:\/\/gamestore.com.uy\/store\/wp-json\/wp\/v2\/media\/28363"}],"wp:attachment":[{"href":"https:\/\/gamestore.com.uy\/store\/wp-json\/wp\/v2\/media?parent=28362"}],"wp:term":[{"taxonomy":"pwb-brand","embeddable":true,"href":"https:\/\/gamestore.com.uy\/store\/wp-json\/wp\/v2\/pwb-brand?post=28362"},{"taxonomy":"product_brand","embeddable":true,"href":"https:\/\/gamestore.com.uy\/store\/wp-json\/wp\/v2\/product_brand?post=28362"},{"taxonomy":"product_cat","embeddable":true,"href":"https:\/\/gamestore.com.uy\/store\/wp-json\/wp\/v2\/product_cat?post=28362"},{"taxonomy":"product_tag","embeddable":true,"href":"https:\/\/gamestore.com.uy\/store\/wp-json\/wp\/v2\/product_tag?post=28362"}],"curies":[{"name":"wp","href":"https:\/\/api.w.org\/{rel}","templated":true}]}}