{"id":28428,"date":"2025-06-27T17:14:22","date_gmt":"2025-06-27T20:14:22","guid":{"rendered":"https:\/\/gamestore.com.uy\/store\/?post_type=product&#038;p=28428"},"modified":"2025-06-27T17:14:24","modified_gmt":"2025-06-27T20:14:24","slug":"bebe-20cms-ropa-de-invierno-mini-bebote-lanita","status":"publish","type":"product","link":"https:\/\/gamestore.com.uy\/store\/producto\/bebe-20cms-ropa-de-invierno-mini-bebote-lanita\/","title":{"rendered":"Beb\u00e9 20cms Ropa de Invierno Mini Bebote Lanita"},"content":{"rendered":"<p>Tu compa\u00f1era de todos los d\u00edas!<\/p>\n","protected":false},"excerpt":{"rendered":"<p>Tu compa\u00f1era de todos los d\u00edas!<\/p>\n","protected":false},"featured_media":28429,"template":"","meta":[],"pwb-brand":[],"product_brand":[],"product_cat":[131,135],"product_tag":[435,709,1419,819,1420,452,589,192],"class_list":{"0":"post-28428","1":"product","2":"type-product","3":"status-publish","4":"has-post-thumbnail","6":"product_cat-juguetes","7":"product_cat-muniecos","8":"product_tag-bebe","9":"product_tag-bebes","10":"product_tag-bebota","11":"product_tag-bebotes","12":"product_tag-chiquita","13":"product_tag-mini","14":"product_tag-muneca","15":"product_tag-munecas","17":"first","18":"instock","19":"shipping-taxable","20":"purchasable","21":"product-type-simple"},"brands":[],"_links":{"self":[{"href":"https:\/\/gamestore.com.uy\/store\/wp-json\/wp\/v2\/product\/28428","targetHints":{"allow":["GET"]}}],"collection":[{"href":"https:\/\/gamestore.com.uy\/store\/wp-json\/wp\/v2\/product"}],"about":[{"href":"https:\/\/gamestore.com.uy\/store\/wp-json\/wp\/v2\/types\/product"}],"version-history":[{"count":1,"href":"https:\/\/gamestore.com.uy\/store\/wp-json\/wp\/v2\/product\/28428\/revisions"}],"predecessor-version":[{"id":28433,"href":"https:\/\/gamestore.com.uy\/store\/wp-json\/wp\/v2\/product\/28428\/revisions\/28433"}],"wp:featuredmedia":[{"embeddable":true,"href":"https:\/\/gamestore.com.uy\/store\/wp-json\/wp\/v2\/media\/28429"}],"wp:attachment":[{"href":"https:\/\/gamestore.com.uy\/store\/wp-json\/wp\/v2\/media?parent=28428"}],"wp:term":[{"taxonomy":"pwb-brand","embeddable":true,"href":"https:\/\/gamestore.com.uy\/store\/wp-json\/wp\/v2\/pwb-brand?post=28428"},{"taxonomy":"product_brand","embeddable":true,"href":"https:\/\/gamestore.com.uy\/store\/wp-json\/wp\/v2\/product_brand?post=28428"},{"taxonomy":"product_cat","embeddable":true,"href":"https:\/\/gamestore.com.uy\/store\/wp-json\/wp\/v2\/product_cat?post=28428"},{"taxonomy":"product_tag","embeddable":true,"href":"https:\/\/gamestore.com.uy\/store\/wp-json\/wp\/v2\/product_tag?post=28428"}],"curies":[{"name":"wp","href":"https:\/\/api.w.org\/{rel}","templated":true}]}}