{"id":28443,"date":"2025-07-03T15:34:08","date_gmt":"2025-07-03T18:34:08","guid":{"rendered":"https:\/\/gamestore.com.uy\/store\/?post_type=product&#038;p=28443"},"modified":"2025-07-03T15:34:10","modified_gmt":"2025-07-03T18:34:10","slug":"detector-de-mentiras-didacta","status":"publish","type":"product","link":"https:\/\/gamestore.com.uy\/store\/producto\/detector-de-mentiras-didacta\/","title":{"rendered":"Detector de Mentiras Didacta"},"content":{"rendered":"<p>Descubre, experimenta, desarrolla \u00a1Convi\u00e9rtete en investigador\/a cient\u00edfico!<br \/>\nAprende por qu\u00e9 los materiales permiten o impiden el flujo de corriente el\u00e9ctrica. Interroga a tus amigos con este detector, a descubrir mentiroso! Bater\u00edas no inclu\u00eddas (BATER\u00cdA 9V)<\/p>\n","protected":false},"excerpt":{"rendered":"<p>Descubre, experimenta, desarrolla \u00a1Convi\u00e9rtete en investigador\/a cient\u00edfico! Aprende por qu\u00e9 los materiales permiten o impiden el flujo de corriente el\u00e9ctrica. Interroga a tus amigos con este detector, a descubrir mentiroso! Bater\u00edas no inclu\u00eddas (BATER\u00cdA 9V)<\/p>\n","protected":false},"featured_media":28444,"template":"","meta":[],"pwb-brand":[],"product_brand":[],"product_cat":[174,133,131],"product_tag":[1100,1422,1423,1286,568,1287,1421],"class_list":{"0":"post-28443","1":"product","2":"type-product","3":"status-publish","4":"has-post-thumbnail","6":"product_cat-didacticos","7":"product_cat-juegos-mesa","8":"product_cat-juguetes","9":"product_tag-aprendo","10":"product_tag-ciencia","11":"product_tag-cientifico","12":"product_tag-descubrir","13":"product_tag-educativo","14":"product_tag-explorar","15":"product_tag-investiga","17":"first","18":"instock","19":"shipping-taxable","20":"purchasable","21":"product-type-simple"},"brands":[],"_links":{"self":[{"href":"https:\/\/gamestore.com.uy\/store\/wp-json\/wp\/v2\/product\/28443","targetHints":{"allow":["GET"]}}],"collection":[{"href":"https:\/\/gamestore.com.uy\/store\/wp-json\/wp\/v2\/product"}],"about":[{"href":"https:\/\/gamestore.com.uy\/store\/wp-json\/wp\/v2\/types\/product"}],"version-history":[{"count":1,"href":"https:\/\/gamestore.com.uy\/store\/wp-json\/wp\/v2\/product\/28443\/revisions"}],"predecessor-version":[{"id":28445,"href":"https:\/\/gamestore.com.uy\/store\/wp-json\/wp\/v2\/product\/28443\/revisions\/28445"}],"wp:featuredmedia":[{"embeddable":true,"href":"https:\/\/gamestore.com.uy\/store\/wp-json\/wp\/v2\/media\/28444"}],"wp:attachment":[{"href":"https:\/\/gamestore.com.uy\/store\/wp-json\/wp\/v2\/media?parent=28443"}],"wp:term":[{"taxonomy":"pwb-brand","embeddable":true,"href":"https:\/\/gamestore.com.uy\/store\/wp-json\/wp\/v2\/pwb-brand?post=28443"},{"taxonomy":"product_brand","embeddable":true,"href":"https:\/\/gamestore.com.uy\/store\/wp-json\/wp\/v2\/product_brand?post=28443"},{"taxonomy":"product_cat","embeddable":true,"href":"https:\/\/gamestore.com.uy\/store\/wp-json\/wp\/v2\/product_cat?post=28443"},{"taxonomy":"product_tag","embeddable":true,"href":"https:\/\/gamestore.com.uy\/store\/wp-json\/wp\/v2\/product_tag?post=28443"}],"curies":[{"name":"wp","href":"https:\/\/api.w.org\/{rel}","templated":true}]}}