{"id":28450,"date":"2025-07-03T15:51:55","date_gmt":"2025-07-03T18:51:55","guid":{"rendered":"https:\/\/gamestore.com.uy\/store\/?post_type=product&#038;p=28450"},"modified":"2025-07-03T15:51:56","modified_gmt":"2025-07-03T18:51:56","slug":"bebe-muneca-luni-baby-con-chupete-diver-toys","status":"publish","type":"product","link":"https:\/\/gamestore.com.uy\/store\/producto\/bebe-muneca-luni-baby-con-chupete-diver-toys\/","title":{"rendered":"Beb\u00e9 Mu\u00f1eca Luni Baby con Chupete Diver Toys"},"content":{"rendered":"<p>Bebote Mu\u00f1eca cuerpo de pl\u00e1stico y carita de goma<\/p>\n","protected":false},"excerpt":{"rendered":"<p>Bebote Mu\u00f1eca cuerpo de pl\u00e1stico y carita de goma<\/p>\n","protected":false},"featured_media":28451,"template":"","meta":[],"pwb-brand":[686],"product_brand":[],"product_cat":[131,135],"product_tag":[435,709,693,819,589,192],"class_list":{"0":"post-28450","1":"product","2":"type-product","3":"status-publish","4":"has-post-thumbnail","6":"pwb-brand-diver-toys","7":"product_cat-juguetes","8":"product_cat-muniecos","9":"product_tag-bebe","10":"product_tag-bebes","11":"product_tag-bebote","12":"product_tag-bebotes","13":"product_tag-muneca","14":"product_tag-munecas","16":"first","17":"instock","18":"shipping-taxable","19":"purchasable","20":"product-type-simple"},"brands":[{"id":686,"name":"DIVER TOYS","slug":"diver-toys"}],"_links":{"self":[{"href":"https:\/\/gamestore.com.uy\/store\/wp-json\/wp\/v2\/product\/28450","targetHints":{"allow":["GET"]}}],"collection":[{"href":"https:\/\/gamestore.com.uy\/store\/wp-json\/wp\/v2\/product"}],"about":[{"href":"https:\/\/gamestore.com.uy\/store\/wp-json\/wp\/v2\/types\/product"}],"version-history":[{"count":1,"href":"https:\/\/gamestore.com.uy\/store\/wp-json\/wp\/v2\/product\/28450\/revisions"}],"predecessor-version":[{"id":28452,"href":"https:\/\/gamestore.com.uy\/store\/wp-json\/wp\/v2\/product\/28450\/revisions\/28452"}],"wp:featuredmedia":[{"embeddable":true,"href":"https:\/\/gamestore.com.uy\/store\/wp-json\/wp\/v2\/media\/28451"}],"wp:attachment":[{"href":"https:\/\/gamestore.com.uy\/store\/wp-json\/wp\/v2\/media?parent=28450"}],"wp:term":[{"taxonomy":"pwb-brand","embeddable":true,"href":"https:\/\/gamestore.com.uy\/store\/wp-json\/wp\/v2\/pwb-brand?post=28450"},{"taxonomy":"product_brand","embeddable":true,"href":"https:\/\/gamestore.com.uy\/store\/wp-json\/wp\/v2\/product_brand?post=28450"},{"taxonomy":"product_cat","embeddable":true,"href":"https:\/\/gamestore.com.uy\/store\/wp-json\/wp\/v2\/product_cat?post=28450"},{"taxonomy":"product_tag","embeddable":true,"href":"https:\/\/gamestore.com.uy\/store\/wp-json\/wp\/v2\/product_tag?post=28450"}],"curies":[{"name":"wp","href":"https:\/\/api.w.org\/{rel}","templated":true}]}}