{"id":28533,"date":"2025-07-03T17:58:08","date_gmt":"2025-07-03T20:58:08","guid":{"rendered":"https:\/\/gamestore.com.uy\/store\/?post_type=product&#038;p=28533"},"modified":"2025-07-03T22:10:28","modified_gmt":"2025-07-04T01:10:28","slug":"pets-alive-conejo-magico-interactivo-en-galera-negro","status":"publish","type":"product","link":"https:\/\/gamestore.com.uy\/store\/producto\/pets-alive-conejo-magico-interactivo-en-galera-negro\/","title":{"rendered":"Pets Alive Conejo M\u00e1gico Interactivo en Galera NEGRO"},"content":{"rendered":"<p>Crea magia: agita tu varita de estrella contra y d\u00e9jate llevar a tu propio espect\u00e1culo de magia.<br \/>\nExperiencia definitiva de Unboxing: Descubre m\u00e1s de 20 caracter\u00edsticas interactivas diferentes y misterios escondidos.<br \/>\nLuces y sonidos encantadores: Mira c\u00f3mo las orejas de tu conejo se iluminan y escucha mientras lanza hechizos.<br \/>\nSorpresa Magical Mini Bunnies: \u00bfCu\u00e1ntos mini conejitos sorpresa encontrar\u00e1s? Cada uno con su propio truco de magia \u00fanico!<br \/>\n3 para coleccionar: \u00bfEncontrar\u00e1s el conejo m\u00e1gico negro, rosa o blanco<\/p>\n","protected":false},"excerpt":{"rendered":"<p>Crea magia: agita tu varita de estrella contra y d\u00e9jate llevar a tu propio espect\u00e1culo de magia. Experiencia definitiva de Unboxing: Descubre m\u00e1s de 20 caracter\u00edsticas interactivas diferentes y misterios escondidos. Luces y sonidos encantadores: Mira c\u00f3mo las orejas de tu conejo se iluminan y escucha mientras lanza hechizos. Sorpresa Magical Mini Bunnies: \u00bfCu\u00e1ntos mini [&hellip;]<\/p>\n","protected":false},"featured_media":28534,"template":"","meta":[],"pwb-brand":[],"product_brand":[],"product_cat":[274,136,280,131,135],"product_tag":[1397,699,835,834,1441,1442,1205,827,1445,1446,1085,1444,1440,1443],"class_list":{"0":"post-28533","1":"product","2":"type-product","3":"status-publish","4":"has-post-thumbnail","6":"product_cat-accesorios","7":"product_cat-coleccionables","8":"product_cat-escenarios","9":"product_cat-juguetes","10":"product_cat-muniecos","11":"product_tag-conejita","12":"product_tag-conejito","13":"product_tag-conejitos","14":"product_tag-conejos","15":"product_tag-galera","16":"product_tag-gorro","17":"product_tag-gorros","18":"product_tag-interactivo","19":"product_tag-magia","20":"product_tag-magical","21":"product_tag-magico","22":"product_tag-mago","23":"product_tag-pets-alive","24":"product_tag-sombrero","26":"first","27":"instock","28":"shipping-taxable","29":"purchasable","30":"product-type-simple"},"brands":[],"_links":{"self":[{"href":"https:\/\/gamestore.com.uy\/store\/wp-json\/wp\/v2\/product\/28533","targetHints":{"allow":["GET"]}}],"collection":[{"href":"https:\/\/gamestore.com.uy\/store\/wp-json\/wp\/v2\/product"}],"about":[{"href":"https:\/\/gamestore.com.uy\/store\/wp-json\/wp\/v2\/types\/product"}],"version-history":[{"count":2,"href":"https:\/\/gamestore.com.uy\/store\/wp-json\/wp\/v2\/product\/28533\/revisions"}],"predecessor-version":[{"id":28539,"href":"https:\/\/gamestore.com.uy\/store\/wp-json\/wp\/v2\/product\/28533\/revisions\/28539"}],"wp:featuredmedia":[{"embeddable":true,"href":"https:\/\/gamestore.com.uy\/store\/wp-json\/wp\/v2\/media\/28534"}],"wp:attachment":[{"href":"https:\/\/gamestore.com.uy\/store\/wp-json\/wp\/v2\/media?parent=28533"}],"wp:term":[{"taxonomy":"pwb-brand","embeddable":true,"href":"https:\/\/gamestore.com.uy\/store\/wp-json\/wp\/v2\/pwb-brand?post=28533"},{"taxonomy":"product_brand","embeddable":true,"href":"https:\/\/gamestore.com.uy\/store\/wp-json\/wp\/v2\/product_brand?post=28533"},{"taxonomy":"product_cat","embeddable":true,"href":"https:\/\/gamestore.com.uy\/store\/wp-json\/wp\/v2\/product_cat?post=28533"},{"taxonomy":"product_tag","embeddable":true,"href":"https:\/\/gamestore.com.uy\/store\/wp-json\/wp\/v2\/product_tag?post=28533"}],"curies":[{"name":"wp","href":"https:\/\/api.w.org\/{rel}","templated":true}]}}