{"id":28720,"date":"2025-07-04T14:54:59","date_gmt":"2025-07-04T17:54:59","guid":{"rendered":"https:\/\/gamestore.com.uy\/store\/?post_type=product&#038;p=28720"},"modified":"2026-02-28T18:36:28","modified_gmt":"2026-02-28T21:36:28","slug":"robo-alive-capsula-dino-adn-dinosaurio-velociraptor-azul-playset-zuru","status":"publish","type":"product","link":"https:\/\/gamestore.com.uy\/store\/producto\/robo-alive-capsula-dino-adn-dinosaurio-velociraptor-azul-playset-zuru\/","title":{"rendered":"Robo Alive Capsula Dino ADN Dinosaurio Velociraptor Azul Playset Zuru"},"content":{"rendered":"<p>Descubre los secretos del pasado con la h\u00e9lice luminosa de ADN de dinosaurio Robo Alive. Desempaqu\u00e9tala y explora la baba, encuentra las partes del dinosaurio y construye dinosaurios \u00e9picos. 3 dinosaurios para construir y coleccionar. \u00a1Desata el paleont\u00f3logo que llevas dentro!<\/p>\n","protected":false},"excerpt":{"rendered":"<p>Descubre los secretos del pasado con la h\u00e9lice luminosa de ADN de dinosaurio Robo Alive. Desempaqu\u00e9tala y explora la baba, encuentra las partes del dinosaurio y construye dinosaurios \u00e9picos. 3 dinosaurios para construir y coleccionar. \u00a1Desata el paleont\u00f3logo que llevas dentro!<\/p>\n","protected":false},"featured_media":28721,"template":"","meta":[],"pwb-brand":[675,2075],"product_brand":[],"product_cat":[274,136,161,280,131,135,266],"product_tag":[615,738,692,672,827,1134,710],"class_list":{"0":"post-28720","1":"product","2":"type-product","3":"status-publish","4":"has-post-thumbnail","6":"pwb-brand-roboalive","7":"pwb-brand-zuru","8":"product_cat-accesorios","9":"product_cat-coleccionables","10":"product_cat-construccion","11":"product_cat-escenarios","12":"product_cat-juguetes","13":"product_cat-muniecos","14":"product_cat-robots","15":"product_tag-dinosaurio","16":"product_tag-dinosaurios","17":"product_tag-huevo","18":"product_tag-huevos","19":"product_tag-interactivo","20":"product_tag-robotico","21":"product_tag-sorpresas","23":"first","24":"instock","25":"shipping-taxable","26":"purchasable","27":"product-type-simple"},"brands":[{"id":675,"name":"RoboAlive","slug":"roboalive"},{"id":2075,"name":"ZURU","slug":"zuru"}],"_links":{"self":[{"href":"https:\/\/gamestore.com.uy\/store\/wp-json\/wp\/v2\/product\/28720","targetHints":{"allow":["GET"]}}],"collection":[{"href":"https:\/\/gamestore.com.uy\/store\/wp-json\/wp\/v2\/product"}],"about":[{"href":"https:\/\/gamestore.com.uy\/store\/wp-json\/wp\/v2\/types\/product"}],"version-history":[{"count":2,"href":"https:\/\/gamestore.com.uy\/store\/wp-json\/wp\/v2\/product\/28720\/revisions"}],"predecessor-version":[{"id":28735,"href":"https:\/\/gamestore.com.uy\/store\/wp-json\/wp\/v2\/product\/28720\/revisions\/28735"}],"wp:featuredmedia":[{"embeddable":true,"href":"https:\/\/gamestore.com.uy\/store\/wp-json\/wp\/v2\/media\/28721"}],"wp:attachment":[{"href":"https:\/\/gamestore.com.uy\/store\/wp-json\/wp\/v2\/media?parent=28720"}],"wp:term":[{"taxonomy":"pwb-brand","embeddable":true,"href":"https:\/\/gamestore.com.uy\/store\/wp-json\/wp\/v2\/pwb-brand?post=28720"},{"taxonomy":"product_brand","embeddable":true,"href":"https:\/\/gamestore.com.uy\/store\/wp-json\/wp\/v2\/product_brand?post=28720"},{"taxonomy":"product_cat","embeddable":true,"href":"https:\/\/gamestore.com.uy\/store\/wp-json\/wp\/v2\/product_cat?post=28720"},{"taxonomy":"product_tag","embeddable":true,"href":"https:\/\/gamestore.com.uy\/store\/wp-json\/wp\/v2\/product_tag?post=28720"}],"curies":[{"name":"wp","href":"https:\/\/api.w.org\/{rel}","templated":true}]}}