{"id":28865,"date":"2025-07-23T18:49:59","date_gmt":"2025-07-23T21:49:59","guid":{"rendered":"https:\/\/gamestore.com.uy\/store\/?post_type=product&#038;p=28865"},"modified":"2026-02-28T18:36:27","modified_gmt":"2026-02-28T21:36:27","slug":"pets-alive-sirena-peluche-interactivo-sorpresas-zuru-verde","status":"publish","type":"product","link":"https:\/\/gamestore.com.uy\/store\/producto\/pets-alive-sirena-peluche-interactivo-sorpresas-zuru-verde\/","title":{"rendered":"Pets Alive Sirena Peluche Interactivo Sorpresas Zuru Verde"},"content":{"rendered":"<p>Luces y sonidos: los ritmos tropicales, las luces deslumbrantes y las melod\u00edas playeras te pondr\u00e1n a bailar con tu Furmaid en un abrir y cerrar de ojos.<br \/>\nPeluche con tem\u00e1tica de sirena: las sirenas m\u00e1s bonitas y suaves que jam\u00e1s hayas visto.<br \/>\nM\u00e1s de 10 sorpresas: las Furmaids se entregan con accesorios de sirena para que luzcan perfectas en su reino submarino.<br \/>\nC\u00e1psula interactiva: sum\u00e9rgete en una m\u00e1gica experiencia submarina con una c\u00e1psula agitable con efecto de bola de nieve.<br \/>\nColecci\u00f3nalas todas: \u00bfCu\u00e1l Furmaid descubrir\u00e1s? Hay 3 para coleccionar: Purrl, Dazzi y Starlet.<br \/>\nConoce al tr\u00edo m\u00e1s adorable de deslumbrantes sirenas con Pets Alive Furmaids. Purrl, Dazzi y Starlet est\u00e1n listas para llevarte a una aventura m\u00edstica con un toque de magia de sirena. Sum\u00e9rgete en la atm\u00f3sfera veraniega definitiva con ritmos tropicales y melod\u00edas de sirena. En poco tiempo estar\u00e1s bailando con tu Furmaid. La emoci\u00f3n contin\u00faa con m\u00e1s de 10 sorpresas por descubrir, incluidos accesorios de sirena para una diversi\u00f3n resplandeciente. Tus amigas peludas tambi\u00e9n tienen colas con lentejuelas para lucir glamurosas bajo el agua. Divi\u00e9rtete a lo grande con las sirenas m\u00e1s adorables y suaves que jam\u00e1s hayas visto bajo el mar. \u00bfQu\u00e9 Furmaid adoptar\u00e1s? Colecciona las 3.<\/p>\n","protected":false},"excerpt":{"rendered":"<p>Luces y sonidos: los ritmos tropicales, las luces deslumbrantes y las melod\u00edas playeras te pondr\u00e1n a bailar con tu Furmaid en un abrir y cerrar de ojos. Peluche con tem\u00e1tica de sirena: las sirenas m\u00e1s bonitas y suaves que jam\u00e1s hayas visto. M\u00e1s de 10 sorpresas: las Furmaids se entregan con accesorios de sirena para [&hellip;]<\/p>\n","protected":false},"featured_media":28866,"template":"","meta":[],"pwb-brand":[2075],"product_brand":[],"product_cat":[274,136,280,131,135],"product_tag":[429,625,1518,139,698,696,692,1517,436,613,410,242,713,1247,1440,762,937,283,671,622,1331,721],"class_list":{"0":"post-28865","1":"product","2":"type-product","3":"status-publish","4":"has-post-thumbnail","6":"pwb-brand-zuru","7":"product_cat-accesorios","8":"product_cat-coleccionables","9":"product_cat-escenarios","10":"product_cat-juguetes","11":"product_cat-muniecos","12":"product_tag-animales","13":"product_tag-animalitos","14":"product_tag-capsula","15":"product_tag-coleccionables","16":"product_tag-conejo","17":"product_tag-gato","18":"product_tag-huevo","19":"product_tag-intercativo","20":"product_tag-luces","21":"product_tag-muneco","22":"product_tag-munecos","23":"product_tag-peluche","24":"product_tag-peluches","25":"product_tag-perros","26":"product_tag-pets-alive","27":"product_tag-sirena","28":"product_tag-sirenas","29":"product_tag-sonidos","30":"product_tag-sorpresa","31":"product_tag-suave","32":"product_tag-suaves","33":"product_tag-zuru","35":"first","36":"instock","37":"shipping-taxable","38":"purchasable","39":"product-type-simple"},"brands":[{"id":2075,"name":"ZURU","slug":"zuru"}],"_links":{"self":[{"href":"https:\/\/gamestore.com.uy\/store\/wp-json\/wp\/v2\/product\/28865","targetHints":{"allow":["GET"]}}],"collection":[{"href":"https:\/\/gamestore.com.uy\/store\/wp-json\/wp\/v2\/product"}],"about":[{"href":"https:\/\/gamestore.com.uy\/store\/wp-json\/wp\/v2\/types\/product"}],"version-history":[{"count":1,"href":"https:\/\/gamestore.com.uy\/store\/wp-json\/wp\/v2\/product\/28865\/revisions"}],"predecessor-version":[{"id":28876,"href":"https:\/\/gamestore.com.uy\/store\/wp-json\/wp\/v2\/product\/28865\/revisions\/28876"}],"wp:featuredmedia":[{"embeddable":true,"href":"https:\/\/gamestore.com.uy\/store\/wp-json\/wp\/v2\/media\/28866"}],"wp:attachment":[{"href":"https:\/\/gamestore.com.uy\/store\/wp-json\/wp\/v2\/media?parent=28865"}],"wp:term":[{"taxonomy":"pwb-brand","embeddable":true,"href":"https:\/\/gamestore.com.uy\/store\/wp-json\/wp\/v2\/pwb-brand?post=28865"},{"taxonomy":"product_brand","embeddable":true,"href":"https:\/\/gamestore.com.uy\/store\/wp-json\/wp\/v2\/product_brand?post=28865"},{"taxonomy":"product_cat","embeddable":true,"href":"https:\/\/gamestore.com.uy\/store\/wp-json\/wp\/v2\/product_cat?post=28865"},{"taxonomy":"product_tag","embeddable":true,"href":"https:\/\/gamestore.com.uy\/store\/wp-json\/wp\/v2\/product_tag?post=28865"}],"curies":[{"name":"wp","href":"https:\/\/api.w.org\/{rel}","templated":true}]}}