{"id":28924,"date":"2025-07-30T14:14:02","date_gmt":"2025-07-30T17:14:02","guid":{"rendered":"https:\/\/gamestore.com.uy\/store\/?post_type=product&#038;p=28924"},"modified":"2025-07-30T14:14:04","modified_gmt":"2025-07-30T17:14:04","slug":"grua-a-control-remoto-88cms-maquinas-de-carga-torre-de-construccion-giro-360","status":"publish","type":"product","link":"https:\/\/gamestore.com.uy\/store\/producto\/grua-a-control-remoto-88cms-maquinas-de-carga-torre-de-construccion-giro-360\/","title":{"rendered":"Gr\u00faa a Control Remoto 88cms Maquinas de Carga Torre de Construcci\u00f3n Giro 360\u00b0"},"content":{"rendered":"<p>Se trata de una gr\u00faa torre de juguete a control remoto, dise\u00f1ada para simular las funciones de una gr\u00faa de construcci\u00f3n real. <\/p>\n","protected":false},"excerpt":{"rendered":"<p>Se trata de una gr\u00faa torre de juguete a control remoto, dise\u00f1ada para simular las funciones de una gr\u00faa de construcci\u00f3n real.<\/p>\n","protected":false},"featured_media":28925,"template":"","meta":[],"pwb-brand":[],"product_brand":[],"product_cat":[280,131,359,156],"product_tag":[387,733,785,1525,1252,735,1521,734,1291,230],"class_list":{"0":"post-28924","1":"product","2":"type-product","3":"status-publish","4":"has-post-thumbnail","6":"product_cat-escenarios","7":"product_cat-juguetes","8":"product_cat-oficios","9":"product_cat-vehiculos","10":"product_tag-construccion","11":"product_tag-control","12":"product_tag-grua","13":"product_tag-maquina","14":"product_tag-maquinas","15":"product_tag-radiocontrolado","16":"product_tag-rc","17":"product_tag-remoto","18":"product_tag-torre","19":"product_tag-vehiculos","21":"first","22":"instock","23":"shipping-taxable","24":"purchasable","25":"product-type-simple"},"brands":[],"_links":{"self":[{"href":"https:\/\/gamestore.com.uy\/store\/wp-json\/wp\/v2\/product\/28924","targetHints":{"allow":["GET"]}}],"collection":[{"href":"https:\/\/gamestore.com.uy\/store\/wp-json\/wp\/v2\/product"}],"about":[{"href":"https:\/\/gamestore.com.uy\/store\/wp-json\/wp\/v2\/types\/product"}],"version-history":[{"count":1,"href":"https:\/\/gamestore.com.uy\/store\/wp-json\/wp\/v2\/product\/28924\/revisions"}],"predecessor-version":[{"id":28930,"href":"https:\/\/gamestore.com.uy\/store\/wp-json\/wp\/v2\/product\/28924\/revisions\/28930"}],"wp:featuredmedia":[{"embeddable":true,"href":"https:\/\/gamestore.com.uy\/store\/wp-json\/wp\/v2\/media\/28925"}],"wp:attachment":[{"href":"https:\/\/gamestore.com.uy\/store\/wp-json\/wp\/v2\/media?parent=28924"}],"wp:term":[{"taxonomy":"pwb-brand","embeddable":true,"href":"https:\/\/gamestore.com.uy\/store\/wp-json\/wp\/v2\/pwb-brand?post=28924"},{"taxonomy":"product_brand","embeddable":true,"href":"https:\/\/gamestore.com.uy\/store\/wp-json\/wp\/v2\/product_brand?post=28924"},{"taxonomy":"product_cat","embeddable":true,"href":"https:\/\/gamestore.com.uy\/store\/wp-json\/wp\/v2\/product_cat?post=28924"},{"taxonomy":"product_tag","embeddable":true,"href":"https:\/\/gamestore.com.uy\/store\/wp-json\/wp\/v2\/product_tag?post=28924"}],"curies":[{"name":"wp","href":"https:\/\/api.w.org\/{rel}","templated":true}]}}