{"id":28949,"date":"2025-07-31T10:42:42","date_gmt":"2025-07-31T13:42:42","guid":{"rendered":"https:\/\/gamestore.com.uy\/store\/?post_type=product&#038;p=28949"},"modified":"2025-07-31T10:42:45","modified_gmt":"2025-07-31T13:42:45","slug":"playset-camping-juego-de-campamento-con-fogata","status":"publish","type":"product","link":"https:\/\/gamestore.com.uy\/store\/producto\/playset-camping-juego-de-campamento-con-fogata\/","title":{"rendered":"Playset Camping Juego de Campamento con Fogata"},"content":{"rendered":"<p>Un fog\u00f3n simulado con luz.<br \/>\nAccesorios para asar, como comida de juguete (pollo, pescado, salchichas) y utensilios.<br \/>\nUn Farol de juguete con luz<br \/>\nEst\u00e1 dise\u00f1ado para fomentar el juego imaginativo y la simulaci\u00f3n de actividades al aire libre como acampar y hacer barbacoas.<\/p>\n","protected":false},"excerpt":{"rendered":"<p>Un fog\u00f3n simulado con luz. Accesorios para asar, como comida de juguete (pollo, pescado, salchichas) y utensilios. Un Farol de juguete con luz Est\u00e1 dise\u00f1ado para fomentar el juego imaginativo y la simulaci\u00f3n de actividades al aire libre como acampar y hacer barbacoas.<\/p>\n","protected":false},"featured_media":28952,"template":"","meta":[],"pwb-brand":[],"product_brand":[],"product_cat":[132,280,131,359],"product_tag":[1539,1535,1284,1541,1542,530,369,537,836,538,1283,1534,1538,1537,1536,783,281,597,1317,550,1540],"class_list":{"0":"post-28949","1":"product","2":"type-product","3":"status-publish","4":"has-post-thumbnail","6":"product_cat-airelibre","7":"product_cat-escenarios","8":"product_cat-juguetes","9":"product_cat-oficios","10":"product_tag-barbacoa","11":"product_tag-campamento","12":"product_tag-camping","13":"product_tag-carpa","14":"product_tag-carpita","15":"product_tag-casita","16":"product_tag-cocina","17":"product_tag-cocinita","18":"product_tag-comida","19":"product_tag-comidita","20":"product_tag-explorador","21":"product_tag-exploradores","22":"product_tag-farol","23":"product_tag-fogata","24":"product_tag-fogon","25":"product_tag-juegos","26":"product_tag-playset","27":"product_tag-primera-infancia","28":"product_tag-roles","29":"product_tag-set","30":"product_tag-simulacion","32":"first","33":"instock","34":"shipping-taxable","35":"purchasable","36":"product-type-simple"},"brands":[],"_links":{"self":[{"href":"https:\/\/gamestore.com.uy\/store\/wp-json\/wp\/v2\/product\/28949","targetHints":{"allow":["GET"]}}],"collection":[{"href":"https:\/\/gamestore.com.uy\/store\/wp-json\/wp\/v2\/product"}],"about":[{"href":"https:\/\/gamestore.com.uy\/store\/wp-json\/wp\/v2\/types\/product"}],"version-history":[{"count":1,"href":"https:\/\/gamestore.com.uy\/store\/wp-json\/wp\/v2\/product\/28949\/revisions"}],"predecessor-version":[{"id":28953,"href":"https:\/\/gamestore.com.uy\/store\/wp-json\/wp\/v2\/product\/28949\/revisions\/28953"}],"wp:featuredmedia":[{"embeddable":true,"href":"https:\/\/gamestore.com.uy\/store\/wp-json\/wp\/v2\/media\/28952"}],"wp:attachment":[{"href":"https:\/\/gamestore.com.uy\/store\/wp-json\/wp\/v2\/media?parent=28949"}],"wp:term":[{"taxonomy":"pwb-brand","embeddable":true,"href":"https:\/\/gamestore.com.uy\/store\/wp-json\/wp\/v2\/pwb-brand?post=28949"},{"taxonomy":"product_brand","embeddable":true,"href":"https:\/\/gamestore.com.uy\/store\/wp-json\/wp\/v2\/product_brand?post=28949"},{"taxonomy":"product_cat","embeddable":true,"href":"https:\/\/gamestore.com.uy\/store\/wp-json\/wp\/v2\/product_cat?post=28949"},{"taxonomy":"product_tag","embeddable":true,"href":"https:\/\/gamestore.com.uy\/store\/wp-json\/wp\/v2\/product_tag?post=28949"}],"curies":[{"name":"wp","href":"https:\/\/api.w.org\/{rel}","templated":true}]}}