{"id":28955,"date":"2025-07-31T10:47:19","date_gmt":"2025-07-31T13:47:19","guid":{"rendered":"https:\/\/gamestore.com.uy\/store\/?post_type=product&#038;p=28955"},"modified":"2025-07-31T10:49:11","modified_gmt":"2025-07-31T13:49:11","slug":"pileta-lavador-juego-de-cocina-infantil-canilla-real-de-agua","status":"publish","type":"product","link":"https:\/\/gamestore.com.uy\/store\/producto\/pileta-lavador-juego-de-cocina-infantil-canilla-real-de-agua\/","title":{"rendered":"Pileta Lavador Juego de Cocina Infantil Canilla Real de Agua"},"content":{"rendered":"<p>Toda peque\u00f1o sue\u00f1a con una cocina donde pueda cocinar y lavar los platos, El fregadero de la cocina est\u00e1 fabricado de forma tan realista que no dejar\u00e1 indiferente a ning\u00fan ni\u00f1o.<\/p>\n<p>Este modelo es un fregadero con grifo, vajilla y productos. El fregadero est\u00e1 dividido en dos partes: en una se puede usar el grifo y en la segunda se puede secar los platos. Lo m\u00e1s destacado del juego es la funcionalidad del grifo: el agua realmente fluye de \u00e9l. Hay varios estantes y ganchos sobre el fregadero para que pueda colocar platos limpios c\u00f3modamente.<\/p>\n","protected":false},"excerpt":{"rendered":"<p>Toda peque\u00f1o sue\u00f1a con una cocina donde pueda cocinar y lavar los platos, El fregadero de la cocina est\u00e1 fabricado de forma tan realista que no dejar\u00e1 indiferente a ning\u00fan ni\u00f1o. Este modelo es un fregadero con grifo, vajilla y productos. El fregadero est\u00e1 dividido en dos partes: en una se puede usar el grifo [&hellip;]<\/p>\n","protected":false},"featured_media":28956,"template":"","meta":[],"pwb-brand":[],"product_brand":[],"product_cat":[274,280,131,359],"product_tag":[775,742,831,369,537,1544,1545,1457,370,1512,361,536,1543,534,1317],"class_list":{"0":"post-28955","1":"product","2":"type-product","3":"status-publish","4":"has-post-thumbnail","6":"product_cat-accesorios","7":"product_cat-escenarios","8":"product_cat-juguetes","9":"product_cat-oficios","10":"product_tag-accesorios","11":"product_tag-agua","12":"product_tag-casitas","13":"product_tag-cocina","14":"product_tag-cocinita","15":"product_tag-escurridor","16":"product_tag-juegos-de-agua","17":"product_tag-lava","18":"product_tag-lavado","19":"product_tag-lavar","20":"product_tag-oficios","21":"product_tag-pileta","22":"product_tag-platos","23":"product_tag-rol","24":"product_tag-roles","26":"first","27":"instock","28":"shipping-taxable","29":"purchasable","30":"product-type-simple"},"brands":[],"_links":{"self":[{"href":"https:\/\/gamestore.com.uy\/store\/wp-json\/wp\/v2\/product\/28955","targetHints":{"allow":["GET"]}}],"collection":[{"href":"https:\/\/gamestore.com.uy\/store\/wp-json\/wp\/v2\/product"}],"about":[{"href":"https:\/\/gamestore.com.uy\/store\/wp-json\/wp\/v2\/types\/product"}],"version-history":[{"count":2,"href":"https:\/\/gamestore.com.uy\/store\/wp-json\/wp\/v2\/product\/28955\/revisions"}],"predecessor-version":[{"id":28967,"href":"https:\/\/gamestore.com.uy\/store\/wp-json\/wp\/v2\/product\/28955\/revisions\/28967"}],"wp:featuredmedia":[{"embeddable":true,"href":"https:\/\/gamestore.com.uy\/store\/wp-json\/wp\/v2\/media\/28956"}],"wp:attachment":[{"href":"https:\/\/gamestore.com.uy\/store\/wp-json\/wp\/v2\/media?parent=28955"}],"wp:term":[{"taxonomy":"pwb-brand","embeddable":true,"href":"https:\/\/gamestore.com.uy\/store\/wp-json\/wp\/v2\/pwb-brand?post=28955"},{"taxonomy":"product_brand","embeddable":true,"href":"https:\/\/gamestore.com.uy\/store\/wp-json\/wp\/v2\/product_brand?post=28955"},{"taxonomy":"product_cat","embeddable":true,"href":"https:\/\/gamestore.com.uy\/store\/wp-json\/wp\/v2\/product_cat?post=28955"},{"taxonomy":"product_tag","embeddable":true,"href":"https:\/\/gamestore.com.uy\/store\/wp-json\/wp\/v2\/product_tag?post=28955"}],"curies":[{"name":"wp","href":"https:\/\/api.w.org\/{rel}","templated":true}]}}