{"id":28998,"date":"2025-07-31T12:56:35","date_gmt":"2025-07-31T15:56:35","guid":{"rendered":"https:\/\/gamestore.com.uy\/store\/?post_type=product&#038;p=28998"},"modified":"2025-07-31T12:57:19","modified_gmt":"2025-07-31T15:57:19","slug":"playset-aeropuerto-completo-aviones-y-vehiculos","status":"publish","type":"product","link":"https:\/\/gamestore.com.uy\/store\/producto\/playset-aeropuerto-completo-aviones-y-vehiculos\/","title":{"rendered":"Playset Aeropuerto Completo Aviones y Veh\u00edculos"},"content":{"rendered":"<p>Tama\u00f1o de la caja 60 x 41cms.<br \/>\nIncluye una terminal de aeropuerto, pistas, una torre de control, hangares, aviones y varios veh\u00edculos de servicio (como camiones de equipaje, ambulancias, veh\u00edculos de polic\u00eda y helic\u00f3pteros), as\u00ed como figuras de personas.<br \/>\nCaracter\u00edsticas:<br \/>\nDise\u00f1ado para fomentar la creatividad, la imaginaci\u00f3n y el juego interactivo, permitiendo a los ni\u00f1os recrear escenas de viaje y aprender sobre el funcionamiento de un aeropuerto. <\/p>\n","protected":false},"excerpt":{"rendered":"<p>Tama\u00f1o de la caja 60 x 41cms. Incluye una terminal de aeropuerto, pistas, una torre de control, hangares, aviones y varios veh\u00edculos de servicio (como camiones de equipaje, ambulancias, veh\u00edculos de polic\u00eda y helic\u00f3pteros), as\u00ed como figuras de personas. Caracter\u00edsticas: Dise\u00f1ado para fomentar la creatividad, la imaginaci\u00f3n y el juego interactivo, permitiendo a los ni\u00f1os [&hellip;]<\/p>\n","protected":false},"featured_media":28999,"template":"","meta":[],"pwb-brand":[],"product_brand":[],"product_cat":[274,280,131,135,359,156],"product_tag":[1560,737,234,142,240,736,281,550,230],"class_list":{"0":"post-28998","1":"product","2":"type-product","3":"status-publish","4":"has-post-thumbnail","6":"product_cat-accesorios","7":"product_cat-escenarios","8":"product_cat-juguetes","9":"product_cat-muniecos","10":"product_cat-oficios","11":"product_cat-vehiculos","12":"product_tag-aereo","13":"product_tag-autos","14":"product_tag-avion","15":"product_tag-aviones","16":"product_tag-helicoptero","17":"product_tag-pista","18":"product_tag-playset","19":"product_tag-set","20":"product_tag-vehiculos","22":"first","23":"instock","24":"shipping-taxable","25":"purchasable","26":"product-type-simple"},"brands":[],"_links":{"self":[{"href":"https:\/\/gamestore.com.uy\/store\/wp-json\/wp\/v2\/product\/28998","targetHints":{"allow":["GET"]}}],"collection":[{"href":"https:\/\/gamestore.com.uy\/store\/wp-json\/wp\/v2\/product"}],"about":[{"href":"https:\/\/gamestore.com.uy\/store\/wp-json\/wp\/v2\/types\/product"}],"version-history":[{"count":2,"href":"https:\/\/gamestore.com.uy\/store\/wp-json\/wp\/v2\/product\/28998\/revisions"}],"predecessor-version":[{"id":29009,"href":"https:\/\/gamestore.com.uy\/store\/wp-json\/wp\/v2\/product\/28998\/revisions\/29009"}],"wp:featuredmedia":[{"embeddable":true,"href":"https:\/\/gamestore.com.uy\/store\/wp-json\/wp\/v2\/media\/28999"}],"wp:attachment":[{"href":"https:\/\/gamestore.com.uy\/store\/wp-json\/wp\/v2\/media?parent=28998"}],"wp:term":[{"taxonomy":"pwb-brand","embeddable":true,"href":"https:\/\/gamestore.com.uy\/store\/wp-json\/wp\/v2\/pwb-brand?post=28998"},{"taxonomy":"product_brand","embeddable":true,"href":"https:\/\/gamestore.com.uy\/store\/wp-json\/wp\/v2\/product_brand?post=28998"},{"taxonomy":"product_cat","embeddable":true,"href":"https:\/\/gamestore.com.uy\/store\/wp-json\/wp\/v2\/product_cat?post=28998"},{"taxonomy":"product_tag","embeddable":true,"href":"https:\/\/gamestore.com.uy\/store\/wp-json\/wp\/v2\/product_tag?post=28998"}],"curies":[{"name":"wp","href":"https:\/\/api.w.org\/{rel}","templated":true}]}}