{"id":29110,"date":"2025-08-01T16:07:19","date_gmt":"2025-08-01T19:07:19","guid":{"rendered":"https:\/\/gamestore.com.uy\/store\/?post_type=product&#038;p=29110"},"modified":"2025-08-01T16:07:21","modified_gmt":"2025-08-01T19:07:21","slug":"libro-con-texturas-y-sonidos-al-ritmo-de-los-dinos","status":"publish","type":"product","link":"https:\/\/gamestore.com.uy\/store\/producto\/libro-con-texturas-y-sonidos-al-ritmo-de-los-dinos\/","title":{"rendered":"Libro con Texturas y Sonidos Al Ritmo de los Dinos"},"content":{"rendered":"<p>Un libro para tocar y escuchar!<\/p>\n<p>Ficha t\u00e9cnica: 10 p\u00e1ginas de cart\u00f3n duro con texturas de silicona de 31 x 27 cm. Tapa de cart\u00f3n troquelada con textura de silicona y botonera con sonidos. Incluye bater\u00edas.<br \/>\nDisponible en 4 tomos diferentes<\/p>\n","protected":false},"excerpt":{"rendered":"<p>Un libro para tocar y escuchar! Ficha t\u00e9cnica: 10 p\u00e1ginas de cart\u00f3n duro con texturas de silicona de 31 x 27 cm. Tapa de cart\u00f3n troquelada con textura de silicona y botonera con sonidos. Incluye bater\u00edas. Disponible en 4 tomos diferentes<\/p>\n","protected":false},"featured_media":29111,"template":"","meta":[],"pwb-brand":[],"product_brand":[],"product_cat":[158,131,157],"product_tag":[429,625,435,738,855,1587,634,282,673,597,1259,283,1586],"class_list":{"0":"post-29110","1":"product","2":"type-product","3":"status-publish","4":"has-post-thumbnail","6":"product_cat-educativos","7":"product_cat-juguetes","8":"product_cat-libros","9":"product_tag-animales","10":"product_tag-animalitos","11":"product_tag-bebe","12":"product_tag-dinosaurios","13":"product_tag-granja","14":"product_tag-jungla","15":"product_tag-libro","16":"product_tag-libros","17":"product_tag-mascotas","18":"product_tag-primera-infancia","19":"product_tag-selva","20":"product_tag-sonidos","21":"product_tag-sonoros","23":"first","24":"instock","25":"shipping-taxable","26":"purchasable","27":"product-type-simple"},"brands":[],"_links":{"self":[{"href":"https:\/\/gamestore.com.uy\/store\/wp-json\/wp\/v2\/product\/29110","targetHints":{"allow":["GET"]}}],"collection":[{"href":"https:\/\/gamestore.com.uy\/store\/wp-json\/wp\/v2\/product"}],"about":[{"href":"https:\/\/gamestore.com.uy\/store\/wp-json\/wp\/v2\/types\/product"}],"version-history":[{"count":1,"href":"https:\/\/gamestore.com.uy\/store\/wp-json\/wp\/v2\/product\/29110\/revisions"}],"predecessor-version":[{"id":29113,"href":"https:\/\/gamestore.com.uy\/store\/wp-json\/wp\/v2\/product\/29110\/revisions\/29113"}],"wp:featuredmedia":[{"embeddable":true,"href":"https:\/\/gamestore.com.uy\/store\/wp-json\/wp\/v2\/media\/29111"}],"wp:attachment":[{"href":"https:\/\/gamestore.com.uy\/store\/wp-json\/wp\/v2\/media?parent=29110"}],"wp:term":[{"taxonomy":"pwb-brand","embeddable":true,"href":"https:\/\/gamestore.com.uy\/store\/wp-json\/wp\/v2\/pwb-brand?post=29110"},{"taxonomy":"product_brand","embeddable":true,"href":"https:\/\/gamestore.com.uy\/store\/wp-json\/wp\/v2\/product_brand?post=29110"},{"taxonomy":"product_cat","embeddable":true,"href":"https:\/\/gamestore.com.uy\/store\/wp-json\/wp\/v2\/product_cat?post=29110"},{"taxonomy":"product_tag","embeddable":true,"href":"https:\/\/gamestore.com.uy\/store\/wp-json\/wp\/v2\/product_tag?post=29110"}],"curies":[{"name":"wp","href":"https:\/\/api.w.org\/{rel}","templated":true}]}}