{"id":30396,"date":"2025-09-03T11:58:24","date_gmt":"2025-09-03T14:58:24","guid":{"rendered":"https:\/\/gamestore.com.uy\/store\/?post_type=product&#038;p=30396"},"modified":"2025-09-03T11:58:25","modified_gmt":"2025-09-03T14:58:25","slug":"cartera-pom-pom-manualidades-crea-y-personaliza-6-anos","status":"publish","type":"product","link":"https:\/\/gamestore.com.uy\/store\/producto\/cartera-pom-pom-manualidades-crea-y-personaliza-6-anos\/","title":{"rendered":"Cartera Pom Pom Manualidades Crea y Personaliza +6 a\u00f1os"},"content":{"rendered":"<p>Crea tu propia cartera de pompones\u00bb incluye todo lo necesario para decorar tu propio bolso: un ovillo de lana multicolor para pompones, malla para bolsas de pl\u00e1stico, correa de cadena met\u00e1lica, correa de perlas artificiales, aguja de pl\u00e1stico, ovillo de hilo de coser, aguja de crochet met\u00e1lica, cierres magn\u00e9ticos met\u00e1licos e instrucciones paso a paso.<br \/>\nUna idea de regalo \u00fanica y divertida!<\/p>\n","protected":false},"excerpt":{"rendered":"<p>Crea tu propia cartera de pompones\u00bb incluye todo lo necesario para decorar tu propio bolso: un ovillo de lana multicolor para pompones, malla para bolsas de pl\u00e1stico, correa de cadena met\u00e1lica, correa de perlas artificiales, aguja de pl\u00e1stico, ovillo de hilo de coser, aguja de crochet met\u00e1lica, cierres magn\u00e9ticos met\u00e1licos e instrucciones paso a paso. [&hellip;]<\/p>\n","protected":false},"featured_media":30397,"template":"","meta":[],"pwb-brand":[],"product_brand":[],"product_cat":[174,131,279],"product_tag":[1158,548,584,598,1723,1024,713],"class_list":{"0":"post-30396","1":"product","2":"type-product","3":"status-publish","4":"has-post-thumbnail","6":"product_cat-didacticos","7":"product_cat-juguetes","8":"product_cat-manuales","9":"product_tag-bolso","10":"product_tag-cartera","11":"product_tag-crea","12":"product_tag-creatividad","13":"product_tag-dye","14":"product_tag-manualidades","15":"product_tag-peluches","17":"first","18":"instock","19":"shipping-taxable","20":"purchasable","21":"product-type-simple"},"brands":[],"_links":{"self":[{"href":"https:\/\/gamestore.com.uy\/store\/wp-json\/wp\/v2\/product\/30396","targetHints":{"allow":["GET"]}}],"collection":[{"href":"https:\/\/gamestore.com.uy\/store\/wp-json\/wp\/v2\/product"}],"about":[{"href":"https:\/\/gamestore.com.uy\/store\/wp-json\/wp\/v2\/types\/product"}],"version-history":[{"count":1,"href":"https:\/\/gamestore.com.uy\/store\/wp-json\/wp\/v2\/product\/30396\/revisions"}],"predecessor-version":[{"id":30403,"href":"https:\/\/gamestore.com.uy\/store\/wp-json\/wp\/v2\/product\/30396\/revisions\/30403"}],"wp:featuredmedia":[{"embeddable":true,"href":"https:\/\/gamestore.com.uy\/store\/wp-json\/wp\/v2\/media\/30397"}],"wp:attachment":[{"href":"https:\/\/gamestore.com.uy\/store\/wp-json\/wp\/v2\/media?parent=30396"}],"wp:term":[{"taxonomy":"pwb-brand","embeddable":true,"href":"https:\/\/gamestore.com.uy\/store\/wp-json\/wp\/v2\/pwb-brand?post=30396"},{"taxonomy":"product_brand","embeddable":true,"href":"https:\/\/gamestore.com.uy\/store\/wp-json\/wp\/v2\/product_brand?post=30396"},{"taxonomy":"product_cat","embeddable":true,"href":"https:\/\/gamestore.com.uy\/store\/wp-json\/wp\/v2\/product_cat?post=30396"},{"taxonomy":"product_tag","embeddable":true,"href":"https:\/\/gamestore.com.uy\/store\/wp-json\/wp\/v2\/product_tag?post=30396"}],"curies":[{"name":"wp","href":"https:\/\/api.w.org\/{rel}","templated":true}]}}