{"id":30404,"date":"2025-09-03T13:00:57","date_gmt":"2025-09-03T16:00:57","guid":{"rendered":"https:\/\/gamestore.com.uy\/store\/?post_type=product&#038;p=30404"},"modified":"2025-09-03T13:00:58","modified_gmt":"2025-09-03T16:00:58","slug":"alcancia-dinosaurio-para-pintar-y-personalizar-manualidades-para-ninos","status":"publish","type":"product","link":"https:\/\/gamestore.com.uy\/store\/producto\/alcancia-dinosaurio-para-pintar-y-personalizar-manualidades-para-ninos\/","title":{"rendered":"Alcancia Dinosaurio Para Pintar y Personalizar Manualidades para Ni\u00f1os"},"content":{"rendered":"<p>Deja volar tu creatividad! \u00c9sta alcancia est\u00e1 lista para que t\u00fa la transformes en una pieza \u00fanica y m\u00e1gica. Ideal para todos los entusiastas del DIY, es perfecta para pintar y decorar con stickers a tu gusto<\/p>\n","protected":false},"excerpt":{"rendered":"<p>Deja volar tu creatividad! \u00c9sta alcancia est\u00e1 lista para que t\u00fa la transformes en una pieza \u00fanica y m\u00e1gica. Ideal para todos los entusiastas del DIY, es perfecta para pintar y decorar con stickers a tu gusto<\/p>\n","protected":false},"featured_media":30405,"template":"","meta":[],"pwb-brand":[],"product_brand":[],"product_cat":[174,131,279],"product_tag":[1724,584,598,614,615,591,1024],"class_list":{"0":"post-30404","1":"product","2":"type-product","3":"status-publish","4":"has-post-thumbnail","6":"product_cat-didacticos","7":"product_cat-juguetes","8":"product_cat-manuales","9":"product_tag-alcancias","10":"product_tag-crea","11":"product_tag-creatividad","12":"product_tag-dino","13":"product_tag-dinosaurio","14":"product_tag-manualidad","15":"product_tag-manualidades","17":"first","18":"instock","19":"shipping-taxable","20":"purchasable","21":"product-type-simple"},"brands":[],"_links":{"self":[{"href":"https:\/\/gamestore.com.uy\/store\/wp-json\/wp\/v2\/product\/30404","targetHints":{"allow":["GET"]}}],"collection":[{"href":"https:\/\/gamestore.com.uy\/store\/wp-json\/wp\/v2\/product"}],"about":[{"href":"https:\/\/gamestore.com.uy\/store\/wp-json\/wp\/v2\/types\/product"}],"version-history":[{"count":1,"href":"https:\/\/gamestore.com.uy\/store\/wp-json\/wp\/v2\/product\/30404\/revisions"}],"predecessor-version":[{"id":30406,"href":"https:\/\/gamestore.com.uy\/store\/wp-json\/wp\/v2\/product\/30404\/revisions\/30406"}],"wp:featuredmedia":[{"embeddable":true,"href":"https:\/\/gamestore.com.uy\/store\/wp-json\/wp\/v2\/media\/30405"}],"wp:attachment":[{"href":"https:\/\/gamestore.com.uy\/store\/wp-json\/wp\/v2\/media?parent=30404"}],"wp:term":[{"taxonomy":"pwb-brand","embeddable":true,"href":"https:\/\/gamestore.com.uy\/store\/wp-json\/wp\/v2\/pwb-brand?post=30404"},{"taxonomy":"product_brand","embeddable":true,"href":"https:\/\/gamestore.com.uy\/store\/wp-json\/wp\/v2\/product_brand?post=30404"},{"taxonomy":"product_cat","embeddable":true,"href":"https:\/\/gamestore.com.uy\/store\/wp-json\/wp\/v2\/product_cat?post=30404"},{"taxonomy":"product_tag","embeddable":true,"href":"https:\/\/gamestore.com.uy\/store\/wp-json\/wp\/v2\/product_tag?post=30404"}],"curies":[{"name":"wp","href":"https:\/\/api.w.org\/{rel}","templated":true}]}}