{"id":30414,"date":"2025-09-03T14:53:41","date_gmt":"2025-09-03T17:53:41","guid":{"rendered":"https:\/\/gamestore.com.uy\/store\/?post_type=product&#038;p=30414"},"modified":"2025-09-03T14:53:42","modified_gmt":"2025-09-03T17:53:42","slug":"kit-de-arte-ramo-de-flores-manualidades-6-anos","status":"publish","type":"product","link":"https:\/\/gamestore.com.uy\/store\/producto\/kit-de-arte-ramo-de-flores-manualidades-6-anos\/","title":{"rendered":"Kit de Arte Ramo de Flores Manualidades +6 a\u00f1os"},"content":{"rendered":"<p>El kit de ramo de flores DIY  es una actividad fascinante que permite a los ni\u00f1os demostrar su creatividad y habilidades artesanales creando un ramo de flores \u00fanico. El kit incluye todos los materiales y herramientas necesarios para comenzar su aventura creativa. Se utilizan flores, palitos suaves, papel decorativo y cinta para crear un ramo personalizado, adem\u00e1s de una herramienta para rascar para crear dise\u00f1os \u00fanicos. Los ni\u00f1os podr\u00e1n disfrutar personalizando sus flores y deleitarse con el resultado, creando un hermoso ramo que podr\u00e1n conservar o regalar a un ser querido<\/p>\n","protected":false},"excerpt":{"rendered":"<p>El kit de ramo de flores DIY es una actividad fascinante que permite a los ni\u00f1os demostrar su creatividad y habilidades artesanales creando un ramo de flores \u00fanico. El kit incluye todos los materiales y herramientas necesarios para comenzar su aventura creativa. Se utilizan flores, palitos suaves, papel decorativo y cinta para crear un ramo [&hellip;]<\/p>\n","protected":false},"featured_media":30415,"template":"","meta":[],"pwb-brand":[],"product_brand":[],"product_cat":[174,131,279],"product_tag":[1726,592,584,598,1081,1721,1725,1024],"class_list":{"0":"post-30414","1":"product","2":"type-product","3":"status-publish","4":"has-post-thumbnail","6":"product_cat-didacticos","7":"product_cat-juguetes","8":"product_cat-manuales","9":"product_tag-afte","10":"product_tag-arte","11":"product_tag-crea","12":"product_tag-creatividad","13":"product_tag-dibujo","14":"product_tag-flores","15":"product_tag-manual","16":"product_tag-manualidades","18":"first","19":"instock","20":"shipping-taxable","21":"purchasable","22":"product-type-simple"},"brands":[],"_links":{"self":[{"href":"https:\/\/gamestore.com.uy\/store\/wp-json\/wp\/v2\/product\/30414","targetHints":{"allow":["GET"]}}],"collection":[{"href":"https:\/\/gamestore.com.uy\/store\/wp-json\/wp\/v2\/product"}],"about":[{"href":"https:\/\/gamestore.com.uy\/store\/wp-json\/wp\/v2\/types\/product"}],"version-history":[{"count":1,"href":"https:\/\/gamestore.com.uy\/store\/wp-json\/wp\/v2\/product\/30414\/revisions"}],"predecessor-version":[{"id":30423,"href":"https:\/\/gamestore.com.uy\/store\/wp-json\/wp\/v2\/product\/30414\/revisions\/30423"}],"wp:featuredmedia":[{"embeddable":true,"href":"https:\/\/gamestore.com.uy\/store\/wp-json\/wp\/v2\/media\/30415"}],"wp:attachment":[{"href":"https:\/\/gamestore.com.uy\/store\/wp-json\/wp\/v2\/media?parent=30414"}],"wp:term":[{"taxonomy":"pwb-brand","embeddable":true,"href":"https:\/\/gamestore.com.uy\/store\/wp-json\/wp\/v2\/pwb-brand?post=30414"},{"taxonomy":"product_brand","embeddable":true,"href":"https:\/\/gamestore.com.uy\/store\/wp-json\/wp\/v2\/product_brand?post=30414"},{"taxonomy":"product_cat","embeddable":true,"href":"https:\/\/gamestore.com.uy\/store\/wp-json\/wp\/v2\/product_cat?post=30414"},{"taxonomy":"product_tag","embeddable":true,"href":"https:\/\/gamestore.com.uy\/store\/wp-json\/wp\/v2\/product_tag?post=30414"}],"curies":[{"name":"wp","href":"https:\/\/api.w.org\/{rel}","templated":true}]}}