{"id":30439,"date":"2025-09-03T17:20:20","date_gmt":"2025-09-03T20:20:20","guid":{"rendered":"https:\/\/gamestore.com.uy\/store\/?post_type=product&#038;p=30439"},"modified":"2025-09-03T17:20:21","modified_gmt":"2025-09-03T20:20:21","slug":"secretos-juegos-con-imagenes-para-trabajar-esi-educacion-sexual-4-anos","status":"publish","type":"product","link":"https:\/\/gamestore.com.uy\/store\/producto\/secretos-juegos-con-imagenes-para-trabajar-esi-educacion-sexual-4-anos\/","title":{"rendered":"Secretos Juegos con Imagenes para Trabajar ESI Educaci\u00f3n Sexual +4 a\u00f1os"},"content":{"rendered":"<p>Secretos<\/p>\n<p>\u2022 Secretos es una herramienta l\u00fadica para potenciar la comunicaci\u00f3n con las infancias en el marco de una Educaci\u00f3n Sexual Integral.<\/p>\n<p>\u2022 El juego propone a traves de im\u00e1genes estimular la conversaci\u00f3n con ni\u00f1os y ni\u00f1as para poder trabajar ESI.<\/p>\n<p>\u2022 Contiene un libro con ideas de juego y mucha informaci\u00f3n para poder llevar este material y usarlo en casa, con amigos y amigas, en instituciones, en el marco de una terapia, con un participante o peque\u00f1os y grandes grupos de personas.<\/p>\n<p>\u2022 Pensado para trabajar con ni\u00f1os y ni\u00f1as desde los 4 a\u00f1os en adelante y para usar con 1 o m\u00e1s participantes.<\/p>\n<p>\u2022 Contiene 10 tarjetas de cart\u00f3n, preguntas disparadoras del juego, una bolsa ecologica y un libro con ideas e informaci\u00f3n.<\/p>\n","protected":false},"excerpt":{"rendered":"<p>Secretos \u2022 Secretos es una herramienta l\u00fadica para potenciar la comunicaci\u00f3n con las infancias en el marco de una Educaci\u00f3n Sexual Integral. \u2022 El juego propone a traves de im\u00e1genes estimular la conversaci\u00f3n con ni\u00f1os y ni\u00f1as para poder trabajar ESI. \u2022 Contiene un libro con ideas de juego y mucha informaci\u00f3n para poder llevar [&hellip;]<\/p>\n","protected":false},"featured_media":30440,"template":"","meta":[],"pwb-brand":[],"product_brand":[],"product_cat":[158,133,131],"product_tag":[1732,1733,568,1484,1731,528],"class_list":{"0":"post-30439","1":"product","2":"type-product","3":"status-publish","4":"has-post-thumbnail","6":"product_cat-educativos","7":"product_cat-juegos-mesa","8":"product_cat-juguetes","9":"product_tag-educa","10":"product_tag-educar","11":"product_tag-educativo","12":"product_tag-juegos-de-mesa","13":"product_tag-sexual","14":"product_tag-unisex","16":"first","17":"instock","18":"shipping-taxable","19":"purchasable","20":"product-type-simple"},"brands":[],"_links":{"self":[{"href":"https:\/\/gamestore.com.uy\/store\/wp-json\/wp\/v2\/product\/30439","targetHints":{"allow":["GET"]}}],"collection":[{"href":"https:\/\/gamestore.com.uy\/store\/wp-json\/wp\/v2\/product"}],"about":[{"href":"https:\/\/gamestore.com.uy\/store\/wp-json\/wp\/v2\/types\/product"}],"version-history":[{"count":1,"href":"https:\/\/gamestore.com.uy\/store\/wp-json\/wp\/v2\/product\/30439\/revisions"}],"predecessor-version":[{"id":30444,"href":"https:\/\/gamestore.com.uy\/store\/wp-json\/wp\/v2\/product\/30439\/revisions\/30444"}],"wp:featuredmedia":[{"embeddable":true,"href":"https:\/\/gamestore.com.uy\/store\/wp-json\/wp\/v2\/media\/30440"}],"wp:attachment":[{"href":"https:\/\/gamestore.com.uy\/store\/wp-json\/wp\/v2\/media?parent=30439"}],"wp:term":[{"taxonomy":"pwb-brand","embeddable":true,"href":"https:\/\/gamestore.com.uy\/store\/wp-json\/wp\/v2\/pwb-brand?post=30439"},{"taxonomy":"product_brand","embeddable":true,"href":"https:\/\/gamestore.com.uy\/store\/wp-json\/wp\/v2\/product_brand?post=30439"},{"taxonomy":"product_cat","embeddable":true,"href":"https:\/\/gamestore.com.uy\/store\/wp-json\/wp\/v2\/product_cat?post=30439"},{"taxonomy":"product_tag","embeddable":true,"href":"https:\/\/gamestore.com.uy\/store\/wp-json\/wp\/v2\/product_tag?post=30439"}],"curies":[{"name":"wp","href":"https:\/\/api.w.org\/{rel}","templated":true}]}}