{"id":30456,"date":"2025-09-03T18:40:05","date_gmt":"2025-09-03T21:40:05","guid":{"rendered":"https:\/\/gamestore.com.uy\/store\/?post_type=product&#038;p=30456"},"modified":"2025-09-03T18:40:06","modified_gmt":"2025-09-03T21:40:06","slug":"cuentos-con-cubos-juego-de-mesa-educativo-4-anos","status":"publish","type":"product","link":"https:\/\/gamestore.com.uy\/store\/producto\/cuentos-con-cubos-juego-de-mesa-educativo-4-anos\/","title":{"rendered":"Cuentos con Cubos Juego de Mesa Educativo +4 a\u00f1os"},"content":{"rendered":"<p>Misma diversi\u00f3n de en ambos t\u00edtulos \u201cCuentos con cubos\u201d pero con personajes y situaciones fant\u00e1sticas.<\/p>\n<p>Se arrojan los dados para poder jugar y con las im\u00e1genes se van creando las historias fant\u00e1sticas m\u00e1s creativas.<\/p>\n<p>4 maneras diferentes de poder jugarlo. Incluye un cubo de las emociones para trabajarlas en cada historia.<\/p>\n<p>Cada cubo tiene una medida de 5cm x 5cm<\/p>\n","protected":false},"excerpt":{"rendered":"<p>Misma diversi\u00f3n de en ambos t\u00edtulos \u201cCuentos con cubos\u201d pero con personajes y situaciones fant\u00e1sticas. Se arrojan los dados para poder jugar y con las im\u00e1genes se van creando las historias fant\u00e1sticas m\u00e1s creativas. 4 maneras diferentes de poder jugarlo. Incluye un cubo de las emociones para trabajarlas en cada historia. Cada cubo tiene una [&hellip;]<\/p>\n","protected":false},"featured_media":30457,"template":"","meta":[],"pwb-brand":[],"product_brand":[],"product_cat":[158,133,131],"product_tag":[802,1378,569,628,711,1732,1737,1734,1736],"class_list":{"0":"post-30456","1":"product","2":"type-product","3":"status-publish","4":"has-post-thumbnail","6":"product_cat-educativos","7":"product_cat-juegos-mesa","8":"product_cat-juguetes","9":"product_tag-aprende","10":"product_tag-aprende-jugando","11":"product_tag-aprendizaje","12":"product_tag-cuentos","13":"product_tag-didactico","14":"product_tag-educa","15":"product_tag-educativos","16":"product_tag-emocion","17":"product_tag-emociones","19":"first","20":"instock","21":"shipping-taxable","22":"purchasable","23":"product-type-simple"},"brands":[],"_links":{"self":[{"href":"https:\/\/gamestore.com.uy\/store\/wp-json\/wp\/v2\/product\/30456","targetHints":{"allow":["GET"]}}],"collection":[{"href":"https:\/\/gamestore.com.uy\/store\/wp-json\/wp\/v2\/product"}],"about":[{"href":"https:\/\/gamestore.com.uy\/store\/wp-json\/wp\/v2\/types\/product"}],"version-history":[{"count":1,"href":"https:\/\/gamestore.com.uy\/store\/wp-json\/wp\/v2\/product\/30456\/revisions"}],"predecessor-version":[{"id":30460,"href":"https:\/\/gamestore.com.uy\/store\/wp-json\/wp\/v2\/product\/30456\/revisions\/30460"}],"wp:featuredmedia":[{"embeddable":true,"href":"https:\/\/gamestore.com.uy\/store\/wp-json\/wp\/v2\/media\/30457"}],"wp:attachment":[{"href":"https:\/\/gamestore.com.uy\/store\/wp-json\/wp\/v2\/media?parent=30456"}],"wp:term":[{"taxonomy":"pwb-brand","embeddable":true,"href":"https:\/\/gamestore.com.uy\/store\/wp-json\/wp\/v2\/pwb-brand?post=30456"},{"taxonomy":"product_brand","embeddable":true,"href":"https:\/\/gamestore.com.uy\/store\/wp-json\/wp\/v2\/product_brand?post=30456"},{"taxonomy":"product_cat","embeddable":true,"href":"https:\/\/gamestore.com.uy\/store\/wp-json\/wp\/v2\/product_cat?post=30456"},{"taxonomy":"product_tag","embeddable":true,"href":"https:\/\/gamestore.com.uy\/store\/wp-json\/wp\/v2\/product_tag?post=30456"}],"curies":[{"name":"wp","href":"https:\/\/api.w.org\/{rel}","templated":true}]}}