{"id":31240,"date":"2025-10-20T12:37:33","date_gmt":"2025-10-20T15:37:33","guid":{"rendered":"https:\/\/gamestore.com.uy\/store\/?post_type=product&#038;p=31240"},"modified":"2025-10-20T13:58:47","modified_gmt":"2025-10-20T16:58:47","slug":"auto-de-acrobacias-control-remoto-por-gesto-guante-luces-sonidos","status":"publish","type":"product","link":"https:\/\/gamestore.com.uy\/store\/producto\/auto-de-acrobacias-control-remoto-por-gesto-guante-luces-sonidos\/","title":{"rendered":"Auto de Acrobacias Control Remoto por Gesto Guante Luces Sonidos"},"content":{"rendered":"<p>Color: rojo,<br \/>\nTama\u00f1o: 28*19*8,5 cm<br \/>\nDistancia de control remoto: 50-100M<br \/>\nBater\u00eda: 3,7 V 1200 mAh<br \/>\nTiempo de trabajo: 30 minutos<br \/>\nFunci\u00f3n de pulverizaci\u00f3n: la caja de cola se puede llenar con agua y hay una funci\u00f3n de pulverizaci\u00f3n de agua<br \/>\nControl remoto: control remoto de guante<\/p>\n","protected":false},"excerpt":{"rendered":"<p>Color: rojo, Tama\u00f1o: 28*19*8,5 cm Distancia de control remoto: 50-100M Bater\u00eda: 3,7 V 1200 mAh Tiempo de trabajo: 30 minutos Funci\u00f3n de pulverizaci\u00f3n: la caja de cola se puede llenar con agua y hay una funci\u00f3n de pulverizaci\u00f3n de agua Control remoto: control remoto de guante<\/p>\n","protected":false},"featured_media":31241,"template":"","meta":[],"pwb-brand":[],"product_brand":[],"product_cat":[131,156],"product_tag":[851,742,737,1812,733,436,735,1521,734,283,751,230],"class_list":{"0":"post-31240","1":"product","2":"type-product","3":"status-publish","4":"has-post-thumbnail","6":"product_cat-juguetes","7":"product_cat-vehiculos","8":"product_tag-851","9":"product_tag-agua","10":"product_tag-autos","11":"product_tag-car","12":"product_tag-control","13":"product_tag-luces","14":"product_tag-radiocontrolado","15":"product_tag-rc","16":"product_tag-remoto","17":"product_tag-sonidos","18":"product_tag-vehiculo","19":"product_tag-vehiculos","21":"first","22":"instock","23":"shipping-taxable","24":"purchasable","25":"product-type-simple"},"brands":[],"_links":{"self":[{"href":"https:\/\/gamestore.com.uy\/store\/wp-json\/wp\/v2\/product\/31240","targetHints":{"allow":["GET"]}}],"collection":[{"href":"https:\/\/gamestore.com.uy\/store\/wp-json\/wp\/v2\/product"}],"about":[{"href":"https:\/\/gamestore.com.uy\/store\/wp-json\/wp\/v2\/types\/product"}],"version-history":[{"count":1,"href":"https:\/\/gamestore.com.uy\/store\/wp-json\/wp\/v2\/product\/31240\/revisions"}],"predecessor-version":[{"id":31250,"href":"https:\/\/gamestore.com.uy\/store\/wp-json\/wp\/v2\/product\/31240\/revisions\/31250"}],"wp:featuredmedia":[{"embeddable":true,"href":"https:\/\/gamestore.com.uy\/store\/wp-json\/wp\/v2\/media\/31241"}],"wp:attachment":[{"href":"https:\/\/gamestore.com.uy\/store\/wp-json\/wp\/v2\/media?parent=31240"}],"wp:term":[{"taxonomy":"pwb-brand","embeddable":true,"href":"https:\/\/gamestore.com.uy\/store\/wp-json\/wp\/v2\/pwb-brand?post=31240"},{"taxonomy":"product_brand","embeddable":true,"href":"https:\/\/gamestore.com.uy\/store\/wp-json\/wp\/v2\/product_brand?post=31240"},{"taxonomy":"product_cat","embeddable":true,"href":"https:\/\/gamestore.com.uy\/store\/wp-json\/wp\/v2\/product_cat?post=31240"},{"taxonomy":"product_tag","embeddable":true,"href":"https:\/\/gamestore.com.uy\/store\/wp-json\/wp\/v2\/product_tag?post=31240"}],"curies":[{"name":"wp","href":"https:\/\/api.w.org\/{rel}","templated":true}]}}