{"id":31273,"date":"2025-10-20T13:51:10","date_gmt":"2025-10-20T16:51:10","guid":{"rendered":"https:\/\/gamestore.com.uy\/store\/?post_type=product&#038;p=31273"},"modified":"2025-10-20T13:51:12","modified_gmt":"2025-10-20T16:51:12","slug":"kit-para-hacer-collares-y-pulseras-con-madera-stickers-y-cuentas","status":"publish","type":"product","link":"https:\/\/gamestore.com.uy\/store\/producto\/kit-para-hacer-collares-y-pulseras-con-madera-stickers-y-cuentas\/","title":{"rendered":"Kit para Hacer Collares y Pulseras con Madera Stickers y Cuentas"},"content":{"rendered":"<p>Este kit est\u00e1 dise\u00f1ado para que los ni\u00f1os de 6 a\u00f1os o m\u00e1s creen sus propios collares y pulseras.<br \/>\nEl kit incluye lo siguiente:<br \/>\n6 colgantes de madera para pintar.<br \/>\nDiferentes estilos de pegatinas, calcoman\u00edas y cuentas de colores para decorar.<br \/>\nCadenas para collares y otros accesorios para crear diferentes piezas de joyer\u00eda. <\/p>\n","protected":false},"excerpt":{"rendered":"<p>Este kit est\u00e1 dise\u00f1ado para que los ni\u00f1os de 6 a\u00f1os o m\u00e1s creen sus propios collares y pulseras. El kit incluye lo siguiente: 6 colgantes de madera para pintar. Diferentes estilos de pegatinas, calcoman\u00edas y cuentas de colores para decorar. Cadenas para collares y otros accesorios para crear diferentes piezas de joyer\u00eda.<\/p>\n","protected":false},"featured_media":31274,"template":"","meta":[],"pwb-brand":[],"product_brand":[],"product_cat":[174,131,279],"product_tag":[771,584,790,1821,1820,600,591,1024,770],"class_list":{"0":"post-31273","1":"product","2":"type-product","3":"status-publish","4":"has-post-thumbnail","6":"product_cat-didacticos","7":"product_cat-juguetes","8":"product_cat-manuales","9":"product_tag-collares","10":"product_tag-crea","11":"product_tag-crear","12":"product_tag-decorar","13":"product_tag-diy","14":"product_tag-madera","15":"product_tag-manualidad","16":"product_tag-manualidades","17":"product_tag-pulseras","19":"first","20":"instock","21":"shipping-taxable","22":"purchasable","23":"product-type-simple"},"brands":[],"_links":{"self":[{"href":"https:\/\/gamestore.com.uy\/store\/wp-json\/wp\/v2\/product\/31273","targetHints":{"allow":["GET"]}}],"collection":[{"href":"https:\/\/gamestore.com.uy\/store\/wp-json\/wp\/v2\/product"}],"about":[{"href":"https:\/\/gamestore.com.uy\/store\/wp-json\/wp\/v2\/types\/product"}],"version-history":[{"count":1,"href":"https:\/\/gamestore.com.uy\/store\/wp-json\/wp\/v2\/product\/31273\/revisions"}],"predecessor-version":[{"id":31275,"href":"https:\/\/gamestore.com.uy\/store\/wp-json\/wp\/v2\/product\/31273\/revisions\/31275"}],"wp:featuredmedia":[{"embeddable":true,"href":"https:\/\/gamestore.com.uy\/store\/wp-json\/wp\/v2\/media\/31274"}],"wp:attachment":[{"href":"https:\/\/gamestore.com.uy\/store\/wp-json\/wp\/v2\/media?parent=31273"}],"wp:term":[{"taxonomy":"pwb-brand","embeddable":true,"href":"https:\/\/gamestore.com.uy\/store\/wp-json\/wp\/v2\/pwb-brand?post=31273"},{"taxonomy":"product_brand","embeddable":true,"href":"https:\/\/gamestore.com.uy\/store\/wp-json\/wp\/v2\/product_brand?post=31273"},{"taxonomy":"product_cat","embeddable":true,"href":"https:\/\/gamestore.com.uy\/store\/wp-json\/wp\/v2\/product_cat?post=31273"},{"taxonomy":"product_tag","embeddable":true,"href":"https:\/\/gamestore.com.uy\/store\/wp-json\/wp\/v2\/product_tag?post=31273"}],"curies":[{"name":"wp","href":"https:\/\/api.w.org\/{rel}","templated":true}]}}