{"id":31281,"date":"2025-10-20T15:24:43","date_gmt":"2025-10-20T18:24:43","guid":{"rendered":"https:\/\/gamestore.com.uy\/store\/?post_type=product&#038;p=31281"},"modified":"2026-02-28T18:46:16","modified_gmt":"2026-02-28T21:46:16","slug":"modric-real-de-madrid-figura-12cms-coleccionable-futbol-minix","status":"publish","type":"product","link":"https:\/\/gamestore.com.uy\/store\/producto\/modric-real-de-madrid-figura-12cms-coleccionable-futbol-minix\/","title":{"rendered":"Modri\u0107 Real de Madrid Figura 12cms Coleccionable Futbol Minix"},"content":{"rendered":"<p>Presentamos la figura coleccionable Minix de 12 cm, una pieza de lujo \u00fanica, creada para honrar a la ic\u00f3nica superestrella del f\u00fatbol.<\/p>\n","protected":false},"excerpt":{"rendered":"<p>Presentamos la figura coleccionable Minix de 12 cm, una pieza de lujo \u00fanica, creada para honrar a la ic\u00f3nica superestrella del f\u00fatbol.<\/p>\n","protected":false},"featured_media":31282,"template":"","meta":[],"pwb-brand":[2081],"product_brand":[],"product_cat":[136,131,135],"product_tag":[920,1012,1823,1822,613],"class_list":{"0":"post-31281","1":"product","2":"type-product","3":"status-publish","4":"has-post-thumbnail","6":"pwb-brand-minix","7":"product_cat-coleccionables","8":"product_cat-juguetes","9":"product_cat-muniecos","10":"product_tag-coleccion","11":"product_tag-futbol","12":"product_tag-jugadores","13":"product_tag-modric","14":"product_tag-muneco","16":"first","17":"instock","18":"shipping-taxable","19":"purchasable","20":"product-type-simple"},"brands":[{"id":2081,"name":"MINIX","slug":"minix"}],"_links":{"self":[{"href":"https:\/\/gamestore.com.uy\/store\/wp-json\/wp\/v2\/product\/31281","targetHints":{"allow":["GET"]}}],"collection":[{"href":"https:\/\/gamestore.com.uy\/store\/wp-json\/wp\/v2\/product"}],"about":[{"href":"https:\/\/gamestore.com.uy\/store\/wp-json\/wp\/v2\/types\/product"}],"version-history":[{"count":1,"href":"https:\/\/gamestore.com.uy\/store\/wp-json\/wp\/v2\/product\/31281\/revisions"}],"predecessor-version":[{"id":31287,"href":"https:\/\/gamestore.com.uy\/store\/wp-json\/wp\/v2\/product\/31281\/revisions\/31287"}],"wp:featuredmedia":[{"embeddable":true,"href":"https:\/\/gamestore.com.uy\/store\/wp-json\/wp\/v2\/media\/31282"}],"wp:attachment":[{"href":"https:\/\/gamestore.com.uy\/store\/wp-json\/wp\/v2\/media?parent=31281"}],"wp:term":[{"taxonomy":"pwb-brand","embeddable":true,"href":"https:\/\/gamestore.com.uy\/store\/wp-json\/wp\/v2\/pwb-brand?post=31281"},{"taxonomy":"product_brand","embeddable":true,"href":"https:\/\/gamestore.com.uy\/store\/wp-json\/wp\/v2\/product_brand?post=31281"},{"taxonomy":"product_cat","embeddable":true,"href":"https:\/\/gamestore.com.uy\/store\/wp-json\/wp\/v2\/product_cat?post=31281"},{"taxonomy":"product_tag","embeddable":true,"href":"https:\/\/gamestore.com.uy\/store\/wp-json\/wp\/v2\/product_tag?post=31281"}],"curies":[{"name":"wp","href":"https:\/\/api.w.org\/{rel}","templated":true}]}}