{"id":31655,"date":"2025-11-14T13:50:26","date_gmt":"2025-11-14T16:50:26","guid":{"rendered":"https:\/\/gamestore.com.uy\/store\/?post_type=product&#038;p=31655"},"modified":"2025-11-14T14:22:13","modified_gmt":"2025-11-14T17:22:13","slug":"robo-alive-monstruo-marino-pulpo-activado-con-el-agua-20-sorpresas","status":"publish","type":"product","link":"https:\/\/gamestore.com.uy\/store\/producto\/robo-alive-monstruo-marino-pulpo-activado-con-el-agua-20-sorpresas\/","title":{"rendered":"Robo Alive Monstruo Marino Pulpo Activado con el Agua +20 Sorpresas"},"content":{"rendered":"<p>SUM\u00c9RGETE: \u00c1brelo y construye tu propio monstruo marino con la baba que contiene.<br \/>\nDESEMBALAJE SORPRESA: Sum\u00e9rgete y encuentra m\u00e1s de 20 \u00e9picas sorpresas en su interior.<br \/>\nACTIVACI\u00d3N ACU\u00c1TICA: Coloca tu monstruo en el agua y observa c\u00f3mo cobra vida.<br \/>\nCOLECCI\u00d3NALAS TODAS: \u00bfCu\u00e1l de los 2 monstruos marinos sacar\u00e1s del agua?<br \/>\nBABAS: \u00a1Escarba entre las babas para descubrir tu monstruo marino activado por el agua!<\/p>\n","protected":false},"excerpt":{"rendered":"<p>SUM\u00c9RGETE: \u00c1brelo y construye tu propio monstruo marino con la baba que contiene. DESEMBALAJE SORPRESA: Sum\u00e9rgete y encuentra m\u00e1s de 20 \u00e9picas sorpresas en su interior. ACTIVACI\u00d3N ACU\u00c1TICA: Coloca tu monstruo en el agua y observa c\u00f3mo cobra vida. COLECCI\u00d3NALAS TODAS: \u00bfCu\u00e1l de los 2 monstruos marinos sacar\u00e1s del agua? BABAS: \u00a1Escarba entre las babas [&hellip;]<\/p>\n","protected":false},"featured_media":31656,"template":"","meta":[],"pwb-brand":[675],"product_brand":[],"product_cat":[274,132,136,161,280,131,135,266],"product_tag":[1865,742,429,1518,692,1868,1029,1493,1867,1866,889,710,674,721],"class_list":{"0":"post-31655","1":"product","2":"type-product","3":"status-publish","4":"has-post-thumbnail","6":"pwb-brand-roboalive","7":"product_cat-accesorios","8":"product_cat-airelibre","9":"product_cat-coleccionables","10":"product_cat-construccion","11":"product_cat-escenarios","12":"product_cat-juguetes","13":"product_cat-muniecos","14":"product_cat-robots","15":"product_tag-activado","16":"product_tag-agua","17":"product_tag-animales","18":"product_tag-capsula","19":"product_tag-huevo","20":"product_tag-juego-de-agua","21":"product_tag-mar","22":"product_tag-marino","23":"product_tag-pulpito","24":"product_tag-pulpo","25":"product_tag-sopresa","26":"product_tag-sorpresas","27":"product_tag-surprise","28":"product_tag-zuru","30":"first","31":"instock","32":"shipping-taxable","33":"purchasable","34":"product-type-simple"},"brands":[{"id":675,"name":"RoboAlive","slug":"roboalive"}],"_links":{"self":[{"href":"https:\/\/gamestore.com.uy\/store\/wp-json\/wp\/v2\/product\/31655","targetHints":{"allow":["GET"]}}],"collection":[{"href":"https:\/\/gamestore.com.uy\/store\/wp-json\/wp\/v2\/product"}],"about":[{"href":"https:\/\/gamestore.com.uy\/store\/wp-json\/wp\/v2\/types\/product"}],"version-history":[{"count":2,"href":"https:\/\/gamestore.com.uy\/store\/wp-json\/wp\/v2\/product\/31655\/revisions"}],"predecessor-version":[{"id":31687,"href":"https:\/\/gamestore.com.uy\/store\/wp-json\/wp\/v2\/product\/31655\/revisions\/31687"}],"wp:featuredmedia":[{"embeddable":true,"href":"https:\/\/gamestore.com.uy\/store\/wp-json\/wp\/v2\/media\/31656"}],"wp:attachment":[{"href":"https:\/\/gamestore.com.uy\/store\/wp-json\/wp\/v2\/media?parent=31655"}],"wp:term":[{"taxonomy":"pwb-brand","embeddable":true,"href":"https:\/\/gamestore.com.uy\/store\/wp-json\/wp\/v2\/pwb-brand?post=31655"},{"taxonomy":"product_brand","embeddable":true,"href":"https:\/\/gamestore.com.uy\/store\/wp-json\/wp\/v2\/product_brand?post=31655"},{"taxonomy":"product_cat","embeddable":true,"href":"https:\/\/gamestore.com.uy\/store\/wp-json\/wp\/v2\/product_cat?post=31655"},{"taxonomy":"product_tag","embeddable":true,"href":"https:\/\/gamestore.com.uy\/store\/wp-json\/wp\/v2\/product_tag?post=31655"}],"curies":[{"name":"wp","href":"https:\/\/api.w.org\/{rel}","templated":true}]}}