{"id":31679,"date":"2025-11-14T14:18:07","date_gmt":"2025-11-14T17:18:07","guid":{"rendered":"https:\/\/gamestore.com.uy\/store\/?post_type=product&#038;p=31679"},"modified":"2026-02-28T16:00:16","modified_gmt":"2026-02-28T19:00:16","slug":"rainbocorns-eggzania-frozen-mania-huevo-sopresa-peluches","status":"publish","type":"product","link":"https:\/\/gamestore.com.uy\/store\/producto\/rainbocorns-eggzania-frozen-mania-huevo-sopresa-peluches\/","title":{"rendered":"Rainbocorns Eggzania Frozen Mania Huevo Sopresa Peluches"},"content":{"rendered":"<p>huevo m\u00e1gico con un abrazo gigante para revelar y conocer tu nuevo peluche y descubrir m\u00e1s de 10 sorpresas m\u00e1gicas!<br \/>\nRARO SNOWMAN: \u00bfEncontrar\u00e1s el raro mu\u00f1eco de nieve?<br \/>\nCORAZ\u00d3N M\u00c1GICO: \u00a1Pelar para revelar su coraz\u00f3n m\u00e1gico!<br \/>\nACCESORIOS PORTABLES: Desbloquea la magia y la diversi\u00f3n sin fin con encantadores accesorios port\u00e1tiles.<br \/>\nCOLECCI\u00d3NLOS TODOS: \u00a1Encuentra los 7 y embarcarte en una aventura con tu nueva mejor amiga de Frozencorn!<\/p>\n","protected":false},"excerpt":{"rendered":"<p>huevo m\u00e1gico con un abrazo gigante para revelar y conocer tu nuevo peluche y descubrir m\u00e1s de 10 sorpresas m\u00e1gicas! RARO SNOWMAN: \u00bfEncontrar\u00e1s el raro mu\u00f1eco de nieve? CORAZ\u00d3N M\u00c1GICO: \u00a1Pelar para revelar su coraz\u00f3n m\u00e1gico! ACCESORIOS PORTABLES: Desbloquea la magia y la diversi\u00f3n sin fin con encantadores accesorios port\u00e1tiles. COLECCI\u00d3NLOS TODOS: \u00a1Encuentra los 7 [&hellip;]<\/p>\n","protected":false},"featured_media":31682,"template":"","meta":[],"pwb-brand":[682],"product_brand":[],"product_cat":[136,131,135],"product_tag":[625,1518,920,139,1870,949,923,692,672,544,673,452,713,671,710,622,674],"class_list":{"0":"post-31679","1":"product","2":"type-product","3":"status-publish","4":"has-post-thumbnail","6":"pwb-brand-rainbowcorns","7":"product_cat-coleccionables","8":"product_cat-juguetes","9":"product_cat-muniecos","10":"product_tag-animalitos","11":"product_tag-capsula","12":"product_tag-coleccion","13":"product_tag-coleccionables","14":"product_tag-frio","15":"product_tag-frozen","16":"product_tag-hielo","17":"product_tag-huevo","18":"product_tag-huevos","19":"product_tag-mascota","20":"product_tag-mascotas","21":"product_tag-mini","22":"product_tag-peluches","23":"product_tag-sorpresa","24":"product_tag-sorpresas","25":"product_tag-suave","26":"product_tag-surprise","28":"first","29":"instock","30":"shipping-taxable","31":"purchasable","32":"product-type-simple"},"brands":[{"id":682,"name":"Rainbowcorns","slug":"rainbowcorns"}],"_links":{"self":[{"href":"https:\/\/gamestore.com.uy\/store\/wp-json\/wp\/v2\/product\/31679","targetHints":{"allow":["GET"]}}],"collection":[{"href":"https:\/\/gamestore.com.uy\/store\/wp-json\/wp\/v2\/product"}],"about":[{"href":"https:\/\/gamestore.com.uy\/store\/wp-json\/wp\/v2\/types\/product"}],"version-history":[{"count":1,"href":"https:\/\/gamestore.com.uy\/store\/wp-json\/wp\/v2\/product\/31679\/revisions"}],"predecessor-version":[{"id":31686,"href":"https:\/\/gamestore.com.uy\/store\/wp-json\/wp\/v2\/product\/31679\/revisions\/31686"}],"wp:featuredmedia":[{"embeddable":true,"href":"https:\/\/gamestore.com.uy\/store\/wp-json\/wp\/v2\/media\/31682"}],"wp:attachment":[{"href":"https:\/\/gamestore.com.uy\/store\/wp-json\/wp\/v2\/media?parent=31679"}],"wp:term":[{"taxonomy":"pwb-brand","embeddable":true,"href":"https:\/\/gamestore.com.uy\/store\/wp-json\/wp\/v2\/pwb-brand?post=31679"},{"taxonomy":"product_brand","embeddable":true,"href":"https:\/\/gamestore.com.uy\/store\/wp-json\/wp\/v2\/product_brand?post=31679"},{"taxonomy":"product_cat","embeddable":true,"href":"https:\/\/gamestore.com.uy\/store\/wp-json\/wp\/v2\/product_cat?post=31679"},{"taxonomy":"product_tag","embeddable":true,"href":"https:\/\/gamestore.com.uy\/store\/wp-json\/wp\/v2\/product_tag?post=31679"}],"curies":[{"name":"wp","href":"https:\/\/api.w.org\/{rel}","templated":true}]}}