{"id":31688,"date":"2025-11-14T14:31:02","date_gmt":"2025-11-14T17:31:02","guid":{"rendered":"https:\/\/gamestore.com.uy\/store\/?post_type=product&#038;p=31688"},"modified":"2026-02-28T18:36:25","modified_gmt":"2026-02-28T21:36:25","slug":"rainbocorns-adopt-baby-corn-huevo-15-sopresas-peluches-panal","status":"publish","type":"product","link":"https:\/\/gamestore.com.uy\/store\/producto\/rainbocorns-adopt-baby-corn-huevo-15-sopresas-peluches-panal\/","title":{"rendered":"Rainbocorns Adopt Baby Corn Huevo +15 Sopresas Peluches Pa\u00f1al"},"content":{"rendered":"<p>Descubre m\u00e1s de 15 adorables sorpresas con Adopt-A-Corn de Zuru Rainbocorns! Cada beb\u00e9 Rainbocorn viene con un huevo de pa\u00f1al reutilizable, un chupete y corazones despegables y reveladores para mayor diversi\u00f3n. Con 7 para adoptar, completa tu colecci\u00f3n y hazla oficial con el certificado de adopci\u00f3n incluido.<\/p>\n","protected":false},"excerpt":{"rendered":"<p>Descubre m\u00e1s de 15 adorables sorpresas con Adopt-A-Corn de Zuru Rainbocorns! Cada beb\u00e9 Rainbocorn viene con un huevo de pa\u00f1al reutilizable, un chupete y corazones despegables y reveladores para mayor diversi\u00f3n. Con 7 para adoptar, completa tu colecci\u00f3n y hazla oficial con el certificado de adopci\u00f3n incluido.<\/p>\n","protected":false},"featured_media":31693,"template":"","meta":[],"pwb-brand":[682,2075],"product_brand":[],"product_cat":[274,136,280,131,135],"product_tag":[1871,625,435,1518,692,672,673,1430,242,713,671,710,622,674,721],"class_list":{"0":"post-31688","1":"product","2":"type-product","3":"status-publish","4":"has-post-thumbnail","6":"pwb-brand-rainbowcorns","7":"pwb-brand-zuru","8":"product_cat-accesorios","9":"product_cat-coleccionables","10":"product_cat-escenarios","11":"product_cat-juguetes","12":"product_cat-muniecos","13":"product_tag-adopta","14":"product_tag-animalitos","15":"product_tag-bebe","16":"product_tag-capsula","17":"product_tag-huevo","18":"product_tag-huevos","19":"product_tag-mascotas","20":"product_tag-panal","21":"product_tag-peluche","22":"product_tag-peluches","23":"product_tag-sorpresa","24":"product_tag-sorpresas","25":"product_tag-suave","26":"product_tag-surprise","27":"product_tag-zuru","29":"first","30":"instock","31":"shipping-taxable","32":"purchasable","33":"product-type-simple"},"brands":[{"id":682,"name":"Rainbowcorns","slug":"rainbowcorns"},{"id":2075,"name":"ZURU","slug":"zuru"}],"_links":{"self":[{"href":"https:\/\/gamestore.com.uy\/store\/wp-json\/wp\/v2\/product\/31688","targetHints":{"allow":["GET"]}}],"collection":[{"href":"https:\/\/gamestore.com.uy\/store\/wp-json\/wp\/v2\/product"}],"about":[{"href":"https:\/\/gamestore.com.uy\/store\/wp-json\/wp\/v2\/types\/product"}],"version-history":[{"count":1,"href":"https:\/\/gamestore.com.uy\/store\/wp-json\/wp\/v2\/product\/31688\/revisions"}],"predecessor-version":[{"id":31700,"href":"https:\/\/gamestore.com.uy\/store\/wp-json\/wp\/v2\/product\/31688\/revisions\/31700"}],"wp:featuredmedia":[{"embeddable":true,"href":"https:\/\/gamestore.com.uy\/store\/wp-json\/wp\/v2\/media\/31693"}],"wp:attachment":[{"href":"https:\/\/gamestore.com.uy\/store\/wp-json\/wp\/v2\/media?parent=31688"}],"wp:term":[{"taxonomy":"pwb-brand","embeddable":true,"href":"https:\/\/gamestore.com.uy\/store\/wp-json\/wp\/v2\/pwb-brand?post=31688"},{"taxonomy":"product_brand","embeddable":true,"href":"https:\/\/gamestore.com.uy\/store\/wp-json\/wp\/v2\/product_brand?post=31688"},{"taxonomy":"product_cat","embeddable":true,"href":"https:\/\/gamestore.com.uy\/store\/wp-json\/wp\/v2\/product_cat?post=31688"},{"taxonomy":"product_tag","embeddable":true,"href":"https:\/\/gamestore.com.uy\/store\/wp-json\/wp\/v2\/product_tag?post=31688"}],"curies":[{"name":"wp","href":"https:\/\/api.w.org\/{rel}","templated":true}]}}