{"id":31977,"date":"2025-11-18T15:43:07","date_gmt":"2025-11-18T18:43:07","guid":{"rendered":"https:\/\/gamestore.com.uy\/store\/?post_type=product&#038;p=31977"},"modified":"2025-11-18T15:43:09","modified_gmt":"2025-11-18T18:43:09","slug":"castillo-gran-petaca-de-maquillaje-set-de-belleza","status":"publish","type":"product","link":"https:\/\/gamestore.com.uy\/store\/producto\/castillo-gran-petaca-de-maquillaje-set-de-belleza\/","title":{"rendered":"Castillo &#8211; Gran Petaca de Maquillaje &#8211; Set de Belleza"},"content":{"rendered":"<p>Es un set de maquillaje infantil con tem\u00e1tica de castillo de princesa.<br \/>\nEl set incluye una variedad de sombras de ojos, labiales y esmaltes de u\u00f1as, as\u00ed como accesorios.<br \/>\nEst\u00e1 dise\u00f1ado para ni\u00f1os mayores de 3 a\u00f1os<br \/>\nMedidas de la caja:40 x 30cms<\/p>\n","protected":false},"excerpt":{"rendered":"<p>Es un set de maquillaje infantil con tem\u00e1tica de castillo de princesa. El set incluye una variedad de sombras de ojos, labiales y esmaltes de u\u00f1as, as\u00ed como accesorios. Est\u00e1 dise\u00f1ado para ni\u00f1os mayores de 3 a\u00f1os Medidas de la caja:40 x 30cms<\/p>\n","protected":false},"featured_media":31978,"template":"","meta":[],"pwb-brand":[],"product_brand":[],"product_cat":[131,359],"product_tag":[754,758,1908,1907,572,1906,1392,1446,1085,547,893,570,901,573,950,763,571,1391],"class_list":{"0":"post-31977","1":"product","2":"type-product","3":"status-publish","4":"has-post-thumbnail","6":"product_cat-juguetes","7":"product_cat-oficios","8":"product_tag-belleza","9":"product_tag-brillos","10":"product_tag-cajita","11":"product_tag-castillo","12":"product_tag-esmaltes","13":"product_tag-juego-de-belleza","14":"product_tag-lapiz-labial","15":"product_tag-magical","16":"product_tag-magico","17":"product_tag-maquillaje","18":"product_tag-peluqueria","19":"product_tag-petaca","20":"product_tag-petacas","21":"product_tag-pinturas","22":"product_tag-princesa","23":"product_tag-princesas","24":"product_tag-sombras","25":"product_tag-unas","27":"first","28":"instock","29":"shipping-taxable","30":"purchasable","31":"product-type-simple"},"brands":[],"_links":{"self":[{"href":"https:\/\/gamestore.com.uy\/store\/wp-json\/wp\/v2\/product\/31977","targetHints":{"allow":["GET"]}}],"collection":[{"href":"https:\/\/gamestore.com.uy\/store\/wp-json\/wp\/v2\/product"}],"about":[{"href":"https:\/\/gamestore.com.uy\/store\/wp-json\/wp\/v2\/types\/product"}],"version-history":[{"count":1,"href":"https:\/\/gamestore.com.uy\/store\/wp-json\/wp\/v2\/product\/31977\/revisions"}],"predecessor-version":[{"id":31981,"href":"https:\/\/gamestore.com.uy\/store\/wp-json\/wp\/v2\/product\/31977\/revisions\/31981"}],"wp:featuredmedia":[{"embeddable":true,"href":"https:\/\/gamestore.com.uy\/store\/wp-json\/wp\/v2\/media\/31978"}],"wp:attachment":[{"href":"https:\/\/gamestore.com.uy\/store\/wp-json\/wp\/v2\/media?parent=31977"}],"wp:term":[{"taxonomy":"pwb-brand","embeddable":true,"href":"https:\/\/gamestore.com.uy\/store\/wp-json\/wp\/v2\/pwb-brand?post=31977"},{"taxonomy":"product_brand","embeddable":true,"href":"https:\/\/gamestore.com.uy\/store\/wp-json\/wp\/v2\/product_brand?post=31977"},{"taxonomy":"product_cat","embeddable":true,"href":"https:\/\/gamestore.com.uy\/store\/wp-json\/wp\/v2\/product_cat?post=31977"},{"taxonomy":"product_tag","embeddable":true,"href":"https:\/\/gamestore.com.uy\/store\/wp-json\/wp\/v2\/product_tag?post=31977"}],"curies":[{"name":"wp","href":"https:\/\/api.w.org\/{rel}","templated":true}]}}