{"id":32075,"date":"2025-11-20T13:31:52","date_gmt":"2025-11-20T16:31:52","guid":{"rendered":"https:\/\/gamestore.com.uy\/store\/?post_type=product&#038;p=32075"},"modified":"2026-02-28T18:36:24","modified_gmt":"2026-02-28T21:36:24","slug":"x-shot-infinity-mega-lanzador-motorizada-rafaga-72-dardos-tripode-y-mira-telescopica","status":"publish","type":"product","link":"https:\/\/gamestore.com.uy\/store\/producto\/x-shot-infinity-mega-lanzador-motorizada-rafaga-72-dardos-tripode-y-mira-telescopica\/","title":{"rendered":"X-Shot Infinity Mega Lanzador Motorizada R\u00e1faga 72 Dardos + Tr\u00edpode y Mira Telesc\u00f3pica"},"content":{"rendered":"<p>Lanzador de dardos motorizado X-Shot Insanity de ZURU con 72 dardos, potencia de disparo motorizada, cinta de alimentaci\u00f3n autom\u00e1tica, tr\u00edpode y mira telesc\u00f3pica.<\/p>\n","protected":false},"excerpt":{"rendered":"<p>Lanzador de dardos motorizado X-Shot Insanity de ZURU con 72 dardos, potencia de disparo motorizada, cinta de alimentaci\u00f3n autom\u00e1tica, tr\u00edpode y mira telesc\u00f3pica.<\/p>\n","protected":false},"featured_media":32082,"template":"","meta":[],"pwb-brand":[2075],"product_brand":[],"product_cat":[132,160,131],"product_tag":[724,343,334,313,309,1941,1943,722,333,329,341,337,342,338,308,349,1944,1220,1942,312,311,721],"class_list":{"0":"post-32075","1":"product","2":"type-product","3":"status-publish","4":"has-post-thumbnail","6":"pwb-brand-zuru","7":"product_cat-airelibre","8":"product_cat-armas-y-lanzadores","9":"product_cat-juguetes","10":"product_tag-armas","11":"product_tag-blaster","12":"product_tag-dardo","13":"product_tag-dardos","14":"product_tag-escopeta","15":"product_tag-fusil","16":"product_tag-infinity","17":"product_tag-lanza","18":"product_tag-lanzador","19":"product_tag-lanzadores","20":"product_tag-metralleta","21":"product_tag-mira","22":"product_tag-motorizada","23":"product_tag-motorizado","24":"product_tag-pistola","25":"product_tag-rafaga","26":"product_tag-telesc","27":"product_tag-tripode","28":"product_tag-x","29":"product_tag-x-shot","30":"product_tag-xshot","31":"product_tag-zuru","33":"first","34":"instock","35":"shipping-taxable","36":"purchasable","37":"product-type-simple"},"brands":[{"id":2075,"name":"ZURU","slug":"zuru"}],"_links":{"self":[{"href":"https:\/\/gamestore.com.uy\/store\/wp-json\/wp\/v2\/product\/32075","targetHints":{"allow":["GET"]}}],"collection":[{"href":"https:\/\/gamestore.com.uy\/store\/wp-json\/wp\/v2\/product"}],"about":[{"href":"https:\/\/gamestore.com.uy\/store\/wp-json\/wp\/v2\/types\/product"}],"version-history":[{"count":1,"href":"https:\/\/gamestore.com.uy\/store\/wp-json\/wp\/v2\/product\/32075\/revisions"}],"predecessor-version":[{"id":32083,"href":"https:\/\/gamestore.com.uy\/store\/wp-json\/wp\/v2\/product\/32075\/revisions\/32083"}],"wp:featuredmedia":[{"embeddable":true,"href":"https:\/\/gamestore.com.uy\/store\/wp-json\/wp\/v2\/media\/32082"}],"wp:attachment":[{"href":"https:\/\/gamestore.com.uy\/store\/wp-json\/wp\/v2\/media?parent=32075"}],"wp:term":[{"taxonomy":"pwb-brand","embeddable":true,"href":"https:\/\/gamestore.com.uy\/store\/wp-json\/wp\/v2\/pwb-brand?post=32075"},{"taxonomy":"product_brand","embeddable":true,"href":"https:\/\/gamestore.com.uy\/store\/wp-json\/wp\/v2\/product_brand?post=32075"},{"taxonomy":"product_cat","embeddable":true,"href":"https:\/\/gamestore.com.uy\/store\/wp-json\/wp\/v2\/product_cat?post=32075"},{"taxonomy":"product_tag","embeddable":true,"href":"https:\/\/gamestore.com.uy\/store\/wp-json\/wp\/v2\/product_tag?post=32075"}],"curies":[{"name":"wp","href":"https:\/\/api.w.org\/{rel}","templated":true}]}}