{"id":32397,"date":"2025-12-04T17:44:36","date_gmt":"2025-12-04T20:44:36","guid":{"rendered":"https:\/\/gamestore.com.uy\/store\/?post_type=product&#038;p=32397"},"modified":"2025-12-09T23:07:48","modified_gmt":"2025-12-10T02:07:48","slug":"tatuajes-temporales-de-glitter-kit-x-24-colores","status":"publish","type":"product","link":"https:\/\/gamestore.com.uy\/store\/producto\/tatuajes-temporales-de-glitter-kit-x-24-colores\/","title":{"rendered":"Tatuajes Temporales de Glitter Kit x 24 Colores"},"content":{"rendered":"<p>Kit de tatuaje temporal con purpurina para ni\u00f1os<\/p>\n<p>Incluye:<br \/>\n&#8211; 24 potes de polvo de purpurina<br \/>\n&#8211; 2 potes de pegamento<br \/>\n&#8211; 5 pinceles<br \/>\n&#8211; Diferentes plantillas de tatuaje<br \/>\nPuedes crear tatuajes brillantes en tu cara, mejillas, brazos y manos usando tus colores y patrones favoritos.<br \/>\nResistente al agua de larga duraci\u00f3n: estos polvos de tatuaje con purpurina y polvos de brillo nocturno son impermeables y permanecer\u00e1n en su piel durante aproximadamente 3-7 d\u00edas en condiciones normales y mantenimiento adecuado. Se puede quitar f\u00e1cilmente con jab\u00f3n o desmaquillante. No<\/p>\n","protected":false},"excerpt":{"rendered":"<p>Kit de tatuaje temporal con purpurina para ni\u00f1os Incluye: &#8211; 24 potes de polvo de purpurina &#8211; 2 potes de pegamento &#8211; 5 pinceles &#8211; Diferentes plantillas de tatuaje Puedes crear tatuajes brillantes en tu cara, mejillas, brazos y manos usando tus colores y patrones favoritos. Resistente al agua de larga duraci\u00f3n: estos polvos de [&hellip;]<\/p>\n","protected":false},"featured_media":32398,"template":"","meta":[],"pwb-brand":[],"product_brand":[],"product_cat":[131,359],"product_tag":[754,1964,1963,758,755,1906,547,1962,756,1385,1960,1106,1961,1393,1396],"class_list":{"0":"post-32397","1":"product","2":"type-product","3":"status-publish","4":"has-post-thumbnail","6":"product_cat-juguetes","7":"product_cat-oficios","8":"product_tag-belleza","9":"product_tag-brillantes","10":"product_tag-brillantina","11":"product_tag-brillos","12":"product_tag-cuerpo","13":"product_tag-juego-de-belleza","14":"product_tag-maquillaje","15":"product_tag-purpurina","16":"product_tag-rostro","17":"product_tag-stencil","18":"product_tag-tatto","19":"product_tag-tatuaje","20":"product_tag-tatuajes","21":"product_tag-temporal","22":"product_tag-temporales","24":"first","25":"instock","26":"shipping-taxable","27":"purchasable","28":"product-type-simple"},"brands":[],"_links":{"self":[{"href":"https:\/\/gamestore.com.uy\/store\/wp-json\/wp\/v2\/product\/32397","targetHints":{"allow":["GET"]}}],"collection":[{"href":"https:\/\/gamestore.com.uy\/store\/wp-json\/wp\/v2\/product"}],"about":[{"href":"https:\/\/gamestore.com.uy\/store\/wp-json\/wp\/v2\/types\/product"}],"version-history":[{"count":1,"href":"https:\/\/gamestore.com.uy\/store\/wp-json\/wp\/v2\/product\/32397\/revisions"}],"predecessor-version":[{"id":32400,"href":"https:\/\/gamestore.com.uy\/store\/wp-json\/wp\/v2\/product\/32397\/revisions\/32400"}],"wp:featuredmedia":[{"embeddable":true,"href":"https:\/\/gamestore.com.uy\/store\/wp-json\/wp\/v2\/media\/32398"}],"wp:attachment":[{"href":"https:\/\/gamestore.com.uy\/store\/wp-json\/wp\/v2\/media?parent=32397"}],"wp:term":[{"taxonomy":"pwb-brand","embeddable":true,"href":"https:\/\/gamestore.com.uy\/store\/wp-json\/wp\/v2\/pwb-brand?post=32397"},{"taxonomy":"product_brand","embeddable":true,"href":"https:\/\/gamestore.com.uy\/store\/wp-json\/wp\/v2\/product_brand?post=32397"},{"taxonomy":"product_cat","embeddable":true,"href":"https:\/\/gamestore.com.uy\/store\/wp-json\/wp\/v2\/product_cat?post=32397"},{"taxonomy":"product_tag","embeddable":true,"href":"https:\/\/gamestore.com.uy\/store\/wp-json\/wp\/v2\/product_tag?post=32397"}],"curies":[{"name":"wp","href":"https:\/\/api.w.org\/{rel}","templated":true}]}}