{"id":32430,"date":"2025-12-04T18:23:53","date_gmt":"2025-12-04T21:23:53","guid":{"rendered":"https:\/\/gamestore.com.uy\/store\/?post_type=product&#038;p=32430"},"modified":"2025-12-04T18:23:55","modified_gmt":"2025-12-04T21:23:55","slug":"camara-digital-infantil-con-impresora-rosada","status":"publish","type":"product","link":"https:\/\/gamestore.com.uy\/store\/producto\/camara-digital-infantil-con-impresora-rosada\/","title":{"rendered":"C\u00e1mara Digital Infantil con Impresora &#8211; Rosada"},"content":{"rendered":"<p>Camara de fotos impresi\u00f3n instant\u00e1nea infantil<br \/>\n24MP<br \/>\n5v<br \/>\nResoluci\u00f3n de video: 1080P, 720P<br \/>\nCapacidad de la bater\u00eda: 800 mAh<br \/>\nNo incluye memoria<\/p>\n","protected":false},"excerpt":{"rendered":"<p>Camara de fotos impresi\u00f3n instant\u00e1nea infantil 24MP 5v Resoluci\u00f3n de video: 1080P, 720P Capacidad de la bater\u00eda: 800 mAh No incluye memoria<\/p>\n","protected":false},"featured_media":32431,"template":"","meta":[],"pwb-brand":[],"product_brand":[],"product_cat":[131,359],"product_tag":[1094,1098,1099,1970,1092,1051,1969],"class_list":{"0":"post-32430","1":"product","2":"type-product","3":"status-publish","4":"has-post-thumbnail","6":"product_cat-juguetes","7":"product_cat-oficios","8":"product_tag-camara","9":"product_tag-camaras","10":"product_tag-digital","11":"product_tag-dihital","12":"product_tag-fotos","13":"product_tag-impresora","14":"product_tag-instantanea","16":"first","17":"instock","18":"shipping-taxable","19":"purchasable","20":"product-type-simple"},"brands":[],"_links":{"self":[{"href":"https:\/\/gamestore.com.uy\/store\/wp-json\/wp\/v2\/product\/32430","targetHints":{"allow":["GET"]}}],"collection":[{"href":"https:\/\/gamestore.com.uy\/store\/wp-json\/wp\/v2\/product"}],"about":[{"href":"https:\/\/gamestore.com.uy\/store\/wp-json\/wp\/v2\/types\/product"}],"version-history":[{"count":1,"href":"https:\/\/gamestore.com.uy\/store\/wp-json\/wp\/v2\/product\/32430\/revisions"}],"predecessor-version":[{"id":32446,"href":"https:\/\/gamestore.com.uy\/store\/wp-json\/wp\/v2\/product\/32430\/revisions\/32446"}],"wp:featuredmedia":[{"embeddable":true,"href":"https:\/\/gamestore.com.uy\/store\/wp-json\/wp\/v2\/media\/32431"}],"wp:attachment":[{"href":"https:\/\/gamestore.com.uy\/store\/wp-json\/wp\/v2\/media?parent=32430"}],"wp:term":[{"taxonomy":"pwb-brand","embeddable":true,"href":"https:\/\/gamestore.com.uy\/store\/wp-json\/wp\/v2\/pwb-brand?post=32430"},{"taxonomy":"product_brand","embeddable":true,"href":"https:\/\/gamestore.com.uy\/store\/wp-json\/wp\/v2\/product_brand?post=32430"},{"taxonomy":"product_cat","embeddable":true,"href":"https:\/\/gamestore.com.uy\/store\/wp-json\/wp\/v2\/product_cat?post=32430"},{"taxonomy":"product_tag","embeddable":true,"href":"https:\/\/gamestore.com.uy\/store\/wp-json\/wp\/v2\/product_tag?post=32430"}],"curies":[{"name":"wp","href":"https:\/\/api.w.org\/{rel}","templated":true}]}}