{"id":32477,"date":"2025-12-07T16:22:10","date_gmt":"2025-12-07T19:22:10","guid":{"rendered":"https:\/\/gamestore.com.uy\/store\/?post_type=product&#038;p=32477"},"modified":"2026-02-28T18:38:33","modified_gmt":"2026-02-28T21:38:33","slug":"muneca-diver-surprise-candy-helado-sorpresa-divertoy","status":"publish","type":"product","link":"https:\/\/gamestore.com.uy\/store\/producto\/muneca-diver-surprise-candy-helado-sorpresa-divertoy\/","title":{"rendered":"Mu\u00f1eca Diver Surprise Candy &#8211; Helado Sorpresa Divertoy"},"content":{"rendered":"<p>Hay 4 dise\u00f1os de mu\u00f1ecas diferentes, \u00a1y cada una incluye un regalo diferente! \u00c1brelas y descubre cu\u00e1l te toc\u00f3.<\/p>\n","protected":false},"excerpt":{"rendered":"<p>Hay 4 dise\u00f1os de mu\u00f1ecas diferentes, \u00a1y cada una incluye un regalo diferente! \u00c1brelas y descubre cu\u00e1l te toc\u00f3.<\/p>\n","protected":false},"featured_media":32478,"template":"","meta":[],"pwb-brand":[2078,687,686,2075],"product_brand":[],"product_cat":[274,131,135],"product_tag":[435,1518,1977,1978,692,672,192,671,710],"class_list":{"0":"post-32477","1":"product","2":"type-product","3":"status-publish","4":"has-post-thumbnail","6":"pwb-brand-5-surprise","7":"pwb-brand-diver-surprise","8":"pwb-brand-diver-toys","9":"pwb-brand-zuru","10":"product_cat-accesorios","11":"product_cat-juguetes","12":"product_cat-muniecos","13":"product_tag-bebe","14":"product_tag-capsula","15":"product_tag-gona","16":"product_tag-hermosa","17":"product_tag-huevo","18":"product_tag-huevos","19":"product_tag-munecas","20":"product_tag-sorpresa","21":"product_tag-sorpresas","23":"first","24":"instock","25":"shipping-taxable","26":"purchasable","27":"product-type-simple"},"brands":[{"id":2078,"name":"5 SURPRISE","slug":"5-surprise"},{"id":687,"name":"DIVER SURPRISE","slug":"diver-surprise"},{"id":686,"name":"DIVER TOYS","slug":"diver-toys"},{"id":2075,"name":"ZURU","slug":"zuru"}],"_links":{"self":[{"href":"https:\/\/gamestore.com.uy\/store\/wp-json\/wp\/v2\/product\/32477","targetHints":{"allow":["GET"]}}],"collection":[{"href":"https:\/\/gamestore.com.uy\/store\/wp-json\/wp\/v2\/product"}],"about":[{"href":"https:\/\/gamestore.com.uy\/store\/wp-json\/wp\/v2\/types\/product"}],"version-history":[{"count":1,"href":"https:\/\/gamestore.com.uy\/store\/wp-json\/wp\/v2\/product\/32477\/revisions"}],"predecessor-version":[{"id":32485,"href":"https:\/\/gamestore.com.uy\/store\/wp-json\/wp\/v2\/product\/32477\/revisions\/32485"}],"wp:featuredmedia":[{"embeddable":true,"href":"https:\/\/gamestore.com.uy\/store\/wp-json\/wp\/v2\/media\/32478"}],"wp:attachment":[{"href":"https:\/\/gamestore.com.uy\/store\/wp-json\/wp\/v2\/media?parent=32477"}],"wp:term":[{"taxonomy":"pwb-brand","embeddable":true,"href":"https:\/\/gamestore.com.uy\/store\/wp-json\/wp\/v2\/pwb-brand?post=32477"},{"taxonomy":"product_brand","embeddable":true,"href":"https:\/\/gamestore.com.uy\/store\/wp-json\/wp\/v2\/product_brand?post=32477"},{"taxonomy":"product_cat","embeddable":true,"href":"https:\/\/gamestore.com.uy\/store\/wp-json\/wp\/v2\/product_cat?post=32477"},{"taxonomy":"product_tag","embeddable":true,"href":"https:\/\/gamestore.com.uy\/store\/wp-json\/wp\/v2\/product_tag?post=32477"}],"curies":[{"name":"wp","href":"https:\/\/api.w.org\/{rel}","templated":true}]}}