{"id":32750,"date":"2025-12-10T22:50:11","date_gmt":"2025-12-11T01:50:11","guid":{"rendered":"https:\/\/gamestore.com.uy\/store\/?post_type=product&#038;p=32750"},"modified":"2025-12-10T22:50:13","modified_gmt":"2025-12-11T01:50:13","slug":"mini-consola-de-juegos-tipo-arcade-infantil","status":"publish","type":"product","link":"https:\/\/gamestore.com.uy\/store\/producto\/mini-consola-de-juegos-tipo-arcade-infantil\/","title":{"rendered":"Mini Consola de Juegos Tipo Arcade Infantil"},"content":{"rendered":"<p>Mini consola de juegos tipo arcade de juguete, que viene con 49 juegos y 1676 niveles incorporado<br \/>\nEs de escritorio dise\u00f1ado para parecer una m\u00e1quina arcade cl\u00e1sica<\/p>\n","protected":false},"excerpt":{"rendered":"<p>Mini consola de juegos tipo arcade de juguete, que viene con 49 juegos y 1676 niveles incorporado Es de escritorio dise\u00f1ado para parecer una m\u00e1quina arcade cl\u00e1sica<\/p>\n","protected":false},"featured_media":32751,"template":"","meta":[],"pwb-brand":[],"product_brand":[],"product_cat":[136,131,497],"product_tag":[2007,999,2008,1225,839,2006,997,998],"class_list":{"0":"post-32750","1":"product","2":"type-product","3":"status-publish","4":"has-post-thumbnail","6":"product_cat-coleccionables","7":"product_cat-juguetes","8":"product_cat-otras-consolas","9":"product_tag-arcade","10":"product_tag-consola","11":"product_tag-nes","12":"product_tag-portatil","13":"product_tag-retro","14":"product_tag-tetris","15":"product_tag-video-juegos","16":"product_tag-videojuegos","18":"first","19":"instock","20":"shipping-taxable","21":"purchasable","22":"product-type-simple"},"brands":[],"_links":{"self":[{"href":"https:\/\/gamestore.com.uy\/store\/wp-json\/wp\/v2\/product\/32750","targetHints":{"allow":["GET"]}}],"collection":[{"href":"https:\/\/gamestore.com.uy\/store\/wp-json\/wp\/v2\/product"}],"about":[{"href":"https:\/\/gamestore.com.uy\/store\/wp-json\/wp\/v2\/types\/product"}],"version-history":[{"count":1,"href":"https:\/\/gamestore.com.uy\/store\/wp-json\/wp\/v2\/product\/32750\/revisions"}],"predecessor-version":[{"id":32756,"href":"https:\/\/gamestore.com.uy\/store\/wp-json\/wp\/v2\/product\/32750\/revisions\/32756"}],"wp:featuredmedia":[{"embeddable":true,"href":"https:\/\/gamestore.com.uy\/store\/wp-json\/wp\/v2\/media\/32751"}],"wp:attachment":[{"href":"https:\/\/gamestore.com.uy\/store\/wp-json\/wp\/v2\/media?parent=32750"}],"wp:term":[{"taxonomy":"pwb-brand","embeddable":true,"href":"https:\/\/gamestore.com.uy\/store\/wp-json\/wp\/v2\/pwb-brand?post=32750"},{"taxonomy":"product_brand","embeddable":true,"href":"https:\/\/gamestore.com.uy\/store\/wp-json\/wp\/v2\/product_brand?post=32750"},{"taxonomy":"product_cat","embeddable":true,"href":"https:\/\/gamestore.com.uy\/store\/wp-json\/wp\/v2\/product_cat?post=32750"},{"taxonomy":"product_tag","embeddable":true,"href":"https:\/\/gamestore.com.uy\/store\/wp-json\/wp\/v2\/product_tag?post=32750"}],"curies":[{"name":"wp","href":"https:\/\/api.w.org\/{rel}","templated":true}]}}