{"id":32807,"date":"2025-12-10T23:42:09","date_gmt":"2025-12-11T02:42:09","guid":{"rendered":"https:\/\/gamestore.com.uy\/store\/?post_type=product&#038;p=32807"},"modified":"2026-02-28T15:55:06","modified_gmt":"2026-02-28T18:55:06","slug":"gecko-a-control-remoto-trepador-de-paredes","status":"publish","type":"product","link":"https:\/\/gamestore.com.uy\/store\/producto\/gecko-a-control-remoto-trepador-de-paredes\/","title":{"rendered":"Gecko a Control Remoto &#8211; Trepador de Paredes"},"content":{"rendered":"<p>Dise\u00f1o realista con ojos LED iluminados y una cola y extremidades de silicona para movimientos aut\u00e9nticos.<br \/>\nTecnolog\u00eda de succi\u00f3n que le permite moverse por el suelo, trepar paredes, ventanas y techos lisos.<br \/>\nControl remoto de funci\u00f3n completa con un alcance de aproximadamente 8 metros.<br \/>\nEl cuerpo del geco es recargable mediante USB (cable incluido), mientras que el mando requiere 2 pilas AAA (no incluidas).<\/p>\n","protected":false},"excerpt":{"rendered":"<p>Dise\u00f1o realista con ojos LED iluminados y una cola y extremidades de silicona para movimientos aut\u00e9nticos. Tecnolog\u00eda de succi\u00f3n que le permite moverse por el suelo, trepar paredes, ventanas y techos lisos. Control remoto de funci\u00f3n completa con un alcance de aproximadamente 8 metros. El cuerpo del geco es recargable mediante USB (cable incluido), mientras [&hellip;]<\/p>\n","protected":false},"featured_media":32809,"template":"","meta":[],"pwb-brand":[],"product_brand":[],"product_cat":[131,135,266],"product_tag":[733,1575,1574,2024,735,734,1916,2023,2025],"class_list":{"0":"post-32807","1":"product","2":"type-product","3":"status-publish","4":"has-post-thumbnail","6":"product_cat-juguetes","7":"product_cat-muniecos","8":"product_cat-robots","9":"product_tag-control","10":"product_tag-lagartija","11":"product_tag-lagarto","12":"product_tag-pared","13":"product_tag-radiocontrolado","14":"product_tag-remoto","15":"product_tag-reptil","16":"product_tag-trepador","17":"product_tag-verde","19":"first","20":"instock","21":"shipping-taxable","22":"purchasable","23":"product-type-simple"},"brands":[],"_links":{"self":[{"href":"https:\/\/gamestore.com.uy\/store\/wp-json\/wp\/v2\/product\/32807","targetHints":{"allow":["GET"]}}],"collection":[{"href":"https:\/\/gamestore.com.uy\/store\/wp-json\/wp\/v2\/product"}],"about":[{"href":"https:\/\/gamestore.com.uy\/store\/wp-json\/wp\/v2\/types\/product"}],"version-history":[{"count":1,"href":"https:\/\/gamestore.com.uy\/store\/wp-json\/wp\/v2\/product\/32807\/revisions"}],"predecessor-version":[{"id":32811,"href":"https:\/\/gamestore.com.uy\/store\/wp-json\/wp\/v2\/product\/32807\/revisions\/32811"}],"wp:featuredmedia":[{"embeddable":true,"href":"https:\/\/gamestore.com.uy\/store\/wp-json\/wp\/v2\/media\/32809"}],"wp:attachment":[{"href":"https:\/\/gamestore.com.uy\/store\/wp-json\/wp\/v2\/media?parent=32807"}],"wp:term":[{"taxonomy":"pwb-brand","embeddable":true,"href":"https:\/\/gamestore.com.uy\/store\/wp-json\/wp\/v2\/pwb-brand?post=32807"},{"taxonomy":"product_brand","embeddable":true,"href":"https:\/\/gamestore.com.uy\/store\/wp-json\/wp\/v2\/product_brand?post=32807"},{"taxonomy":"product_cat","embeddable":true,"href":"https:\/\/gamestore.com.uy\/store\/wp-json\/wp\/v2\/product_cat?post=32807"},{"taxonomy":"product_tag","embeddable":true,"href":"https:\/\/gamestore.com.uy\/store\/wp-json\/wp\/v2\/product_tag?post=32807"}],"curies":[{"name":"wp","href":"https:\/\/api.w.org\/{rel}","templated":true}]}}