{"id":32828,"date":"2025-12-11T00:12:30","date_gmt":"2025-12-11T03:12:30","guid":{"rendered":"https:\/\/gamestore.com.uy\/store\/?post_type=product&#038;p=32828"},"modified":"2025-12-11T00:12:31","modified_gmt":"2025-12-11T03:12:31","slug":"rompecabezas-electronico-estrategia-ingenio-razonamiento-logico","status":"publish","type":"product","link":"https:\/\/gamestore.com.uy\/store\/producto\/rompecabezas-electronico-estrategia-ingenio-razonamiento-logico\/","title":{"rendered":"Rompecabezas Electr\u00f3nico Estrategia, Ingenio Razonamiento L\u00f3gico"},"content":{"rendered":"<p>Es un rompecabezas electr\u00f3nico deslizante port\u00e1til dise\u00f1ado para desarrollar el pensamiento l\u00f3gico y las habilidades de razonamiento estrat\u00e9gico.<br \/>\nutiliza inteligencia artificial (IA) para proponer y resolver desaf\u00edos<br \/>\nIncluye varios niveles y desafios<br \/>\nefectos de sonido y pantalla integrada<\/p>\n","protected":false},"excerpt":{"rendered":"<p>Es un rompecabezas electr\u00f3nico deslizante port\u00e1til dise\u00f1ado para desarrollar el pensamiento l\u00f3gico y las habilidades de razonamiento estrat\u00e9gico. utiliza inteligencia artificial (IA) para proponer y resolver desaf\u00edos Incluye varios niveles y desafios efectos de sonido y pantalla integrada<\/p>\n","protected":false},"featured_media":32829,"template":"","meta":[],"pwb-brand":[],"product_brand":[],"product_cat":[174,158,133,131],"product_tag":[1055,1054,2021,1746,582,241,783,1529],"class_list":{"0":"post-32828","1":"product","2":"type-product","3":"status-publish","4":"has-post-thumbnail","6":"product_cat-didacticos","7":"product_cat-educativos","8":"product_cat-juegos-mesa","9":"product_cat-juguetes","10":"product_tag-cognitivo","11":"product_tag-desarrollo","12":"product_tag-desarrollo-cognitivo","13":"product_tag-estrategia","14":"product_tag-ingenio","15":"product_tag-juego","16":"product_tag-juegos","17":"product_tag-logica","19":"first","20":"instock","21":"shipping-taxable","22":"purchasable","23":"product-type-simple"},"brands":[],"_links":{"self":[{"href":"https:\/\/gamestore.com.uy\/store\/wp-json\/wp\/v2\/product\/32828","targetHints":{"allow":["GET"]}}],"collection":[{"href":"https:\/\/gamestore.com.uy\/store\/wp-json\/wp\/v2\/product"}],"about":[{"href":"https:\/\/gamestore.com.uy\/store\/wp-json\/wp\/v2\/types\/product"}],"version-history":[{"count":1,"href":"https:\/\/gamestore.com.uy\/store\/wp-json\/wp\/v2\/product\/32828\/revisions"}],"predecessor-version":[{"id":32830,"href":"https:\/\/gamestore.com.uy\/store\/wp-json\/wp\/v2\/product\/32828\/revisions\/32830"}],"wp:featuredmedia":[{"embeddable":true,"href":"https:\/\/gamestore.com.uy\/store\/wp-json\/wp\/v2\/media\/32829"}],"wp:attachment":[{"href":"https:\/\/gamestore.com.uy\/store\/wp-json\/wp\/v2\/media?parent=32828"}],"wp:term":[{"taxonomy":"pwb-brand","embeddable":true,"href":"https:\/\/gamestore.com.uy\/store\/wp-json\/wp\/v2\/pwb-brand?post=32828"},{"taxonomy":"product_brand","embeddable":true,"href":"https:\/\/gamestore.com.uy\/store\/wp-json\/wp\/v2\/product_brand?post=32828"},{"taxonomy":"product_cat","embeddable":true,"href":"https:\/\/gamestore.com.uy\/store\/wp-json\/wp\/v2\/product_cat?post=32828"},{"taxonomy":"product_tag","embeddable":true,"href":"https:\/\/gamestore.com.uy\/store\/wp-json\/wp\/v2\/product_tag?post=32828"}],"curies":[{"name":"wp","href":"https:\/\/api.w.org\/{rel}","templated":true}]}}