{"id":33129,"date":"2025-12-30T18:17:05","date_gmt":"2025-12-30T21:17:05","guid":{"rendered":"https:\/\/gamestore.com.uy\/store\/?post_type=product&#038;p=33129"},"modified":"2025-12-30T18:17:07","modified_gmt":"2025-12-30T21:17:07","slug":"mi-primer-juego-dadado-textura-primera-infancia-18-meses","status":"publish","type":"product","link":"https:\/\/gamestore.com.uy\/store\/producto\/mi-primer-juego-dadado-textura-primera-infancia-18-meses\/","title":{"rendered":"Mi Primer Juego DADADO Textura Primera Infancia 18 Meses"},"content":{"rendered":"<p>DADADO<br \/>\nUn primer juego para usar desde los 18 meses en adelante. Contiene un dado gigante suave y blandito con 6 colores diferentes y un mazo de cartas por cada color.<br \/>\nCada color representa una categor\u00eda para jugar y aprender: partes del cuerpo, emociones, colores, n\u00fameros, lugares de la casa, sonidos de animales, etc. Desarrolla habilidades motoras, el lenguaje, la comunicaci\u00f3n, la coordinaci\u00f3n, la memoria, la atenci\u00f3n, la imaginaci\u00f3n, y mucho m\u00e1s.<br \/>\nCon 4 formas diferentes de jugar y reglas simples y flexibles, DA DA DO es diversi\u00f3n garantizada para toda la familia.<\/p>\n","protected":false},"excerpt":{"rendered":"<p>DADADO Un primer juego para usar desde los 18 meses en adelante. Contiene un dado gigante suave y blandito con 6 colores diferentes y un mazo de cartas por cada color. Cada color representa una categor\u00eda para jugar y aprender: partes del cuerpo, emociones, colores, n\u00fameros, lugares de la casa, sonidos de animales, etc. Desarrolla [&hellip;]<\/p>\n","protected":false},"featured_media":33130,"template":"","meta":[],"pwb-brand":[],"product_brand":[],"product_cat":[133,131,134],"product_tag":[435,1484,597,2039],"class_list":{"0":"post-33129","1":"product","2":"type-product","3":"status-publish","4":"has-post-thumbnail","6":"product_cat-juegos-mesa","7":"product_cat-juguetes","8":"product_cat-juguetesbb","9":"product_tag-bebe","10":"product_tag-juegos-de-mesa","11":"product_tag-primera-infancia","12":"product_tag-texturas","14":"first","15":"instock","16":"shipping-taxable","17":"purchasable","18":"product-type-simple"},"brands":[],"_links":{"self":[{"href":"https:\/\/gamestore.com.uy\/store\/wp-json\/wp\/v2\/product\/33129","targetHints":{"allow":["GET"]}}],"collection":[{"href":"https:\/\/gamestore.com.uy\/store\/wp-json\/wp\/v2\/product"}],"about":[{"href":"https:\/\/gamestore.com.uy\/store\/wp-json\/wp\/v2\/types\/product"}],"version-history":[{"count":1,"href":"https:\/\/gamestore.com.uy\/store\/wp-json\/wp\/v2\/product\/33129\/revisions"}],"predecessor-version":[{"id":33131,"href":"https:\/\/gamestore.com.uy\/store\/wp-json\/wp\/v2\/product\/33129\/revisions\/33131"}],"wp:featuredmedia":[{"embeddable":true,"href":"https:\/\/gamestore.com.uy\/store\/wp-json\/wp\/v2\/media\/33130"}],"wp:attachment":[{"href":"https:\/\/gamestore.com.uy\/store\/wp-json\/wp\/v2\/media?parent=33129"}],"wp:term":[{"taxonomy":"pwb-brand","embeddable":true,"href":"https:\/\/gamestore.com.uy\/store\/wp-json\/wp\/v2\/pwb-brand?post=33129"},{"taxonomy":"product_brand","embeddable":true,"href":"https:\/\/gamestore.com.uy\/store\/wp-json\/wp\/v2\/product_brand?post=33129"},{"taxonomy":"product_cat","embeddable":true,"href":"https:\/\/gamestore.com.uy\/store\/wp-json\/wp\/v2\/product_cat?post=33129"},{"taxonomy":"product_tag","embeddable":true,"href":"https:\/\/gamestore.com.uy\/store\/wp-json\/wp\/v2\/product_tag?post=33129"}],"curies":[{"name":"wp","href":"https:\/\/api.w.org\/{rel}","templated":true}]}}