{"id":33161,"date":"2025-12-30T19:09:51","date_gmt":"2025-12-30T22:09:51","guid":{"rendered":"https:\/\/gamestore.com.uy\/store\/?post_type=product&#038;p=33161"},"modified":"2025-12-30T19:09:52","modified_gmt":"2025-12-30T22:09:52","slug":"detectives-silabas-aprende-jugando","status":"publish","type":"product","link":"https:\/\/gamestore.com.uy\/store\/producto\/detectives-silabas-aprende-jugando\/","title":{"rendered":"Detectives S\u00edlabas Aprende Jugando"},"content":{"rendered":"<p>Explora las diferentes etapas del proceso de lecto-escritura, reforzando la conciencia fon\u00e9mica a trav\u00e9s de una serie de experiencias significativas, que le permitir\u00e1n tener un proceso de lectura inicial exitoso.<\/p>\n<p>Este juego educativo, refuerza habilidades visuales, auditivas, de memoria y comunicativas.<\/p>\n<p>CONTENIDO:<br \/>\n\u2013 36 tarjetas de retos<br \/>\n\u2013 15 cartas de misiones<br \/>\n\u2013 4 credenciales de detectives<br \/>\n\u2013 114 fichas de s\u00edlabas<br \/>\n\u2013 1 silabario<br \/>\n\u2013 12 cartas de palabrotas<\/p>\n","protected":false},"excerpt":{"rendered":"<p>Explora las diferentes etapas del proceso de lecto-escritura, reforzando la conciencia fon\u00e9mica a trav\u00e9s de una serie de experiencias significativas, que le permitir\u00e1n tener un proceso de lectura inicial exitoso. Este juego educativo, refuerza habilidades visuales, auditivas, de memoria y comunicativas. CONTENIDO: \u2013 36 tarjetas de retos \u2013 15 cartas de misiones \u2013 4 credenciales [&hellip;]<\/p>\n","protected":false},"featured_media":33162,"template":"","meta":[],"pwb-brand":[],"product_brand":[],"product_cat":[174,133,131],"product_tag":[802,633,1741],"class_list":{"0":"post-33161","1":"product","2":"type-product","3":"status-publish","4":"has-post-thumbnail","6":"product_cat-didacticos","7":"product_cat-juegos-mesa","8":"product_cat-juguetes","9":"product_tag-aprende","10":"product_tag-lectura","11":"product_tag-silabas","13":"first","14":"instock","15":"shipping-taxable","16":"purchasable","17":"product-type-simple"},"brands":[],"_links":{"self":[{"href":"https:\/\/gamestore.com.uy\/store\/wp-json\/wp\/v2\/product\/33161","targetHints":{"allow":["GET"]}}],"collection":[{"href":"https:\/\/gamestore.com.uy\/store\/wp-json\/wp\/v2\/product"}],"about":[{"href":"https:\/\/gamestore.com.uy\/store\/wp-json\/wp\/v2\/types\/product"}],"version-history":[{"count":1,"href":"https:\/\/gamestore.com.uy\/store\/wp-json\/wp\/v2\/product\/33161\/revisions"}],"predecessor-version":[{"id":33165,"href":"https:\/\/gamestore.com.uy\/store\/wp-json\/wp\/v2\/product\/33161\/revisions\/33165"}],"wp:featuredmedia":[{"embeddable":true,"href":"https:\/\/gamestore.com.uy\/store\/wp-json\/wp\/v2\/media\/33162"}],"wp:attachment":[{"href":"https:\/\/gamestore.com.uy\/store\/wp-json\/wp\/v2\/media?parent=33161"}],"wp:term":[{"taxonomy":"pwb-brand","embeddable":true,"href":"https:\/\/gamestore.com.uy\/store\/wp-json\/wp\/v2\/pwb-brand?post=33161"},{"taxonomy":"product_brand","embeddable":true,"href":"https:\/\/gamestore.com.uy\/store\/wp-json\/wp\/v2\/product_brand?post=33161"},{"taxonomy":"product_cat","embeddable":true,"href":"https:\/\/gamestore.com.uy\/store\/wp-json\/wp\/v2\/product_cat?post=33161"},{"taxonomy":"product_tag","embeddable":true,"href":"https:\/\/gamestore.com.uy\/store\/wp-json\/wp\/v2\/product_tag?post=33161"}],"curies":[{"name":"wp","href":"https:\/\/api.w.org\/{rel}","templated":true}]}}