{"id":33169,"date":"2025-12-30T19:34:56","date_gmt":"2025-12-30T22:34:56","guid":{"rendered":"https:\/\/gamestore.com.uy\/store\/?post_type=product&#038;p=33169"},"modified":"2025-12-30T19:34:57","modified_gmt":"2025-12-30T22:34:57","slug":"set-musical-bateria-pianito-microfono-luces","status":"publish","type":"product","link":"https:\/\/gamestore.com.uy\/store\/producto\/set-musical-bateria-pianito-microfono-luces\/","title":{"rendered":"Set Musical Bater\u00eda Pianito Microfono Luces"},"content":{"rendered":"<p>\u00a1Deja que tus peque\u00f1os exploren el mundo de la m\u00fasica con el divertido Set de Bater\u00eda Play &#038; Learn! Este set de bater\u00eda de juguete est\u00e1 dise\u00f1ado para introducir a los ni\u00f1os en el ritmo y la melod\u00eda, mientras desarrollan habilidades motoras y cognitivas. Con sonidos realistas y funciones interactivas, este set es perfecto para fomentar la creatividad y el amor por la m\u00fasica.<\/p>\n","protected":false},"excerpt":{"rendered":"<p>\u00a1Deja que tus peque\u00f1os exploren el mundo de la m\u00fasica con el divertido Set de Bater\u00eda Play &#038; Learn! Este set de bater\u00eda de juguete est\u00e1 dise\u00f1ado para introducir a los ni\u00f1os en el ritmo y la melod\u00eda, mientras desarrollan habilidades motoras y cognitivas. Con sonidos realistas y funciones interactivas, este set es perfecto para [&hellip;]<\/p>\n","protected":false},"featured_media":33170,"template":"","meta":[],"pwb-brand":[],"product_brand":[],"product_cat":[131,134],"product_tag":[435,432,433,434,597,316],"class_list":{"0":"post-33169","1":"product","2":"type-product","3":"status-publish","4":"has-post-thumbnail","6":"product_cat-juguetes","7":"product_cat-juguetesbb","8":"product_tag-bebe","9":"product_tag-musica","10":"product_tag-musical","11":"product_tag-piano","12":"product_tag-primera-infancia","13":"product_tag-tambor","15":"first","16":"instock","17":"shipping-taxable","18":"purchasable","19":"product-type-simple"},"brands":[],"_links":{"self":[{"href":"https:\/\/gamestore.com.uy\/store\/wp-json\/wp\/v2\/product\/33169","targetHints":{"allow":["GET"]}}],"collection":[{"href":"https:\/\/gamestore.com.uy\/store\/wp-json\/wp\/v2\/product"}],"about":[{"href":"https:\/\/gamestore.com.uy\/store\/wp-json\/wp\/v2\/types\/product"}],"version-history":[{"count":1,"href":"https:\/\/gamestore.com.uy\/store\/wp-json\/wp\/v2\/product\/33169\/revisions"}],"predecessor-version":[{"id":33172,"href":"https:\/\/gamestore.com.uy\/store\/wp-json\/wp\/v2\/product\/33169\/revisions\/33172"}],"wp:featuredmedia":[{"embeddable":true,"href":"https:\/\/gamestore.com.uy\/store\/wp-json\/wp\/v2\/media\/33170"}],"wp:attachment":[{"href":"https:\/\/gamestore.com.uy\/store\/wp-json\/wp\/v2\/media?parent=33169"}],"wp:term":[{"taxonomy":"pwb-brand","embeddable":true,"href":"https:\/\/gamestore.com.uy\/store\/wp-json\/wp\/v2\/pwb-brand?post=33169"},{"taxonomy":"product_brand","embeddable":true,"href":"https:\/\/gamestore.com.uy\/store\/wp-json\/wp\/v2\/product_brand?post=33169"},{"taxonomy":"product_cat","embeddable":true,"href":"https:\/\/gamestore.com.uy\/store\/wp-json\/wp\/v2\/product_cat?post=33169"},{"taxonomy":"product_tag","embeddable":true,"href":"https:\/\/gamestore.com.uy\/store\/wp-json\/wp\/v2\/product_tag?post=33169"}],"curies":[{"name":"wp","href":"https:\/\/api.w.org\/{rel}","templated":true}]}}