{"id":34189,"date":"2026-03-06T10:34:49","date_gmt":"2026-03-06T13:34:49","guid":{"rendered":"https:\/\/gamestore.com.uy\/store\/?post_type=product&#038;p=34189"},"modified":"2026-03-06T10:36:55","modified_gmt":"2026-03-06T13:36:55","slug":"hister-el-juego-de-los-grandes-exitos-musicales-juego-de-mesa-adultos","status":"publish","type":"product","link":"https:\/\/gamestore.com.uy\/store\/producto\/hister-el-juego-de-los-grandes-exitos-musicales-juego-de-mesa-adultos\/","title":{"rendered":"Hister El juego de los Grandes Exitos Musicales Juego de Mesa Adultos"},"content":{"rendered":"<p>EL MEJOR JUEGO PARA FIESTAS: Convierte cualquier reuni\u00f3n en una experiencia inolvidable con Hitster, \u00a1un emocionante juego de fiesta para adultos que combina m\u00fasica y diversi\u00f3n! Disfruta de m\u00e1s de 300 \u00e9xitos ic\u00f3nicos de los \u00faltimos 100 a\u00f1os<br \/>\nPON A PRUEBA TUS CONOCIMIENTOS MUSICALES: No tienes que ser un experto en m\u00fasica para jugar y ganar. Ponte competitivo, adivina el a\u00f1o de lanzamiento, los artistas y los t\u00edtulos para crear tu l\u00ednea de tiempo musical y mostrar tus habilidades<br \/>\nConfiguraci\u00f3n r\u00e1pida y f\u00e1cil: comienza la diversi\u00f3n en poco tiempo, simplemente elige una tarjeta de m\u00fasica, escanea el c\u00f3digo QR en la aplicaci\u00f3n gratuita Hitster y lleva la fiesta al siguiente nivel, con risas, cantos y recuerdos para apreciar<br \/>\nTODO LO QUE NECESITAS: Desempaca el paquete de entretenimiento definitivo, Hitster incluye m\u00faltiples opciones de juego, 308 tarjetas de m\u00fasica con c\u00f3digos QR, 37 fichas para aumentar las posibilidades de ganar e instrucciones \u00fatiles para un juego sin problemas<br \/>\nPARA LA MEJOR EXPERIENCIA: Recomendamos usar Spotify Premium para que todos puedan jugar juntos. Si usas Spotify Free, un jugador act\u00faa como DJ o los jugadores deben tomar turnos para escanear las cartas y reproducir una canci\u00f3n<\/p>\n","protected":false},"excerpt":{"rendered":"<p>EL MEJOR JUEGO PARA FIESTAS: Convierte cualquier reuni\u00f3n en una experiencia inolvidable con Hitster, \u00a1un emocionante juego de fiesta para adultos que combina m\u00fasica y diversi\u00f3n! Disfruta de m\u00e1s de 300 \u00e9xitos ic\u00f3nicos de los \u00faltimos 100 a\u00f1os PON A PRUEBA TUS CONOCIMIENTOS MUSICALES: No tienes que ser un experto en m\u00fasica para jugar y [&hellip;]<\/p>\n","protected":false},"featured_media":34190,"template":"","meta":[],"pwb-brand":[],"product_brand":[],"product_cat":[522,133],"product_tag":[2090,992,2091,137,2083,2092,2088,2085,154,1972,396,432,778,2084,2089,2086,2087,2093,2094],"class_list":{"0":"post-34189","1":"product","2":"type-product","3":"status-publish","4":"has-post-thumbnail","6":"product_cat-banner","7":"product_cat-juegos-mesa","8":"product_tag-adulto","9":"product_tag-cancion","10":"product_tag-canciones","11":"product_tag-cartas","12":"product_tag-conocimiento","13":"product_tag-exitos","14":"product_tag-fiestas","15":"product_tag-joda","16":"product_tag-juego-de-mesa","17":"product_tag-juegos-para-adultos","18":"product_tag-mesa","19":"product_tag-musica","20":"product_tag-musicales","21":"product_tag-previa","22":"product_tag-previas","23":"product_tag-reunion","24":"product_tag-reuniones","25":"product_tag-sonar","26":"product_tag-spotify","28":"first","29":"instock","30":"shipping-taxable","31":"purchasable","32":"product-type-simple"},"brands":[],"_links":{"self":[{"href":"https:\/\/gamestore.com.uy\/store\/wp-json\/wp\/v2\/product\/34189","targetHints":{"allow":["GET"]}}],"collection":[{"href":"https:\/\/gamestore.com.uy\/store\/wp-json\/wp\/v2\/product"}],"about":[{"href":"https:\/\/gamestore.com.uy\/store\/wp-json\/wp\/v2\/types\/product"}],"version-history":[{"count":1,"href":"https:\/\/gamestore.com.uy\/store\/wp-json\/wp\/v2\/product\/34189\/revisions"}],"predecessor-version":[{"id":34200,"href":"https:\/\/gamestore.com.uy\/store\/wp-json\/wp\/v2\/product\/34189\/revisions\/34200"}],"wp:featuredmedia":[{"embeddable":true,"href":"https:\/\/gamestore.com.uy\/store\/wp-json\/wp\/v2\/media\/34190"}],"wp:attachment":[{"href":"https:\/\/gamestore.com.uy\/store\/wp-json\/wp\/v2\/media?parent=34189"}],"wp:term":[{"taxonomy":"pwb-brand","embeddable":true,"href":"https:\/\/gamestore.com.uy\/store\/wp-json\/wp\/v2\/pwb-brand?post=34189"},{"taxonomy":"product_brand","embeddable":true,"href":"https:\/\/gamestore.com.uy\/store\/wp-json\/wp\/v2\/product_brand?post=34189"},{"taxonomy":"product_cat","embeddable":true,"href":"https:\/\/gamestore.com.uy\/store\/wp-json\/wp\/v2\/product_cat?post=34189"},{"taxonomy":"product_tag","embeddable":true,"href":"https:\/\/gamestore.com.uy\/store\/wp-json\/wp\/v2\/product_tag?post=34189"}],"curies":[{"name":"wp","href":"https:\/\/api.w.org\/{rel}","templated":true}]}}